{"id":9113,"date":"2023-10-12T07:13:00","date_gmt":"2023-10-12T04:13:00","guid":{"rendered":"https:\/\/ankaraseramik.com\/%d8%a7%d8%aa%d8%b5%d9%84-%d8%a8%d9%86%d8%a7\/"},"modified":"2024-08-28T16:20:46","modified_gmt":"2024-08-28T13:20:46","slug":"%d8%a7%d8%aa%d8%b5%d9%84-%d8%a8%d9%86%d8%a7","status":"publish","type":"page","link":"https:\/\/ankaraseramik.com\/ar\/%d8%a7%d8%aa%d8%b5%d9%84-%d8%a8%d9%86%d8%a7\/","title":{"rendered":"\u0627\u062a\u0635\u0644 \u0628\u0646\u0627"},"content":{"rendered":"\t\t<div data-elementor-type=\"wp-page\" data-elementor-id=\"9113\" class=\"elementor elementor-9113 elementor-5187\" data-elementor-post-type=\"page\">\n\t\t\t\t\t\t<section class=\"elementor-section elementor-top-section elementor-element elementor-element-6ec4718 elementor-section-boxed elementor-section-height-default elementor-section-height-default\" data-id=\"6ec4718\" data-element_type=\"section\">\n\t\t\t\t\t\t<div class=\"elementor-container elementor-column-gap-default\">\n\t\t\t\t\t<div class=\"elementor-column elementor-col-100 elementor-top-column elementor-element elementor-element-1827616\" data-id=\"1827616\" data-element_type=\"column\">\n\t\t\t<div class=\"elementor-widget-wrap elementor-element-populated\">\n\t\t\t\t\t\t<div class=\"elementor-element elementor-element-c5477d6 elementor-widget elementor-widget-mae-vertical-lines\" data-id=\"c5477d6\" data-element_type=\"widget\" data-widget_type=\"mae-vertical-lines.default\">\n\t\t\t\t<div class=\"elementor-widget-container\">\n\t\t\t\t\t        <div class=\"master-vertical-lines\">\n                            <div class=\"line elementor-repeater-item-1635f37\"><\/div> \n                            <div class=\"line elementor-repeater-item-8e93fdb\"><\/div> \n                            <div class=\"line elementor-repeater-item-ae0f20a\"><\/div> \n                            <div class=\"line elementor-repeater-item-298b641\"><\/div> \n                    <\/div>\n        \t\t\t\t<\/div>\n\t\t\t\t<\/div>\n\t\t\t\t\t<\/div>\n\t\t<\/div>\n\t\t\t\t\t<\/div>\n\t\t<\/section>\n\t\t\t\t<section class=\"elementor-section elementor-top-section elementor-element elementor-element-738dc45 elementor-section-boxed elementor-section-height-default elementor-section-height-default\" data-id=\"738dc45\" data-element_type=\"section\">\n\t\t\t\t\t\t<div class=\"elementor-container elementor-column-gap-default\">\n\t\t\t\t\t<div class=\"elementor-column elementor-col-100 elementor-top-column elementor-element elementor-element-d5d0ead\" data-id=\"d5d0ead\" data-element_type=\"column\">\n\t\t\t<div class=\"elementor-widget-wrap elementor-element-populated\">\n\t\t\t\t\t\t<div class=\"elementor-element elementor-element-6b11479 elementor-widget elementor-widget-spacer\" data-id=\"6b11479\" data-element_type=\"widget\" data-widget_type=\"spacer.default\">\n\t\t\t\t<div class=\"elementor-widget-container\">\n\t\t\t\t\t\t\t<div class=\"elementor-spacer\">\n\t\t\t<div class=\"elementor-spacer-inner\"><\/div>\n\t\t<\/div>\n\t\t\t\t\t\t<\/div>\n\t\t\t\t<\/div>\n\t\t\t\t<div class=\"elementor-element elementor-element-bf006fe align-center heading-default elementor-widget elementor-widget-mae-headings\" data-id=\"bf006fe\" data-element_type=\"widget\" data-widget_type=\"mae-headings.default\">\n\t\t\t\t<div class=\"elementor-widget-container\">\n\t\t\t\t\t\t\t<div class=\"master-heading sep-none\">\n\t\t\t\t\t\t\t        \n\t        \n\t        \t        <h2 class=\"main-heading\">\u0646\u062d\u0646 \u0647\u0646\u0627 \u0644\u0646\u0642\u062f\u0645 \u0644\u0643 \u0623\u0641\u0636\u0644 \u062e\u062f\u0645\u0629 \u0639\u0627\u0644\u064a\u0629 \u0627\u0644\u062c\u0648\u062f\u0629<span class=\"accent-color\">.<\/span><\/h2>\n\t        \n\t        \n\t        \t            <div class=\"sub-heading\">\u064a\u0645\u0643\u0646\u0643 \u0627\u0644\u0648\u0635\u0648\u0644 \u0625\u0644\u0649 \u0623\u064a \u0634\u064a\u0621 \u062a\u0631\u064a\u062f\u0647 \u0644\u0644\u062d\u0635\u0648\u0644 \u0639\u0644\u0649 \u0627\u0644\u062f\u0639\u0645.<\/div>\n\t        \t    <\/div>\n\t    \t\t\t\t<\/div>\n\t\t\t\t<\/div>\n\t\t\t\t<section class=\"elementor-section elementor-inner-section elementor-element elementor-element-fe68e0a elementor-section-boxed elementor-section-height-default elementor-section-height-default\" data-id=\"fe68e0a\" data-element_type=\"section\" data-settings=\"{&quot;background_background&quot;:&quot;classic&quot;}\">\n\t\t\t\t\t\t<div class=\"elementor-container elementor-column-gap-no\">\n\t\t\t\t\t<div class=\"elementor-column elementor-col-50 elementor-inner-column elementor-element elementor-element-ae09fb6\" data-id=\"ae09fb6\" data-element_type=\"column\">\n\t\t\t<div class=\"elementor-widget-wrap elementor-element-populated\">\n\t\t\t\t\t\t<div class=\"elementor-element elementor-element-3e862cd elementor-widget__width-initial icon-box-default icon-position-top elementor-widget elementor-widget-mae-icon-box\" data-id=\"3e862cd\" data-element_type=\"widget\" data-widget_type=\"mae-icon-box.default\">\n\t\t\t\t<div class=\"elementor-widget-container\">\n\t\t\t\t\t                <div class=\"master-icon-box\" >\n                        \n            <div class=\"inner\">\n                <div class=\"icon-wrap\"><div class=\"master-icon\"><i aria-hidden=\"true\" class=\"ci ci-email1\"><\/i><\/div><\/div>\n                <div class=\"text-wrap\">\n                    <h2 class=\"headline-2\">\u0627\u0644\u0628\u0631\u064a\u062f \u0627\u0644\u0625\u0644\u0643\u062a\u0631\u0648\u0646\u064a<\/h2><div class=\"desc\">info@ankaraseramik.com<\/div>                <\/div>\n            <\/div>\n\n            <div class=\"bg-static\"><\/div><a class=\"url-hidden\" href=\"mailto:info@ankaraseramik.com\"><\/a>        <\/div>\n        \t\t\t\t<\/div>\n\t\t\t\t<\/div>\n\t\t\t\t<div class=\"elementor-element elementor-element-1f85fd1 elementor-widget__width-initial icon-box-default icon-position-top elementor-widget elementor-widget-mae-icon-box\" data-id=\"1f85fd1\" data-element_type=\"widget\" data-widget_type=\"mae-icon-box.default\">\n\t\t\t\t<div class=\"elementor-widget-container\">\n\t\t\t\t\t                <div class=\"master-icon-box\" >\n                        \n            <div class=\"inner\">\n                <div class=\"icon-wrap\"><div class=\"master-icon\"><i aria-hidden=\"true\" class=\"ci ci-telephone-1\"><\/i><\/div><\/div>\n                <div class=\"text-wrap\">\n                    <h2 class=\"headline-2\">\u0627\u0644\u0647\u0627\u062a\u0641<\/h2><div class=\"desc\">+90 312 267 37 77<\/div>                <\/div>\n            <\/div>\n\n            <div class=\"bg-static\"><\/div><a class=\"url-hidden\" href=\"tel:03122673777\"><\/a>        <\/div>\n        \t\t\t\t<\/div>\n\t\t\t\t<\/div>\n\t\t\t\t<div class=\"elementor-element elementor-element-18f8527 elementor-widget__width-initial icon-box-default icon-position-top elementor-widget elementor-widget-mae-icon-box\" data-id=\"18f8527\" data-element_type=\"widget\" data-widget_type=\"mae-icon-box.default\">\n\t\t\t\t<div class=\"elementor-widget-container\">\n\t\t\t\t\t                <div class=\"master-icon-box\" >\n                        \n            <div class=\"inner\">\n                <div class=\"icon-wrap\"><div class=\"master-icon\"><svg aria-hidden=\"true\" class=\"e-font-icon-svg e-fas-fax\" viewBox=\"0 0 512 512\" xmlns=\"http:\/\/www.w3.org\/2000\/svg\"><path d=\"M480 160V77.25a32 32 0 0 0-9.38-22.63L425.37 9.37A32 32 0 0 0 402.75 0H160a32 32 0 0 0-32 32v448a32 32 0 0 0 32 32h320a32 32 0 0 0 32-32V192a32 32 0 0 0-32-32zM288 432a16 16 0 0 1-16 16h-32a16 16 0 0 1-16-16v-32a16 16 0 0 1 16-16h32a16 16 0 0 1 16 16zm0-128a16 16 0 0 1-16 16h-32a16 16 0 0 1-16-16v-32a16 16 0 0 1 16-16h32a16 16 0 0 1 16 16zm128 128a16 16 0 0 1-16 16h-32a16 16 0 0 1-16-16v-32a16 16 0 0 1 16-16h32a16 16 0 0 1 16 16zm0-128a16 16 0 0 1-16 16h-32a16 16 0 0 1-16-16v-32a16 16 0 0 1 16-16h32a16 16 0 0 1 16 16zm0-112H192V64h160v48a16 16 0 0 0 16 16h48zM64 128H32a32 32 0 0 0-32 32v320a32 32 0 0 0 32 32h32a32 32 0 0 0 32-32V160a32 32 0 0 0-32-32z\"><\/path><\/svg><\/div><\/div>\n                <div class=\"text-wrap\">\n                    <h2 class=\"headline-2\">\u0627\u0644\u0641\u0627\u0643\u0633<\/h2><div class=\"desc\">+90 312 267 27 77<\/div>                <\/div>\n            <\/div>\n\n            <div class=\"bg-static\"><\/div><a class=\"url-hidden\" href=\"#\"><\/a>        <\/div>\n        \t\t\t\t<\/div>\n\t\t\t\t<\/div>\n\t\t\t\t<div class=\"elementor-element elementor-element-02d9e20 elementor-widget__width-initial icon-box-default icon-position-top elementor-widget elementor-widget-mae-icon-box\" data-id=\"02d9e20\" data-element_type=\"widget\" data-widget_type=\"mae-icon-box.default\">\n\t\t\t\t<div class=\"elementor-widget-container\">\n\t\t\t\t\t                <div class=\"master-icon-box\" >\n                        \n            <div class=\"inner\">\n                <div class=\"icon-wrap\"><div class=\"master-icon\"><svg aria-hidden=\"true\" class=\"e-font-icon-svg e-fas-map-pin\" viewBox=\"0 0 288 512\" xmlns=\"http:\/\/www.w3.org\/2000\/svg\"><path d=\"M112 316.94v156.69l22.02 33.02c4.75 7.12 15.22 7.12 19.97 0L176 473.63V316.94c-10.39 1.92-21.06 3.06-32 3.06s-21.61-1.14-32-3.06zM144 0C64.47 0 0 64.47 0 144s64.47 144 144 144 144-64.47 144-144S223.53 0 144 0zm0 76c-37.5 0-68 30.5-68 68 0 6.62-5.38 12-12 12s-12-5.38-12-12c0-50.73 41.28-92 92-92 6.62 0 12 5.38 12 12s-5.38 12-12 12z\"><\/path><\/svg><\/div><\/div>\n                <div class=\"text-wrap\">\n                    <h2 class=\"headline-2\">\u0627\u0644\u0639\u0646\u0648\u0627\u0646<\/h2><div class=\"desc\">1. 0.S.B. Osmanl\u0131 Caddesi No:15, Posta 06930 Sincan, Ankara, T\u00dcRK\u0130YE<\/div>                <\/div>\n            <\/div>\n\n            <div class=\"bg-static\"><\/div><a class=\"url-hidden\" href=\"https:\/\/www.google.com\/maps\/place\/Ankara+Seramik\/@39.9809109,32.5357241,17z\/data=!3m1!4b1!4m6!3m5!1s0x14d33aabaf84068b:0xe475a2be4b4531f7!8m2!3d39.9809069!4d32.540595!16s%2Fg%2F1tfd9swy?entry=ttu\"><\/a>        <\/div>\n        \t\t\t\t<\/div>\n\t\t\t\t<\/div>\n\t\t\t\t\t<\/div>\n\t\t<\/div>\n\t\t\t\t<div class=\"elementor-column elementor-col-50 elementor-inner-column elementor-element elementor-element-6027c6f\" data-id=\"6027c6f\" data-element_type=\"column\" data-settings=\"{&quot;background_background&quot;:&quot;classic&quot;}\">\n\t\t\t<div class=\"elementor-widget-wrap elementor-element-populated\">\n\t\t\t\t\t\t<div class=\"elementor-element elementor-element-683bfe1 align-center heading-default elementor-widget elementor-widget-mae-headings\" data-id=\"683bfe1\" data-element_type=\"widget\" data-widget_type=\"mae-headings.default\">\n\t\t\t\t<div class=\"elementor-widget-container\">\n\t\t\t\t\t\t\t<div class=\"master-heading sep-none\">\n\t\t\t\t\t\t\t        \n\t        \n\t        \t        <h2 class=\"main-heading\">\u0627\u062a\u0635\u0644 \u0628\u0646\u0627<\/h2>\n\t        \n\t        \n\t        \t    <\/div>\n\t    \t\t\t\t<\/div>\n\t\t\t\t<\/div>\n\t\t\t\t<div class=\"elementor-element elementor-element-29f06e4 elementor-widget-divider--view-line elementor-widget elementor-widget-divider\" data-id=\"29f06e4\" data-element_type=\"widget\" data-widget_type=\"divider.default\">\n\t\t\t\t<div class=\"elementor-widget-container\">\n\t\t\t\t\t\t\t<div class=\"elementor-divider\">\n\t\t\t<span class=\"elementor-divider-separator\">\n\t\t\t\t\t\t<\/span>\n\t\t<\/div>\n\t\t\t\t\t\t<\/div>\n\t\t\t\t<\/div>\n\t\t\t\t<div class=\"elementor-element elementor-element-9606dc5 elementor-button-align-stretch elementor-widget elementor-widget-form\" data-id=\"9606dc5\" data-element_type=\"widget\" data-settings=\"{&quot;step_next_label&quot;:&quot;\\u0627\\u0644\\u062a\\u0627\\u0644\\u064a&quot;,&quot;step_previous_label&quot;:&quot;\\u0627\\u0644\\u0633\\u0627\\u0628\\u0642&quot;,&quot;button_width&quot;:&quot;100&quot;,&quot;step_type&quot;:&quot;number_text&quot;,&quot;step_icon_shape&quot;:&quot;circle&quot;}\" data-widget_type=\"form.default\">\n\t\t\t\t<div class=\"elementor-widget-container\">\n\t\t\t\t\t\t\t<form class=\"elementor-form\" method=\"post\" name=\"\u0646\u0645\u0648\u0630\u062c \u0635\u0641\u062d\u0629 \u0627\u0644\u0627\u062a\u0635\u0627\u0644\">\n\t\t\t<input type=\"hidden\" name=\"post_id\" value=\"9113\"\/>\n\t\t\t<input type=\"hidden\" name=\"form_id\" value=\"9606dc5\"\/>\n\t\t\t<input type=\"hidden\" name=\"referer_title\" value=\"\" \/>\n\n\t\t\t\n\t\t\t<div class=\"elementor-form-fields-wrapper elementor-labels-above\">\n\t\t\t\t\t\t\t\t<div class=\"elementor-field-type-text elementor-field-group elementor-column elementor-field-group-name elementor-col-100\">\n\t\t\t\t\t\t\t\t\t\t\t\t<label for=\"form-field-name\" class=\"elementor-field-label\">\n\t\t\t\t\t\t\t\t\u0627\u0644\u0627\u0633\u0645\t\t\t\t\t\t\t<\/label>\n\t\t\t\t\t\t\t\t\t\t\t\t\t\t<input size=\"1\" type=\"text\" name=\"form_fields[name]\" id=\"form-field-name\" class=\"elementor-field elementor-size-sm  elementor-field-textual\" placeholder=\"\u0627\u0644\u0627\u0633\u0645\">\n\t\t\t\t\t\t\t\t\t\t\t<\/div>\n\t\t\t\t\t\t\t\t<div class=\"elementor-field-type-tel elementor-field-group elementor-column elementor-field-group-field_41897e3 elementor-col-100\">\n\t\t\t\t\t\t\t\t\t\t\t\t<label for=\"form-field-field_41897e3\" class=\"elementor-field-label\">\n\t\t\t\t\t\t\t\t\u0627\u0644\u0647\u0627\u062a\u0641\t\t\t\t\t\t\t<\/label>\n\t\t\t\t\t\t\t\t<input size=\"1\" type=\"tel\" name=\"form_fields[field_41897e3]\" id=\"form-field-field_41897e3\" class=\"elementor-field elementor-size-sm  elementor-field-textual\" placeholder=\"\u0627\u0644\u0647\u0627\u062a\u0641\" pattern=\"[0-9()#&amp;+*-=.]+\" title=\"Only numbers and phone characters (#, -, *, etc) are accepted.\">\n\n\t\t\t\t\t\t<\/div>\n\t\t\t\t\t\t\t\t<div class=\"elementor-field-type-email elementor-field-group elementor-column elementor-field-group-email elementor-col-100 elementor-field-required\">\n\t\t\t\t\t\t\t\t\t\t\t\t<label for=\"form-field-email\" class=\"elementor-field-label\">\n\t\t\t\t\t\t\t\t\u0627\u0644\u0628\u0631\u064a\u062f \u0627\u0644\u0625\u0644\u0643\u062a\u0631\u0648\u0646\u064a\t\t\t\t\t\t\t<\/label>\n\t\t\t\t\t\t\t\t\t\t\t\t\t\t<input size=\"1\" type=\"email\" name=\"form_fields[email]\" id=\"form-field-email\" class=\"elementor-field elementor-size-sm  elementor-field-textual\" placeholder=\"\u0627\u0644\u0628\u0631\u064a\u062f \u0627\u0644\u0625\u0644\u0643\u062a\u0631\u0648\u0646\u064a\" required=\"required\">\n\t\t\t\t\t\t\t\t\t\t\t<\/div>\n\t\t\t\t\t\t\t\t<div class=\"elementor-field-type-textarea elementor-field-group elementor-column elementor-field-group-message elementor-col-100\">\n\t\t\t\t\t\t\t\t\t\t\t\t<label for=\"form-field-message\" class=\"elementor-field-label\">\n\t\t\t\t\t\t\t\t\u0631\u0633\u0627\u0644\u062a\u0643\t\t\t\t\t\t\t<\/label>\n\t\t\t\t\t\t<textarea class=\"elementor-field-textual elementor-field  elementor-size-sm\" name=\"form_fields[message]\" id=\"form-field-message\" rows=\"4\" placeholder=\"\u0631\u0633\u0627\u0644\u062a\u0643\"><\/textarea>\t\t\t\t<\/div>\n\t\t\t\t\t\t\t\t<div class=\"elementor-field-type-recaptcha_v3 elementor-field-group elementor-column elementor-field-group-field_6f04df3 elementor-col-100 recaptcha_v3-bottomleft\">\n\t\t\t\t\t<div class=\"elementor-field\" id=\"form-field-field_6f04df3\"><div class=\"elementor-g-recaptcha\" data-sitekey=\"6Lf54yIqAAAAAI9s1hrGccrIaTQyY8qJyBQDBVTn\" data-type=\"v3\" data-action=\"Form\" data-badge=\"bottomleft\" data-size=\"invisible\"><\/div><\/div>\t\t\t\t<\/div>\n\t\t\t\t\t\t\t\t<div class=\"elementor-field-group elementor-column elementor-field-type-submit elementor-col-100 e-form__buttons\">\n\t\t\t\t\t<button class=\"elementor-button elementor-size-sm\" type=\"submit\">\n\t\t\t\t\t\t<span class=\"elementor-button-content-wrapper\">\n\t\t\t\t\t\t\t\t\t\t\t\t\t\t\t\t\t\t\t\t\t\t<span class=\"elementor-button-text\">\u0625\u0631\u0633\u0627\u0644<\/span>\n\t\t\t\t\t\t\t\t\t\t\t\t\t<\/span>\n\t\t\t\t\t<\/button>\n\t\t\t\t<\/div>\n\t\t\t<\/div>\n\t\t<\/form>\n\t\t\t\t\t\t<\/div>\n\t\t\t\t<\/div>\n\t\t\t\t\t<\/div>\n\t\t<\/div>\n\t\t\t\t\t<\/div>\n\t\t<\/section>\n\t\t\t\t\t<\/div>\n\t\t<\/div>\n\t\t\t\t\t<\/div>\n\t\t<\/section>\n\t\t\t\t<section class=\"elementor-section elementor-top-section elementor-element elementor-element-2170c61 elementor-section-boxed elementor-section-height-default elementor-section-height-default\" data-id=\"2170c61\" data-element_type=\"section\">\n\t\t\t\t\t\t<div class=\"elementor-container elementor-column-gap-no\">\n\t\t\t\t\t<div class=\"elementor-column elementor-col-100 elementor-top-column elementor-element elementor-element-03caefb\" data-id=\"03caefb\" data-element_type=\"column\">\n\t\t\t<div class=\"elementor-widget-wrap elementor-element-populated\">\n\t\t\t\t\t\t<section class=\"elementor-section elementor-inner-section elementor-element elementor-element-d874ebf elementor-section-boxed elementor-section-height-default elementor-section-height-default\" data-id=\"d874ebf\" data-element_type=\"section\">\n\t\t\t\t\t\t<div class=\"elementor-container elementor-column-gap-default\">\n\t\t\t\t\t<div class=\"elementor-column elementor-col-100 elementor-inner-column elementor-element elementor-element-c6ea663\" data-id=\"c6ea663\" data-element_type=\"column\">\n\t\t\t<div class=\"elementor-widget-wrap elementor-element-populated\">\n\t\t\t\t\t\t<div class=\"elementor-element elementor-element-52a67e9 elementor-widget-divider--view-line elementor-widget elementor-widget-divider\" data-id=\"52a67e9\" data-element_type=\"widget\" data-widget_type=\"divider.default\">\n\t\t\t\t<div class=\"elementor-widget-container\">\n\t\t\t\t\t\t\t<div class=\"elementor-divider\">\n\t\t\t<span class=\"elementor-divider-separator\">\n\t\t\t\t\t\t<\/span>\n\t\t<\/div>\n\t\t\t\t\t\t<\/div>\n\t\t\t\t<\/div>\n\t\t\t\t\t<\/div>\n\t\t<\/div>\n\t\t\t\t\t<\/div>\n\t\t<\/section>\n\t\t\t\t\t<\/div>\n\t\t<\/div>\n\t\t\t\t\t<\/div>\n\t\t<\/section>\n\t\t\t\t<section class=\"elementor-section elementor-top-section elementor-element elementor-element-3c24580 elementor-section-boxed elementor-section-height-default elementor-section-height-default\" data-id=\"3c24580\" data-element_type=\"section\">\n\t\t\t\t\t\t<div class=\"elementor-container elementor-column-gap-default\">\n\t\t\t\t\t<div class=\"elementor-column elementor-col-100 elementor-top-column elementor-element elementor-element-9cfde34\" data-id=\"9cfde34\" data-element_type=\"column\">\n\t\t\t<div class=\"elementor-widget-wrap elementor-element-populated\">\n\t\t\t\t\t\t<div class=\"elementor-element elementor-element-1988494 elementor-widget elementor-widget-google_maps\" data-id=\"1988494\" data-element_type=\"widget\" data-widget_type=\"google_maps.default\">\n\t\t\t\t<div class=\"elementor-widget-container\">\n\t\t\t\t\t\t\t<div class=\"elementor-custom-embed\">\n\t\t\t<iframe loading=\"lazy\"\n\t\t\t\t\tsrc=\"https:\/\/maps.google.com\/maps?q=1.%200.S.B.%20Osmanl%C4%B1%20Caddesi%20No%3A15%2C%20Posta%2006930%20Sincan%2C%20Ankara%2C%20T%C3%9CRK%C4%B0YE&#038;t=m&#038;z=17&#038;output=embed&#038;iwloc=near\"\n\t\t\t\t\ttitle=\"1. 0.S.B. Osmanl\u0131 Caddesi No:15, Posta 06930 Sincan, Ankara, T\u00dcRK\u0130YE\"\n\t\t\t\t\taria-label=\"1. 0.S.B. Osmanl\u0131 Caddesi No:15, Posta 06930 Sincan, Ankara, T\u00dcRK\u0130YE\"\n\t\t\t><\/iframe>\n\t\t<\/div>\n\t\t\t\t\t\t<\/div>\n\t\t\t\t<\/div>\n\t\t\t\t\t<\/div>\n\t\t<\/div>\n\t\t\t\t\t<\/div>\n\t\t<\/section>\n\t\t\t\t<\/div>\n\t\t","protected":false},"excerpt":{"rendered":"<p>\u0646\u062d\u0646 \u0647\u0646\u0627 \u0644\u0646\u0642\u062f\u0645 \u0644\u0643 \u0623\u0641\u0636\u0644 \u062e\u062f\u0645\u0629 \u0639\u0627\u0644\u064a\u0629 \u0627\u0644\u062c\u0648\u062f\u0629. \u064a\u0645\u0643\u0646\u0643 \u0627\u0644\u0648\u0635\u0648\u0644 \u0625\u0644\u0649 \u0623\u064a \u0634\u064a\u0621 \u062a\u0631\u064a\u062f\u0647 \u0644\u0644\u062d\u0635\u0648\u0644 \u0639\u0644\u0649 \u0627\u0644\u062f\u0639\u0645. \u0627\u0644\u0628\u0631\u064a\u062f \u0627\u0644\u0625\u0644\u0643\u062a\u0631\u0648\u0646\u064a info@ankaraseramik.com \u0627\u0644\u0647\u0627\u062a\u0641 +90 312 267 37 77 \u0627\u0644\u0641\u0627\u0643\u0633 +90 312 267 27 77 \u0627\u0644\u0639\u0646\u0648\u0627\u0646 1. 0.S.B. Osmanl\u0131 Caddesi No:15, Posta 06930 Sincan, Ankara, T\u00dcRK\u0130YE \u0627\u062a\u0635\u0644 \u0628\u0646\u0627<\/p>\n","protected":false},"author":1,"featured_media":0,"parent":0,"menu_order":0,"comment_status":"closed","ping_status":"closed","template":"","meta":{"footnotes":""},"class_list":["post-9113","page","type-page","status-publish","hentry"],"_links":{"self":[{"href":"https:\/\/ankaraseramik.com\/ar\/wp-json\/wp\/v2\/pages\/9113","targetHints":{"allow":["GET"]}}],"collection":[{"href":"https:\/\/ankaraseramik.com\/ar\/wp-json\/wp\/v2\/pages"}],"about":[{"href":"https:\/\/ankaraseramik.com\/ar\/wp-json\/wp\/v2\/types\/page"}],"author":[{"embeddable":true,"href":"https:\/\/ankaraseramik.com\/ar\/wp-json\/wp\/v2\/users\/1"}],"replies":[{"embeddable":true,"href":"https:\/\/ankaraseramik.com\/ar\/wp-json\/wp\/v2\/comments?post=9113"}],"version-history":[{"count":0,"href":"https:\/\/ankaraseramik.com\/ar\/wp-json\/wp\/v2\/pages\/9113\/revisions"}],"wp:attachment":[{"href":"https:\/\/ankaraseramik.com\/ar\/wp-json\/wp\/v2\/media?parent=9113"}],"curies":[{"name":"wp","href":"https:\/\/api.w.org\/{rel}","templated":true}]}}