{"id":9739,"date":"2024-06-05T15:46:47","date_gmt":"2024-06-05T12:46:47","guid":{"rendered":"https:\/\/ankaraseramik.com\/%d8%a3%d9%85%d9%86-%d8%a7%d9%84%d9%85%d8%b9%d9%84%d9%88%d9%85%d8%a7%d8%aa\/"},"modified":"2024-08-23T14:49:33","modified_gmt":"2024-08-23T11:49:33","slug":"%d8%a3%d9%85%d9%86-%d8%a7%d9%84%d9%85%d8%b9%d9%84%d9%88%d9%85%d8%a7%d8%aa","status":"publish","type":"page","link":"https:\/\/ankaraseramik.com\/ar\/%d8%a3%d9%85%d9%86-%d8%a7%d9%84%d9%85%d8%b9%d9%84%d9%88%d9%85%d8%a7%d8%aa\/","title":{"rendered":"\u0623\u0645\u0646 \u0627\u0644\u0645\u0639\u0644\u0648\u0645\u0627\u062a"},"content":{"rendered":"\t\t<div data-elementor-type=\"wp-page\" data-elementor-id=\"9739\" class=\"elementor elementor-9739 elementor-6017\" data-elementor-post-type=\"page\">\n\t\t\t\t\t\t<section class=\"elementor-section elementor-top-section elementor-element elementor-element-a6b6b20 elementor-section-boxed elementor-section-height-default elementor-section-height-default\" data-id=\"a6b6b20\" data-element_type=\"section\">\n\t\t\t\t\t\t<div class=\"elementor-container elementor-column-gap-default\">\n\t\t\t\t\t<div class=\"elementor-column elementor-col-100 elementor-top-column elementor-element elementor-element-28761d7\" data-id=\"28761d7\" data-element_type=\"column\">\n\t\t\t<div class=\"elementor-widget-wrap elementor-element-populated\">\n\t\t\t\t\t\t<div class=\"elementor-element elementor-element-f75a58f elementor-widget elementor-widget-mae-vertical-lines\" data-id=\"f75a58f\" data-element_type=\"widget\" data-widget_type=\"mae-vertical-lines.default\">\n\t\t\t\t<div class=\"elementor-widget-container\">\n\t\t\t\t\t        <div class=\"master-vertical-lines\">\n                            <div class=\"line elementor-repeater-item-1635f37\"><\/div> \n                            <div class=\"line elementor-repeater-item-8e93fdb\"><\/div> \n                            <div class=\"line elementor-repeater-item-ae0f20a\"><\/div> \n                            <div class=\"line elementor-repeater-item-298b641\"><\/div> \n                    <\/div>\n        \t\t\t\t<\/div>\n\t\t\t\t<\/div>\n\t\t\t\t\t<\/div>\n\t\t<\/div>\n\t\t\t\t\t<\/div>\n\t\t<\/section>\n\t\t\t\t<section class=\"elementor-section elementor-top-section elementor-element elementor-element-5277c0f elementor-section-boxed elementor-section-height-default elementor-section-height-default\" data-id=\"5277c0f\" data-element_type=\"section\">\n\t\t\t\t\t\t\t<div class=\"elementor-background-overlay\"><\/div>\n\t\t\t\t\t\t\t<div class=\"elementor-container elementor-column-gap-no\">\n\t\t\t\t\t<div class=\"elementor-column elementor-col-100 elementor-top-column elementor-element elementor-element-3f71296\" data-id=\"3f71296\" data-element_type=\"column\">\n\t\t\t<div class=\"elementor-widget-wrap elementor-element-populated\">\n\t\t\t\t\t\t<div class=\"elementor-element elementor-element-7baade2 elementor-widget elementor-widget-spacer\" data-id=\"7baade2\" data-element_type=\"widget\" data-widget_type=\"spacer.default\">\n\t\t\t\t<div class=\"elementor-widget-container\">\n\t\t\t\t\t\t\t<div class=\"elementor-spacer\">\n\t\t\t<div class=\"elementor-spacer-inner\"><\/div>\n\t\t<\/div>\n\t\t\t\t\t\t<\/div>\n\t\t\t\t<\/div>\n\t\t\t\t<div class=\"elementor-element elementor-element-76fce46 align-center heading-default elementor-widget elementor-widget-mae-headings\" data-id=\"76fce46\" data-element_type=\"widget\" data-widget_type=\"mae-headings.default\">\n\t\t\t\t<div class=\"elementor-widget-container\">\n\t\t\t\t\t\t\t<div class=\"master-heading sep-none\">\n\t\t\t\t\t\t\t        \n\t        \n\t        \t        <h2 class=\"main-heading\">G\u00fcvenli\u011finiz bizim i\u00e7in \u00f6nemli<span class=\"accent-color\">.<\/span><\/h2>\n\t        \n\t        \n\t        \t    <\/div>\n\t    \t\t\t\t<\/div>\n\t\t\t\t<\/div>\n\t\t\t\t<section class=\"elementor-section elementor-inner-section elementor-element elementor-element-f690eff elementor-section-content-middle elementor-section-boxed elementor-section-height-default elementor-section-height-default\" data-id=\"f690eff\" data-element_type=\"section\">\n\t\t\t\t\t\t<div class=\"elementor-container elementor-column-gap-default\">\n\t\t\t\t\t<div class=\"elementor-column elementor-col-100 elementor-inner-column elementor-element elementor-element-656ac03\" data-id=\"656ac03\" data-element_type=\"column\">\n\t\t\t<div class=\"elementor-widget-wrap elementor-element-populated\">\n\t\t\t\t\t\t<div class=\"elementor-element elementor-element-74e90ac elementor-widget-divider--view-line elementor-widget elementor-widget-divider\" data-id=\"74e90ac\" data-element_type=\"widget\" data-widget_type=\"divider.default\">\n\t\t\t\t<div class=\"elementor-widget-container\">\n\t\t\t\t\t\t\t<div class=\"elementor-divider\">\n\t\t\t<span class=\"elementor-divider-separator\">\n\t\t\t\t\t\t<\/span>\n\t\t<\/div>\n\t\t\t\t\t\t<\/div>\n\t\t\t\t<\/div>\n\t\t\t\t<div class=\"elementor-element elementor-element-30563e6 elementor-widget elementor-widget-text-editor\" data-id=\"30563e6\" data-element_type=\"widget\" data-widget_type=\"text-editor.default\">\n\t\t\t\t<div class=\"elementor-widget-container\">\n\t\t\t\t\t\t\t\t\t<p>\u0628\u0635\u0641\u062a\u0646\u0627 \u0625\u062f\u0627\u0631\u0629 \u0634\u0631\u0643\u062a\u0646\u0627\u060c \u0648\u0641\u0642\u064b\u0627 \u0644\u0631\u0633\u0627\u0644\u062a\u0647\u0627 \u0648\u0631\u0624\u064a\u062a\u0647\u0627 \u0648\u0633\u064a\u0627\u0633\u0627\u062a\u0647\u0627 \u0627\u0644\u0645\u0639\u0628\u0631 \u0639\u0646\u0647\u0627 \u0641\u064a \u0646\u0638\u0627\u0645 \u0625\u062f\u0627\u0631\u0629 \u0627\u0644\u062c\u0648\u062f\u0629\u060c \u062a\u0642\u0648\u0645 \u0634\u0631\u0643\u062a\u0646\u0627 \u0628\u062a\u0631\u0643\u064a\u0628 \u0627\u0644\u0628\u0646\u064a\u0629 \u0627\u0644\u062a\u062d\u062a\u064a\u0629 \u0644\u062a\u0643\u0646\u0648\u0644\u0648\u062c\u064a\u0627 \u0627\u0644\u0645\u0639\u0644\u0648\u0645\u0627\u062a \u0639\u0644\u0649 \u0623\u0633\u0627\u0633 \u0627\u0644\u0634\u0628\u0643\u0627\u062a \u0627\u0644\u0645\u062d\u0644\u064a\u0629 \u0648\u0627\u0644\u0648\u0627\u0633\u0639\u0629 \u0641\u064a \u062c\u0645\u064a\u0639 \u0623\u0646\u0648\u0627\u0639 \u0627\u0644\u0634\u0631\u0643\u0627\u062a \u0648\u0627\u0644\u0645\u0624\u0633\u0633\u0627\u062a\u060c \u0648\u062a\u0648\u0641\u0631 \u062e\u062f\u0645\u0627\u062a \u0627\u0644\u0645\u0634\u063a\u0644 \u0648\u0627\u0644\u0627\u0633\u062a\u0634\u0627\u0631\u0627\u062a \u0645\u0639 \u062a\u0634\u063a\u064a\u0644\u0647\u0627 \u0648\u062f\u0639\u0645\u0647\u0627\u060c \u0648\u062a\u0644\u0628\u064a \u0627\u062d\u062a\u064a\u0627\u062c\u0627\u062a \u0645\u0639\u0627\u0644\u062c\u0629 \u0627\u0644\u0645\u0639\u0644\u0648\u0645\u0627\u062a \u0644\u0644\u0634\u0631\u0643\u0627\u062a \u0648\u0627\u0644\u0645\u0624\u0633\u0633\u0627\u062a \u0627\u0644\u062a\u064a \u062a\u062a\u0637\u0644\u0628 \u0645\u0639\u0631\u0641\u0629 \u0648\u062e\u0628\u0631\u0629 \u062a\u0642\u0646\u064a\u0629 \u0639\u0627\u0644\u064a\u0629 \u0639\u0646 \u0637\u0631\u064a\u0642 \u0627\u0644\u0627\u0633\u062a\u0639\u0627\u0646\u0629 \u0628\u0645\u0635\u0627\u062f\u0631 \u062e\u0627\u0631\u062c\u064a\u0629 (\u0627\u0644\u0627\u0633\u062a\u0639\u0627\u0646\u0629 \u0628\u0645\u0635\u0627\u062f\u0631 \u062e\u0627\u0631\u062c\u064a\u0629).<\/p>\n<p>\u0623\u0645\u0646 \u0627\u0644\u0645\u0639\u0644\u0648\u0645\u0627\u062a \u0647\u0648 \u0623\u0646\u0634\u0637\u0629 \u062d\u0645\u0627\u064a\u0629 \u0633\u0631\u064a\u0629 \u0648\u0633\u0644\u0627\u0645\u0629 \u0648\u062a\u0648\u0627\u0641\u0631 \u0627\u0644\u0645\u0639\u0644\u0648\u0645\u0627\u062a \u0627\u0644\u062a\u064a \u062a\u0646\u062a\u062c\u0647\u0627 \u0627\u0644\u0645\u0646\u0638\u0645\u0629 \u0623\u0648 \u0627\u0644\u0634\u0631\u0643\u0629 \u0648\u062a\u0639\u062f\u0647\u0627 \u0648\u062a\u0643\u0648\u0646 \u0645\u0633\u0624\u0648\u0644\u0629 \u0623\u0645\u0627\u0645 \u0623\u0637\u0631\u0627\u0641\u0647\u0627. \u0648\u064a\u0646\u0628\u063a\u064a \u0623\u0646 \u062a\u0636\u0645\u0646 \u0647\u0630\u0647 \u0627\u0644\u0623\u0646\u0634\u0637\u0629 \u062d\u0645\u0627\u064a\u0629 \u0627\u0644\u0645\u0639\u0644\u0648\u0645\u0627\u062a \u0628\u0637\u0631\u064a\u0642\u0629 \u062a\u0634\u0645\u0644 \u062e\u0635\u0627\u0626\u0635 \u0623\u062e\u0631\u0649 \u0645\u062b\u0644 \u0627\u0644\u062f\u0642\u0629 \u0648\u0642\u0627\u0628\u0644\u064a\u0629 \u0627\u0644\u062a\u0641\u0633\u064a\u0631 \u0648\u0639\u062f\u0645 \u0627\u0644\u062a\u0646\u0635\u0644 \u0648\u0627\u0644\u0645\u0648\u062b\u0648\u0642\u064a\u0629. <\/p>\n<p><b>\u0627\u0644\u062e\u062f\u0645\u0627\u062a \u0627\u0644\u062a\u064a \u062a\u0644\u062a\u0632\u0645 \u0634\u0631\u0643\u062a\u0646\u0627 \u0628\u062a\u0646\u0641\u064a\u0630 \u0623\u0646\u0634\u0637\u0629 \u0623\u0645\u0646 \u0627\u0644\u0645\u0639\u0644\u0648\u0645\u0627\u062a:<\/b><\/p>\n<p>&#8211; \u0633\u064a\u062a\u0645 \u0636\u0645\u0627\u0646 \u0627\u0633\u062a\u0645\u0631\u0627\u0631\u064a\u0629 \u062e\u062f\u0645\u0627\u062a \u062a\u0643\u0646\u0648\u0644\u0648\u062c\u064a\u0627 \u0627\u0644\u0645\u0639\u0644\u0648\u0645\u0627\u062a \u0628\u0634\u0643\u0644 \u0645\u0633\u062a\u0642\u0644 \u0639\u0646 \u0627\u0644\u0623\u0641\u0631\u0627\u062f\u060c \u062a\u062d\u062a \u0633\u0642\u0641 \u0627\u0644\u0634\u0631\u0643\u0629\u060c \u0636\u0645\u0646 \u0646\u0637\u0627\u0642 \u0648\u062d\u062f\u0648\u062f \u0646\u0638\u0627\u0645 \u0625\u062f\u0627\u0631\u0629 \u0623\u0645\u0646 \u0627\u0644\u0645\u0639\u0644\u0648\u0645\u0627\u062a.<\/p>\n<p>&#8211; \u0633\u064a\u062a\u0645 \u062a\u0648\u0641\u064a\u0631 \u062a\u0647\u064a\u0626\u0629 \u062a\u0631\u0643\u064a\u0628\u0627\u062a \u0627\u0644\u0634\u0628\u0643\u0629 \u0627\u0644\u062a\u064a \u062a\u062a\u0637\u0644\u0628 \u0645\u0639\u0631\u0641\u0629 \u0648\u062e\u0628\u0631\u0629 \u0639\u0627\u0644\u064a\u0629 \u0636\u0645\u0646 \u0646\u0637\u0627\u0642 \u0648\u062d\u062f\u0648\u062f \u0646\u0638\u0627\u0645 \u0625\u062f\u0627\u0631\u0629 \u0623\u0645\u0646 \u0627\u0644\u0645\u0639\u0644\u0648\u0645\u0627\u062a.<\/p>\n<p>&#8211; \u0633\u064a\u062a\u0645 \u062a\u0648\u0641\u064a\u0631 \u062e\u062f\u0645\u0627\u062a \u0627\u0644\u062f\u0639\u0645 \u0627\u0644\u062a\u0634\u063a\u064a\u0644\u064a \u0648\u0627\u0644\u0641\u0646\u064a \u0627\u0644\u0644\u0627\u0632\u0645\u0629 \u0644\u0644\u062a\u0634\u063a\u064a\u0644 \u0627\u0644\u0645\u0633\u062a\u0645\u0631 \u0644\u0644\u0634\u0628\u0643\u0627\u062a \u0627\u0644\u0642\u0627\u0626\u0645\u0629 \u0641\u064a \u0627\u0644\u0645\u0624\u0633\u0633\u0627\u062a\/\u0627\u0644\u0645\u0624\u0633\u0633\u0627\u062a \u0636\u0645\u0646 \u0646\u0637\u0627\u0642 \u0648\u062d\u062f\u0648\u062f \u0646\u0638\u0627\u0645 \u0625\u062f\u0627\u0631\u0629 \u0627\u0644\u0645\u0639\u0644\u0648\u0645\u0627\u062a \u0627\u0644\u0625\u062f\u0627\u0631\u064a\u0629 \u0627\u0644\u0645\u062a\u0643\u0627\u0645\u0644.<\/p>\n<p>&#8211; \u0633\u064a\u0643\u0648\u0646 \u062a\u0648\u0641\u064a\u0631 \u062e\u062f\u0645\u0627\u062a \u0627\u0644\u0645\u0634\u063a\u0644 \u0641\u064a \u0627\u0644\u0623\u0639\u0645\u0627\u0644 \u0627\u0644\u0631\u0648\u062a\u064a\u0646\u064a\u0629 \u0627\u0644\u0642\u0627\u0626\u0645\u0629 \u0639\u0644\u0649 \u0627\u0644\u0628\u0646\u064a\u0629 \u0627\u0644\u062a\u062d\u062a\u064a\u0629 \u0644\u062a\u0643\u0646\u0648\u0644\u0648\u062c\u064a\u0627 \u0627\u0644\u0645\u0639\u0644\u0648\u0645\u0627\u062a\/\u0627\u0644\u0623\u062c\u0647\u0632\u0629\/\u0627\u0644\u0646\u0638\u0627\u0645 \u0627\u0644\u0628\u0631\u0645\u062c\u064a \u0648\u0636\u0645\u0627\u0646 \u0623\u0645\u0646 \u0627\u0644\u0628\u064a\u0627\u0646\u0627\u062a \u0636\u0645\u0646 \u0646\u0637\u0627\u0642 \u0648\u062d\u062f\u0648\u062f \u0646\u0638\u0627\u0645 \u0625\u062f\u0627\u0631\u0629 \u0623\u0645\u0646 \u0627\u0644\u0645\u0639\u0644\u0648\u0645\u0627\u062a.<\/p>\n<p>&#8211; \u0633\u064a\u062a\u0645 \u0627\u0644\u062d\u0641\u0627\u0638 \u0639\u0644\u0649 \u062a\u0644\u0628\u064a\u0629 \u062a\u0648\u0642\u0639\u0627\u062a \u0639\u0645\u0644\u0627\u0626\u0646\u0627 \u0648\u0627\u0644\u0645\u0624\u0633\u0633\u0627\u062a\/\u0627\u0644\u0645\u0646\u0638\u0645\u0627\u062a \u0627\u0644\u062a\u064a \u0646\u0642\u062f\u0645 \u0644\u0647\u0627 \u062e\u062f\u0645\u0627\u062a\u0646\u0627 \u0641\u064a \u0625\u0637\u0627\u0631 \u0627\u0644\u0639\u0642\u062f \u0639\u0644\u0649 \u0645\u0633\u062a\u0648\u0649 \u0639\u0627\u0644\u064d\u060c \u0648\u0632\u064a\u0627\u062f\u0629 \u0642\u062f\u0631\u0627\u062a\u0647\u0627 \u0641\u064a \u0645\u0639\u0627\u0644\u062c\u0629 \u0627\u0644\u0645\u0639\u0644\u0648\u0645\u0627\u062a\u060c \u0648\u0645\u0633\u0627\u0639\u062f\u062a\u0647\u0627 \u0639\u0644\u0649 \u062a\u062d\u0642\u064a\u0642 \u0623\u0647\u062f\u0627\u0641 \u0646\u0634\u0627\u0637\u0647\u0627\/\u0639\u0645\u0644\u064a\u0629\/\u0623\u062f\u0627\u0626\u0647\u0627 \u0645\u0646 \u062e\u0644\u0627\u0644 \u0625\u0637\u0644\u0627\u0639\u0647\u0627 \u0639\u0644\u0649 \u0627\u0644\u062a\u0637\u0648\u0631\u0627\u062a \u0627\u0644\u062a\u0643\u0646\u0648\u0644\u0648\u062c\u064a\u0629 \u0641\u064a \u0646\u0637\u0627\u0642 \u0648\u062d\u062f\u0648\u062f \u0646\u0638\u0627\u0645 \u0625\u062f\u0627\u0631\u0629 \u0627\u0644\u0645\u0639\u0644\u0648\u0645\u0627\u062a \u0627\u0644\u0625\u062f\u0627\u0631\u064a\u0629 \u0627\u0644\u0645\u062a\u0643\u0627\u0645\u0644.<\/p>\n<p>&#8211; \u0645\u0646 \u062e\u0644\u0627\u0644 \u0642\u0628\u0648\u0644\u0646\u0627 \u0628\u0623\u0646 \u062c\u0645\u064a\u0639 \u0623\u0646\u0648\u0627\u0639 \u0627\u0644\u0645\u0639\u0644\u0648\u0645\u0627\u062a \u0627\u0644\u0633\u0631\u064a\u0629 \/ \u0627\u0644\u062a\u062c\u0627\u0631\u064a\u0629 \/ \u0627\u0644\u062e\u0627\u0635\u0629 \u0627\u0644\u062a\u064a \u062a\u062a\u0645 \u0645\u0639\u0627\u0644\u062c\u062a\u0647\u0627 \u0641\u064a \u062c\u0645\u064a\u0639 \u0623\u0646\u0638\u0645\u0629 \u062a\u0643\u0646\u0648\u0644\u0648\u062c\u064a\u0627 \u0627\u0644\u0645\u0639\u0644\u0648\u0645\u0627\u062a \u0627\u0644\u062a\u064a \u0646\u062e\u062f\u0645\u0647\u0627 \u0636\u0645\u0646 \u0646\u0637\u0627\u0642 \u0648\u062d\u062f\u0648\u062f \u0646\u0638\u0627\u0645 \u0625\u062f\u0627\u0631\u0629 \u0627\u0644\u0645\u0639\u0644\u0648\u0645\u0627\u062a \u0627\u0644\u062f\u0648\u0644\u064a\u0629 \u0647\u064a \u062e\u0635\u0648\u0635\u064a\u0629 \u0639\u0645\u064a\u0644 \u0627\u0644\u0645\u0624\u0633\u0633\u0629 \/ \u0627\u0644\u0645\u0646\u0638\u0645\u0629 \u0627\u0644\u062a\u064a \u0646\u062e\u062f\u0645\u0647\u0627\u060c \u0633\u064a\u062a\u0645 \u0627\u0644\u062a\u0623\u0643\u062f \u0645\u0646 \u0639\u062f\u0645 \u0625\u0645\u0643\u0627\u0646\u064a\u0629 \u0627\u0644\u062d\u0635\u0648\u0644 \u0639\u0644\u0649 \u0647\u0630\u0647 \u0627\u0644\u0645\u0639\u0644\u0648\u0645\u0627\u062a \u0641\u064a \u0623\u064a \u0645\u0643\u0627\u0646 \/ \u0634\u062e\u0635 \/ \u0645\u0624\u0633\u0633\u0629 \/ \u0645\u0646\u0638\u0645\u0629 \u062f\u0648\u0646 \u0639\u0644\u0645 \/ \u0645\u0648\u0627\u0641\u0642\u0629 \u0627\u0644\u0639\u0645\u064a\u0644\u060c \u0645\u0639 \u0627\u0644\u0627\u0644\u062a\u0632\u0627\u0645 \u0628\u0634\u0631\u0648\u0637 \u0627\u0644\u0633\u0631\u064a\u0629 \/ \u0627\u0644\u0646\u0632\u0627\u0647\u0629 \/ \u0627\u0644\u062a\u0648\u0627\u0641\u0631.<\/p>\n<p>&#8211; \u064a\u062c\u0628 \u0623\u0646 \u062a\u062a\u0648\u0627\u0641\u0642 \u0633\u064a\u0627\u0633\u0629 \u0646\u0638\u0627\u0645 \u0625\u062f\u0627\u0631\u0629 \u0646\u0638\u0645 \u0625\u062f\u0627\u0631\u0629 \u0627\u0644\u0645\u0639\u0644\u0648\u0645\u0627\u062a \u0645\u0639 \u0627\u0644\u0645\u062a\u0637\u0644\u0628\u0627\u062a \u0627\u0644\u0642\u0627\u0646\u0648\u0646\u064a\u0629 \u0648\u0627\u0644\u062a\u0646\u0638\u064a\u0645\u064a\u0629 \u0648\u0623\u0646 \u062a\u0631\u0627\u0639\u064a \u0627\u0644\u0627\u0644\u062a\u0632\u0627\u0645\u0627\u062a \u0623\u0648 \u0627\u0644\u062a\u0628\u0639\u064a\u0627\u062a \u0627\u0644\u062a\u0639\u0627\u0642\u062f\u064a\u0629 \u0623\u0648 \u0627\u0644\u062a\u0632\u0627\u0645\u0627\u062a \u0627\u0644\u0623\u0637\u0631\u0627\u0641 \u0627\u0644\u062b\u0627\u0644\u062b\u0629\u060c \u0634\u0631\u064a\u0637\u0629 \u0623\u0646 \u062a\u0638\u0644 \u0636\u0645\u0646 \u0646\u0637\u0627\u0642 \u0648\u062d\u062f\u0648\u062f \u0646\u0638\u0627\u0645 \u0625\u062f\u0627\u0631\u0629 \u0646\u0638\u0645 \u0625\u062f\u0627\u0631\u0629 \u0627\u0644\u0645\u0639\u0644\u0648\u0645\u0627\u062a.<br><span style=\"font-size: 16px; color: var( --e-global-color-secondary );\"><br>\u062a\u0636\u0639 \u0634\u0631\u0643\u062a\u0646\u0627 \u0622\u0644\u064a\u0627\u062a \u0627\u0644\u0631\u0642\u0627\u0628\u0629 \u0627\u0644\u0644\u0627\u0632\u0645\u0629 \u0644\u062a\u0646\u0641\u064a\u0630 \u0623\u0646\u0634\u0637\u0629 \u0623\u0645\u0646 \u0627\u0644\u0645\u0639\u0644\u0648\u0645\u0627\u062a. \u0648\u0642\u062f \u062a\u0645 \u0627\u0644\u0628\u062f\u0621 \u0641\u064a \u0625\u0639\u062f\u0627\u062f \u0645\u0634\u0631\u0648\u0639 \u062f\u0631\u0627\u0633\u0629 \u0644\u062a\u062d\u062f\u064a\u062f \u0623\u0647\u062f\u0627\u0641 \u0627\u0644\u0631\u0642\u0627\u0628\u0629 \u0648\u062a\u0646\u0641\u064a\u0630 \u0627\u0644\u0636\u0648\u0627\u0628\u0637 \u0648\u0636\u0645\u0627\u0646 \u0627\u0633\u062a\u0645\u0631\u0627\u0631\u064a\u062a\u0647\u0627. \u0648\u0641\u064a \u0647\u0630\u0647 \u0627\u0644\u062f\u0631\u0627\u0633\u0629\u060c \u062a\u0645 \u0648\u0636\u0639 \u0647\u064a\u0643\u0644 \u0625\u062f\u0627\u0631\u0629 \u0627\u0644\u0645\u062e\u0627\u0637\u0631 \u0648\u062a\u062f\u0642\u064a\u0642 \u0627\u0644\u0645\u062e\u0627\u0637\u0631 \u0627\u0644\u0630\u064a \u0633\u062a\u0639\u062a\u0645\u062f \u0639\u0644\u064a\u0647 \u0627\u0644\u0636\u0648\u0627\u0628\u0637.  <\/span><\/p>\n<p>\u064a\u062c\u0628 \u0639\u0644\u0649 \u0634\u0631\u0643\u062a\u0646\u0627\u060c \u0627\u0644\u062a\u064a \u062a\u0639\u0645\u0644 \u0628\u0634\u0643\u0644 \u062e\u0627\u0635 \u0644\u0644\u0645\u0624\u0633\u0633\u0627\u062a \u0627\u0644\u062a\u064a \u062a\u0637\u0644\u0628 \u062e\u062f\u0645\u0627\u062a \u0642\u0627\u0626\u0645\u0629 \u0639\u0644\u0649 \u0627\u0644\u0627\u0633\u062a\u0639\u0627\u0646\u0629 \u0628\u0645\u0635\u0627\u062f\u0631 \u062e\u0627\u0631\u062c\u064a\u0629\u060c \u0623\u0646 \u062a\u0636\u0645\u0646 \u0623\u0646 \u0627\u0644\u0645\u0639\u0644\u0648\u0645\u0627\u062a \u0627\u0644\u062a\u064a \u062a\u0639\u062a\u0628\u0631 \u0623\u0647\u0645 \u0631\u0623\u0633 \u0645\u0627\u0644 \u0648\u0623\u0635\u0648\u0644 \u0627\u0644\u0645\u0624\u0633\u0633\u0627\u062a\/\u0627\u0644\u0645\u0646\u0638\u0645\u0627\u062a \u0627\u0644\u062a\u064a \u062a\u062a\u0644\u0642\u0649 \u0627\u0644\u062e\u062f\u0645\u0627\u062a \u0645\u0646\u0647\u0627 \u064a\u062a\u0645 \u0627\u0633\u062a\u062e\u062f\u0627\u0645\u0647\u0627 \u0645\u0646 \u0642\u0628\u0644 \u0623\u0637\u0631\u0627\u0641 \u062b\u0627\u0644\u062b\u0629 \u062f\u0648\u0646 \u0627\u0644\u0633\u0639\u064a \u0628\u062d\u0633\u0646 \u0623\u0648 \u0633\u0648\u0621 \u0646\u064a\u0629. \u0645\u0646 \u0627\u0644\u0645\u062a\u0637\u0644\u0628\u0627\u062a \u0627\u0644\u0623\u0633\u0627\u0633\u064a\u0629 \u062a\u0646\u0641\u064a\u0630 \u0627\u0644\u0623\u0646\u0634\u0637\u0629 \u0648\u0641\u0642\u064b\u0627 \u0644\u0644\u0642\u0648\u0627\u0646\u064a\u0646 \u0648\u0627\u0644\u0642\u0648\u0627\u0639\u062f \u0627\u0644\u062a\u0634\u0631\u064a\u0639\u064a\u0629 \u0630\u0627\u062a \u0627\u0644\u0635\u0644\u0629 \u0627\u0644\u0645\u0646\u0635\u0648\u0635 \u0639\u0644\u064a\u0647\u0627 \u0641\u064a \u0627\u0644\u0645\u0648\u0627\u0635\u0641\u0627\u062a \u0648\u0627\u0644\u0645\u062f\u0631\u062c\u0629 \u0641\u064a \u0623\u062d\u0643\u0627\u0645 \u0627\u0644\u0639\u0642\u062f \u0648\u0627\u0644\u062a\u064a \u062a\u0639\u062a\u0628\u0631 \u0625\u0644\u0632\u0627\u0645\u064a\u0629 \u0645\u0646 \u0642\u0628\u0644 \u0623\u0639\u0644\u0649 \u0647\u064a\u0643\u0644 \u062a\u0646\u0641\u064a\u0630\u064a \u0641\u064a \u0627\u0644\u0645\u062c\u0627\u0644\u0627\u062a \u0627\u0644\u062a\u064a \u062a\u0639\u0645\u0644 \u0641\u064a\u0647\u0627 \u0627\u0644\u0645\u0624\u0633\u0633\u0629 \/ \u0627\u0644\u0645\u0646\u0638\u0645\u0629.  <\/p>\n<p>\u0648\u0645\u0646 \u0623\u062c\u0644 \u062a\u0644\u0628\u064a\u0629 \u0647\u0630\u0647 \u0627\u0644\u0645\u062a\u0637\u0644\u0628\u0627\u062a\u060c \u0633\u064a\u062a\u0645 \u0627\u062a\u062e\u0627\u0630 \u0627\u0644\u062a\u0631\u062a\u064a\u0628\u0627\u062a \u0627\u0644\u0644\u0627\u0632\u0645\u0629 \u0639\u0644\u0649 \u0623\u0633\u0627\u0633 \u0627\u0644\u0623\u062c\u0647\u0632\u0629 \u0648\u0627\u0644\u0628\u0631\u0645\u062c\u064a\u0627\u062a\u060c \u0648\u0633\u064a\u062a\u0645 \u0625\u062c\u0631\u0627\u0621 \u062a\u062f\u0631\u064a\u0628\u0627\u062a \u0648\u062a\u0645\u0627\u0631\u064a\u0646 \u062a\u0648\u0639\u0648\u064a\u0629 \u0648\u062a\u062b\u0642\u064a\u0641\u064a\u0629 \u0648\u062a\u062b\u0642\u064a\u0641\u064a\u0629 \u0648\u062a\u0648\u0639\u0648\u064a\u0629 \u0648\u062a\u0637\u0628\u064a\u0642\u064a\u0629 \u0644\u062c\u0645\u064a\u0639 \u0645\u0648\u0638\u0641\u064a\u0646\u0627.<\/p>\n<p>\u0627\u0644\u0628\u0639\u062f \u0627\u0644\u0622\u062e\u0631 \u0644\u0623\u0645\u0646 \u0627\u0644\u0645\u0639\u0644\u0648\u0645\u0627\u062a \u0647\u0648 \u0636\u0645\u0627\u0646 \u0625\u062f\u0627\u0631\u0629 \u0627\u0633\u062a\u0645\u0631\u0627\u0631\u064a\u0629 \u0627\u0644\u0623\u0639\u0645\u0627\u0644. \u0648\u0644\u0647\u0630\u0627 \u0627\u0644\u0633\u0628\u0628\u060c \u0645\u0646 \u062e\u0644\u0627\u0644 \u062a\u0648\u0641\u064a\u0631 \u0627\u0644\u0647\u064a\u0627\u0643\u0644 \u0627\u0644\u0627\u062d\u062a\u064a\u0627\u0637\u064a\u0629 \u0627\u0644\u0644\u0627\u0632\u0645\u0629\u060c \u0633\u064a\u062a\u0645 \u0627\u0644\u0642\u0636\u0627\u0621 \u0639\u0644\u0649 \u062d\u0627\u0644\u0627\u062a \u0627\u0644\u0643\u0633\u0631 \u0648\u0627\u0644\u0627\u0646\u0647\u064a\u0627\u0631 \u0641\u064a \u0627\u0644\u0645\u062c\u0627\u0644\u0627\u062a \u0627\u0644\u062a\u064a \u062a\u0642\u0639 \u062a\u062d\u062a \u0645\u0633\u0624\u0648\u0644\u064a\u0629 \u0634\u0631\u0643\u062a\u0646\u0627 \u0641\u064a \u0623\u064a \u0647\u064a\u0643\u0644 \u0644\u0627\u0633\u062a\u0645\u0631\u0627\u0631\u064a\u0629 \u0627\u0644\u0623\u0639\u0645\u0627\u0644. <\/p>\n<p><b>\u0627\u0644\u0642\u0648\u0627\u0639\u062f \u0627\u0644\u062a\u064a \u064a\u062c\u0628 \u0627\u062a\u0628\u0627\u0639\u0647\u0627 \u0641\u064a \u0648\u062b\u0627\u0626\u0642 \u0646\u0638\u0627\u0645 \u0625\u062f\u0627\u0631\u0629 \u0623\u0645\u0646 \u0627\u0644\u0645\u0639\u0644\u0648\u0645\u0627\u062a \u0627\u0644\u0645\u0648\u0636\u0648\u0639\u0629 \u0644\u062f\u0639\u0645 \u0633\u064a\u0627\u0633\u0629 \u0623\u0645\u0646 \u0627\u0644\u0645\u0639\u0644\u0648\u0645\u0627\u062a \u0644\u062f\u064a\u0646\u0627<\/b><\/p><b>\n<\/b><p><b><\/b>&#8211; \u0627\u0644\u0639\u0645\u0644\u064a\u0627\u062a<\/p>\n<p>&#8211; \u0627\u0644\u0625\u062c\u0631\u0627\u0621\u0627\u062a<\/p>\n<p>&#8211; \u0639\u0646\u0627\u0635\u0631 \u0627\u0644\u062a\u062d\u0643\u0645<\/p>\n<p>\u0627\u0644\u0645\u0648\u0642\u0639.<b><br><\/b><\/p>\t\t\t\t\t\t\t\t<\/div>\n\t\t\t\t<\/div>\n\t\t\t\t\t<\/div>\n\t\t<\/div>\n\t\t\t\t\t<\/div>\n\t\t<\/section>\n\t\t\t\t<div class=\"elementor-element elementor-element-c33b84b elementor-widget elementor-widget-spacer\" data-id=\"c33b84b\" data-element_type=\"widget\" data-widget_type=\"spacer.default\">\n\t\t\t\t<div class=\"elementor-widget-container\">\n\t\t\t\t\t\t\t<div class=\"elementor-spacer\">\n\t\t\t<div class=\"elementor-spacer-inner\"><\/div>\n\t\t<\/div>\n\t\t\t\t\t\t<\/div>\n\t\t\t\t<\/div>\n\t\t\t\t\t<\/div>\n\t\t<\/div>\n\t\t\t\t\t<\/div>\n\t\t<\/section>\n\t\t\t\t<\/div>\n\t\t","protected":false},"excerpt":{"rendered":"<p>G\u00fcvenli\u011finiz bizim i\u00e7in \u00f6nemli. \u0628\u0635\u0641\u062a\u0646\u0627 \u0625\u062f\u0627\u0631\u0629 \u0634\u0631\u0643\u062a\u0646\u0627\u060c \u0648\u0641\u0642\u064b\u0627 \u0644\u0631\u0633\u0627\u0644\u062a\u0647\u0627 \u0648\u0631\u0624\u064a\u062a\u0647\u0627 \u0648\u0633\u064a\u0627\u0633\u0627\u062a\u0647\u0627 \u0627\u0644\u0645\u0639\u0628\u0631 \u0639\u0646\u0647\u0627 \u0641\u064a \u0646\u0638\u0627\u0645 \u0625\u062f\u0627\u0631\u0629 \u0627\u0644\u062c\u0648\u062f\u0629\u060c \u062a\u0642\u0648\u0645 \u0634\u0631\u0643\u062a\u0646\u0627 \u0628\u062a\u0631\u0643\u064a\u0628 \u0627\u0644\u0628\u0646\u064a\u0629 \u0627\u0644\u062a\u062d\u062a\u064a\u0629 \u0644\u062a\u0643\u0646\u0648\u0644\u0648\u062c\u064a\u0627 \u0627\u0644\u0645\u0639\u0644\u0648\u0645\u0627\u062a \u0639\u0644\u0649 \u0623\u0633\u0627\u0633 \u0627\u0644\u0634\u0628\u0643\u0627\u062a \u0627\u0644\u0645\u062d\u0644\u064a\u0629 \u0648\u0627\u0644\u0648\u0627\u0633\u0639\u0629 \u0641\u064a \u062c\u0645\u064a\u0639 \u0623\u0646\u0648\u0627\u0639 \u0627\u0644\u0634\u0631\u0643\u0627\u062a \u0648\u0627\u0644\u0645\u0624\u0633\u0633\u0627\u062a\u060c \u0648\u062a\u0648\u0641\u0631 \u062e\u062f\u0645\u0627\u062a \u0627\u0644\u0645\u0634\u063a\u0644 \u0648\u0627\u0644\u0627\u0633\u062a\u0634\u0627\u0631\u0627\u062a \u0645\u0639 \u062a\u0634\u063a\u064a\u0644\u0647\u0627 \u0648\u062f\u0639\u0645\u0647\u0627\u060c \u0648\u062a\u0644\u0628\u064a \u0627\u062d\u062a\u064a\u0627\u062c\u0627\u062a \u0645\u0639\u0627\u0644\u062c\u0629 \u0627\u0644\u0645\u0639\u0644\u0648\u0645\u0627\u062a \u0644\u0644\u0634\u0631\u0643\u0627\u062a \u0648\u0627\u0644\u0645\u0624\u0633\u0633\u0627\u062a \u0627\u0644\u062a\u064a \u062a\u062a\u0637\u0644\u0628 \u0645\u0639\u0631\u0641\u0629<\/p>\n","protected":false},"author":1,"featured_media":0,"parent":0,"menu_order":0,"comment_status":"closed","ping_status":"closed","template":"","meta":{"footnotes":""},"class_list":["post-9739","page","type-page","status-publish","hentry"],"_links":{"self":[{"href":"https:\/\/ankaraseramik.com\/ar\/wp-json\/wp\/v2\/pages\/9739","targetHints":{"allow":["GET"]}}],"collection":[{"href":"https:\/\/ankaraseramik.com\/ar\/wp-json\/wp\/v2\/pages"}],"about":[{"href":"https:\/\/ankaraseramik.com\/ar\/wp-json\/wp\/v2\/types\/page"}],"author":[{"embeddable":true,"href":"https:\/\/ankaraseramik.com\/ar\/wp-json\/wp\/v2\/users\/1"}],"replies":[{"embeddable":true,"href":"https:\/\/ankaraseramik.com\/ar\/wp-json\/wp\/v2\/comments?post=9739"}],"version-history":[{"count":0,"href":"https:\/\/ankaraseramik.com\/ar\/wp-json\/wp\/v2\/pages\/9739\/revisions"}],"wp:attachment":[{"href":"https:\/\/ankaraseramik.com\/ar\/wp-json\/wp\/v2\/media?parent=9739"}],"curies":[{"name":"wp","href":"https:\/\/api.w.org\/{rel}","templated":true}]}}