{"id":10057,"date":"2024-07-09T16:14:18","date_gmt":"2024-07-09T13:14:18","guid":{"rendered":"https:\/\/ankaraseramik.com\/type-de-chaine-isolateurs-iec\/"},"modified":"2024-10-18T14:33:36","modified_gmt":"2024-10-18T11:33:36","slug":"type-de-chaine-isolateurs-iec","status":"publish","type":"page","link":"https:\/\/ankaraseramik.com\/fr\/type-de-chaine-isolateurs-iec\/","title":{"rendered":"Type de cha\u00eene Isolateurs IEC"},"content":{"rendered":"\t\t<div data-elementor-type=\"wp-page\" data-elementor-id=\"10057\" class=\"elementor elementor-10057 elementor-6359\" data-elementor-post-type=\"page\">\n\t\t\t\t\t\t<section class=\"elementor-section elementor-top-section elementor-element elementor-element-291e6f3 elementor-reverse-tablet elementor-reverse-mobile elementor-section-boxed elementor-section-height-default elementor-section-height-default\" data-id=\"291e6f3\" data-element_type=\"section\">\n\t\t\t\t\t\t<div class=\"elementor-container elementor-column-gap-default\">\n\t\t\t\t\t<div class=\"elementor-column elementor-col-50 elementor-top-column elementor-element elementor-element-61a4936\" data-id=\"61a4936\" data-element_type=\"column\">\n\t\t\t<div class=\"elementor-widget-wrap elementor-element-populated\">\n\t\t\t\t\t\t<div class=\"elementor-element elementor-element-1ab495c elementor-widget elementor-widget-heading\" data-id=\"1ab495c\" data-element_type=\"widget\" data-widget_type=\"heading.default\">\n\t\t\t\t<div class=\"elementor-widget-container\">\n\t\t\t\t\t<h2 class=\"elementor-heading-title elementor-size-default\">Main Footer<\/h2>\t\t\t\t<\/div>\n\t\t\t\t<\/div>\n\t\t\t\t<div class=\"elementor-element elementor-element-f2f759e elementor-widget elementor-widget-text-editor\" data-id=\"f2f759e\" data-element_type=\"widget\" data-widget_type=\"text-editor.default\">\n\t\t\t\t<div class=\"elementor-widget-container\">\n\t\t\t\t\t\t\t\t\t<p>Nous produisons des isolateurs \u00e0 bouchon et \u00e0 broche (isolateur \u00e0 disque) durables et r\u00e9sistants aux conditions climatiques difficiles, conform\u00e9ment aux normes internationales, pour les lignes de transport et de distribution d&rsquo;\u00e9nergie.<\/p>\n<p>Nos isolateurs de type capuchon et goupille sont fabriqu\u00e9s conform\u00e9ment aux normes TS 10562 EN 60305 et TS 5277 HD 474 S1.<br \/>Nous produisons des isolateurs. <\/p>\n\t\t\t\t\t\t\t\t<\/div>\n\t\t\t\t<\/div>\n\t\t\t\t<div class=\"elementor-element elementor-element-72e1eec elementor-widget elementor-widget-html\" data-id=\"72e1eec\" data-element_type=\"widget\" data-widget_type=\"html.default\">\n\t\t\t\t<div class=\"elementor-widget-container\">\n\t\t\t\t\t<table>\n\t<tbody>\n\t\t<tr>\n\t\t\t<td>Tension de fonctionnement (max.)<\/td><td>12 kV<\/td>\n\t\t<\/tr>\n\t\t<tr>\n\t\t\t<td>Charge admissible en porte-\u00e0-faux<\/td><td>40kN \/ 70kN \/ 100kN<\/td>\n\t\t<\/tr>\n\t\t<tr>\n\t\t\t<td>Niveau de pollution<\/td><td>Type normal \/ Type brouillard<\/td>\n\t\t<\/tr>\n\t<\/tbody>\n<\/table>\t\t\t\t<\/div>\n\t\t\t\t<\/div>\n\t\t\t\t<div class=\"elementor-element elementor-element-921d43a elementor-icon-list--layout-traditional elementor-list-item-link-full_width elementor-widget elementor-widget-icon-list\" data-id=\"921d43a\" data-element_type=\"widget\" data-widget_type=\"icon-list.default\">\n\t\t\t\t<div class=\"elementor-widget-container\">\n\t\t\t\t\t\t\t<ul class=\"elementor-icon-list-items\">\n\t\t\t\t\t\t\t<li class=\"elementor-icon-list-item\">\n\t\t\t\t\t\t\t\t\t\t\t<a href=\"https:\/\/ankaraseramik.com\/urun-pdfleri\/zincir-grubu-katalog-1.pdf\" target=\"_blank\">\n\n\t\t\t\t\t\t\t\t\t\t\t\t<span class=\"elementor-icon-list-icon\">\n\t\t\t\t\t\t\t<svg aria-hidden=\"true\" class=\"e-font-icon-svg e-far-file-pdf\" viewBox=\"0 0 384 512\" xmlns=\"http:\/\/www.w3.org\/2000\/svg\"><path d=\"M369.9 97.9L286 14C277 5 264.8-.1 252.1-.1H48C21.5 0 0 21.5 0 48v416c0 26.5 21.5 48 48 48h288c26.5 0 48-21.5 48-48V131.9c0-12.7-5.1-25-14.1-34zM332.1 128H256V51.9l76.1 76.1zM48 464V48h160v104c0 13.3 10.7 24 24 24h104v288H48zm250.2-143.7c-12.2-12-47-8.7-64.4-6.5-17.2-10.5-28.7-25-36.8-46.3 3.9-16.1 10.1-40.6 5.4-56-4.2-26.2-37.8-23.6-42.6-5.9-4.4 16.1-.4 38.5 7 67.1-10 23.9-24.9 56-35.4 74.4-20 10.3-47 26.2-51 46.2-3.3 15.8 26 55.2 76.1-31.2 22.4-7.4 46.8-16.5 68.4-20.1 18.9 10.2 41 17 55.8 17 25.5 0 28-28.2 17.5-38.7zm-198.1 77.8c5.1-13.7 24.5-29.5 30.4-35-19 30.3-30.4 35.7-30.4 35zm81.6-190.6c7.4 0 6.7 32.1 1.8 40.8-4.4-13.9-4.3-40.8-1.8-40.8zm-24.4 136.6c9.7-16.9 18-37 24.7-54.7 8.3 15.1 18.9 27.2 30.1 35.5-20.8 4.3-38.9 13.1-54.8 19.2zm131.6-5s-5 6-37.3-7.8c35.1-2.6 40.9 5.4 37.3 7.8z\"><\/path><\/svg>\t\t\t\t\t\t<\/span>\n\t\t\t\t\t\t\t\t\t\t<span class=\"elementor-icon-list-text\">Groupe de cha\u00eenes IEC<\/span>\n\t\t\t\t\t\t\t\t\t\t\t<\/a>\n\t\t\t\t\t\t\t\t\t<\/li>\n\t\t\t\t\t\t<\/ul>\n\t\t\t\t\t\t<\/div>\n\t\t\t\t<\/div>\n\t\t\t\t\t<\/div>\n\t\t<\/div>\n\t\t\t\t<div class=\"elementor-column elementor-col-50 elementor-top-column elementor-element elementor-element-4601bab\" data-id=\"4601bab\" data-element_type=\"column\">\n\t\t\t<div class=\"elementor-widget-wrap elementor-element-populated\">\n\t\t\t\t\t\t<div class=\"elementor-element elementor-element-ff607aa elementor-widget elementor-widget-image\" data-id=\"ff607aa\" data-element_type=\"widget\" data-widget_type=\"image.default\">\n\t\t\t\t<div class=\"elementor-widget-container\">\n\t\t\t\t\t\t\t\t\t\t\t\t\t\t\t<img fetchpriority=\"high\" decoding=\"async\" width=\"912\" height=\"912\" src=\"https:\/\/ankaraseramik.com\/wp-content\/uploads\/2024\/10\/iec-626719.webp\" class=\"attachment-large size-large wp-image-12601\" alt=\"\" srcset=\"https:\/\/ankaraseramik.com\/wp-content\/uploads\/2024\/10\/iec-626719.webp 912w, https:\/\/ankaraseramik.com\/wp-content\/uploads\/2024\/10\/iec-626719-300x300.webp 300w, https:\/\/ankaraseramik.com\/wp-content\/uploads\/2024\/10\/iec-626719-150x150.webp 150w, https:\/\/ankaraseramik.com\/wp-content\/uploads\/2024\/10\/iec-626719-768x768.webp 768w, https:\/\/ankaraseramik.com\/wp-content\/uploads\/2024\/10\/iec-626719-384x384.webp 384w, https:\/\/ankaraseramik.com\/wp-content\/uploads\/2024\/10\/iec-626719-70x70.webp 70w\" sizes=\"(max-width: 912px) 100vw, 912px\" \/>\t\t\t\t\t\t\t\t\t\t\t\t\t\t\t<\/div>\n\t\t\t\t<\/div>\n\t\t\t\t\t<\/div>\n\t\t<\/div>\n\t\t\t\t\t<\/div>\n\t\t<\/section>\n\t\t<div class=\"elementor-element elementor-element-9fdd2a6 e-flex e-con-boxed e-con e-parent\" data-id=\"9fdd2a6\" data-element_type=\"container\">\n\t\t\t\t\t<div class=\"e-con-inner\">\n\t\t\t\t<div class=\"elementor-element elementor-element-ec63f46 elementor-widget elementor-widget-heading\" data-id=\"ec63f46\" data-element_type=\"widget\" data-widget_type=\"heading.default\">\n\t\t\t\t<div class=\"elementor-widget-container\">\n\t\t\t\t\t<h2 class=\"elementor-heading-title elementor-size-default\">Type de cha\u00eene Isolateurs IEC<\/h2>\t\t\t\t<\/div>\n\t\t\t\t<\/div>\n\t\t\t\t\t<\/div>\n\t\t\t\t<\/div>\n\t\t\t\t<\/div>\n\t\t","protected":false},"excerpt":{"rendered":"<p>Nous produisons des isolateurs \u00e0 bouchon et \u00e0 broche (isolateur \u00e0 disque) durables et r\u00e9sistants aux conditions climatiques difficiles, conform\u00e9ment aux normes internationales, pour les lignes de transport et de distribution d&rsquo;\u00e9nergie. Nos isolateurs de type capuchon et goupille sont fabriqu\u00e9s conform\u00e9ment aux normes TS 10562 EN 60305 et TS<\/p>\n","protected":false},"author":1,"featured_media":0,"parent":0,"menu_order":0,"comment_status":"closed","ping_status":"closed","template":"","meta":{"footnotes":""},"class_list":["post-10057","page","type-page","status-publish","hentry"],"_links":{"self":[{"href":"https:\/\/ankaraseramik.com\/fr\/wp-json\/wp\/v2\/pages\/10057","targetHints":{"allow":["GET"]}}],"collection":[{"href":"https:\/\/ankaraseramik.com\/fr\/wp-json\/wp\/v2\/pages"}],"about":[{"href":"https:\/\/ankaraseramik.com\/fr\/wp-json\/wp\/v2\/types\/page"}],"author":[{"embeddable":true,"href":"https:\/\/ankaraseramik.com\/fr\/wp-json\/wp\/v2\/users\/1"}],"replies":[{"embeddable":true,"href":"https:\/\/ankaraseramik.com\/fr\/wp-json\/wp\/v2\/comments?post=10057"}],"version-history":[{"count":3,"href":"https:\/\/ankaraseramik.com\/fr\/wp-json\/wp\/v2\/pages\/10057\/revisions"}],"predecessor-version":[{"id":12611,"href":"https:\/\/ankaraseramik.com\/fr\/wp-json\/wp\/v2\/pages\/10057\/revisions\/12611"}],"wp:attachment":[{"href":"https:\/\/ankaraseramik.com\/fr\/wp-json\/wp\/v2\/media?parent=10057"}],"curies":[{"name":"wp","href":"https:\/\/api.w.org\/{rel}","templated":true}]}}