{"id":10193,"date":"2024-07-31T17:04:51","date_gmt":"2024-07-31T14:04:51","guid":{"rendered":"https:\/\/ankaraseramik.com\/secheur-dair-type-l\/"},"modified":"2024-10-11T11:26:34","modified_gmt":"2024-10-11T08:26:34","slug":"secheur-dair-type-l","status":"publish","type":"page","link":"https:\/\/ankaraseramik.com\/fr\/secheur-dair-type-l\/","title":{"rendered":"S\u00e9cheur d&rsquo;air Type L"},"content":{"rendered":"\t\t<div data-elementor-type=\"wp-page\" data-elementor-id=\"10193\" class=\"elementor elementor-10193 elementor-6836\" data-elementor-post-type=\"page\">\n\t\t\t\t\t\t<section class=\"elementor-section elementor-top-section elementor-element elementor-element-291e6f3 elementor-reverse-tablet elementor-reverse-mobile elementor-section-boxed elementor-section-height-default elementor-section-height-default\" data-id=\"291e6f3\" data-element_type=\"section\">\n\t\t\t\t\t\t<div class=\"elementor-container elementor-column-gap-default\">\n\t\t\t\t\t<div class=\"elementor-column elementor-col-50 elementor-top-column elementor-element elementor-element-61a4936\" data-id=\"61a4936\" data-element_type=\"column\">\n\t\t\t<div class=\"elementor-widget-wrap elementor-element-populated\">\n\t\t\t\t\t\t<div class=\"elementor-element elementor-element-1ab495c elementor-widget elementor-widget-heading\" data-id=\"1ab495c\" data-element_type=\"widget\" data-widget_type=\"heading.default\">\n\t\t\t\t<div class=\"elementor-widget-container\">\n\t\t\t\t\t<h2 class=\"elementor-heading-title elementor-size-default\">Main Footer<\/h2>\t\t\t\t<\/div>\n\t\t\t\t<\/div>\n\t\t\t\t<div class=\"elementor-element elementor-element-f2f759e elementor-widget elementor-widget-text-editor\" data-id=\"f2f759e\" data-element_type=\"widget\" data-widget_type=\"text-editor.default\">\n\t\t\t\t<div class=\"elementor-widget-container\">\n\t\t\t\t\t\t\t\t\t<div class=\"product-detail-col\">\n<div class=\"product-detail-col-body\">\n<div class=\"right-col\">\n<p>Le s\u00e9cheur d&rsquo;air de type L (DIN 42562 \/ EN 50216-5) est utilis\u00e9 pour s\u00e9cher l&rsquo;air d&rsquo;admission des transformateurs. Lorsque la temp\u00e9rature de fonctionnement du transformateur baisse, l&rsquo;air est aspir\u00e9 \u00e0 travers la chambre \u00e0 huile, nettoy\u00e9 par les particules de salet\u00e9, puis s\u00e9ch\u00e9 par le gel de silice dans les modules B1 et B2 (en option). <\/p>\n<p>Le r\u00e9servoir d&rsquo;huile emp\u00eache le contact permanent entre le remplissage du s\u00e9choir et l&rsquo;air ext\u00e9rieur humide et nettoie l&rsquo;air entrant. Lorsque le liquide isolant est chauff\u00e9, l&rsquo;air quitte le vase d&rsquo;expansion et s&rsquo;\u00e9coule en sens inverse \u00e0 l&rsquo;int\u00e9rieur du s\u00e9cheur d&rsquo;air. La taille du s\u00e9cheur d&rsquo;air de type L \u00e0 utiliser d\u00e9pend du volume d&rsquo;huile et de la fr\u00e9quence de renouvellement de l&rsquo;air.<\/p>\n<p>Le s\u00e9cheur d&rsquo;air de type L se compose d&rsquo;un couvercle (B1) et d&rsquo;un r\u00e9servoir d&rsquo;huile (OV). Selon les besoins, des modules interm\u00e9diaires suppl\u00e9mentaires (B2) remplis de 1,2 kg de gel de silice sont utilis\u00e9s.<\/p>\n<p>Toutes les fixations sont disponibles en acier inoxydable A4 pour une meilleure r\u00e9sistance \u00e0 la corrosion.<\/p>\n<p><strong>D\u00e9shumidificateur de type L &#8211; capacit\u00e9s en gel de silice<\/strong><\/p>\n<\/div>\n<\/div>\n<\/div>\n\t\t\t\t\t\t\t\t<\/div>\n\t\t\t\t<\/div>\n\t\t\t\t<div class=\"elementor-element elementor-element-8db97b8 elementor-widget elementor-widget-html\" data-id=\"8db97b8\" data-element_type=\"widget\" data-widget_type=\"html.default\">\n\t\t\t\t<div class=\"elementor-widget-container\">\n\t\t\t\t\t<table>\n\t<tbody>\n\t\t<tr>\n\t\t\t<td><strong>Taille<\/strong><\/td><td><strong>Gel de silice Capacit\u00e9<\/strong><\/td><td><strong>B2 pi\u00e8ces<\/strong><\/td>\n\t\t<\/tr>\n\t\t<tr>\n\t\t\t<td>L1<\/td><td>1,2 kg<\/td><td>0<\/td>\n\t\t<\/tr>\n\t\t<tr>\n\t\t\t<td>L2<\/td><td>2,4 kg<\/td><td>1<\/td>\n\t\t<\/tr>\n\t\t<tr>\n\t\t\t<td>L3<\/td><td>3,6 kg<\/td><td>2<\/td>\n\t\t<\/tr>\n\t\t<tr>\n\t\t\t<td>L4<\/td><td>4,8 kg<\/td><td>3<\/td>\n\t\t<\/tr>\n\t\t<tr>\n\t\t\t<td>L5<\/td><td>6,0 kg<\/td><td>4<\/td>\n\t\t<\/tr>\n\t<\/tbody>\n<\/table>\t\t\t\t<\/div>\n\t\t\t\t<\/div>\n\t\t\t\t<div class=\"elementor-element elementor-element-921d43a elementor-icon-list--layout-traditional elementor-list-item-link-full_width elementor-widget elementor-widget-icon-list\" data-id=\"921d43a\" data-element_type=\"widget\" data-widget_type=\"icon-list.default\">\n\t\t\t\t<div class=\"elementor-widget-container\">\n\t\t\t\t\t\t\t<ul class=\"elementor-icon-list-items\">\n\t\t\t\t\t\t\t<li class=\"elementor-icon-list-item\">\n\t\t\t\t\t\t\t\t\t\t\t<a href=\"https:\/\/ankaraseramik.com\/urun-pdfleri\/hava-kurutucu-tipi-l-din-42562-en-50216-5-43-3824772.pdf\" target=\"_blank\">\n\n\t\t\t\t\t\t\t\t\t\t\t\t<span class=\"elementor-icon-list-icon\">\n\t\t\t\t\t\t\t<svg aria-hidden=\"true\" class=\"e-font-icon-svg e-far-file-pdf\" viewBox=\"0 0 384 512\" xmlns=\"http:\/\/www.w3.org\/2000\/svg\"><path d=\"M369.9 97.9L286 14C277 5 264.8-.1 252.1-.1H48C21.5 0 0 21.5 0 48v416c0 26.5 21.5 48 48 48h288c26.5 0 48-21.5 48-48V131.9c0-12.7-5.1-25-14.1-34zM332.1 128H256V51.9l76.1 76.1zM48 464V48h160v104c0 13.3 10.7 24 24 24h104v288H48zm250.2-143.7c-12.2-12-47-8.7-64.4-6.5-17.2-10.5-28.7-25-36.8-46.3 3.9-16.1 10.1-40.6 5.4-56-4.2-26.2-37.8-23.6-42.6-5.9-4.4 16.1-.4 38.5 7 67.1-10 23.9-24.9 56-35.4 74.4-20 10.3-47 26.2-51 46.2-3.3 15.8 26 55.2 76.1-31.2 22.4-7.4 46.8-16.5 68.4-20.1 18.9 10.2 41 17 55.8 17 25.5 0 28-28.2 17.5-38.7zm-198.1 77.8c5.1-13.7 24.5-29.5 30.4-35-19 30.3-30.4 35.7-30.4 35zm81.6-190.6c7.4 0 6.7 32.1 1.8 40.8-4.4-13.9-4.3-40.8-1.8-40.8zm-24.4 136.6c9.7-16.9 18-37 24.7-54.7 8.3 15.1 18.9 27.2 30.1 35.5-20.8 4.3-38.9 13.1-54.8 19.2zm131.6-5s-5 6-37.3-7.8c35.1-2.6 40.9 5.4 37.3 7.8z\"><\/path><\/svg>\t\t\t\t\t\t<\/span>\n\t\t\t\t\t\t\t\t\t\t<span class=\"elementor-icon-list-text\">S\u00e9cheur d'air Type L (DIN 42562 EN 50216-5)<\/span>\n\t\t\t\t\t\t\t\t\t\t\t<\/a>\n\t\t\t\t\t\t\t\t\t<\/li>\n\t\t\t\t\t\t<\/ul>\n\t\t\t\t\t\t<\/div>\n\t\t\t\t<\/div>\n\t\t\t\t\t<\/div>\n\t\t<\/div>\n\t\t\t\t<div class=\"elementor-column elementor-col-50 elementor-top-column elementor-element elementor-element-4601bab\" data-id=\"4601bab\" data-element_type=\"column\">\n\t\t\t<div class=\"elementor-widget-wrap elementor-element-populated\">\n\t\t\t\t\t\t<div class=\"elementor-element elementor-element-bee46d7 elementor-widget elementor-widget-image\" data-id=\"bee46d7\" data-element_type=\"widget\" data-widget_type=\"image.default\">\n\t\t\t\t<div class=\"elementor-widget-container\">\n\t\t\t\t\t\t\t\t\t\t\t\t\t\t\t<img fetchpriority=\"high\" decoding=\"async\" width=\"302\" height=\"871\" src=\"https:\/\/ankaraseramik.com\/wp-content\/uploads\/2024\/10\/GORSEL-Hava-Kurutucu-Tipi-L-4.jpg\" class=\"attachment-large size-large wp-image-11913\" alt=\"\" srcset=\"https:\/\/ankaraseramik.com\/wp-content\/uploads\/2024\/10\/GORSEL-Hava-Kurutucu-Tipi-L-4.jpg 302w, https:\/\/ankaraseramik.com\/wp-content\/uploads\/2024\/10\/GORSEL-Hava-Kurutucu-Tipi-L-4-104x300.jpg 104w\" sizes=\"(max-width: 302px) 100vw, 302px\" \/>\t\t\t\t\t\t\t\t\t\t\t\t\t\t\t<\/div>\n\t\t\t\t<\/div>\n\t\t\t\t\t<\/div>\n\t\t<\/div>\n\t\t\t\t\t<\/div>\n\t\t<\/section>\n\t\t<div class=\"elementor-element elementor-element-9fdd2a6 e-flex e-con-boxed e-con e-parent\" data-id=\"9fdd2a6\" data-element_type=\"container\">\n\t\t\t\t\t<div class=\"e-con-inner\">\n\t\t\t\t<div class=\"elementor-element elementor-element-ec63f46 elementor-widget elementor-widget-heading\" data-id=\"ec63f46\" data-element_type=\"widget\" data-widget_type=\"heading.default\">\n\t\t\t\t<div class=\"elementor-widget-container\">\n\t\t\t\t\t<h2 class=\"elementor-heading-title elementor-size-default\">Main Footer<\/h2>\t\t\t\t<\/div>\n\t\t\t\t<\/div>\n\t\t\t\t\t<\/div>\n\t\t\t\t<\/div>\n\t\t\t\t<\/div>\n\t\t","protected":false},"excerpt":{"rendered":"<p>Le s\u00e9cheur d&rsquo;air de type L (DIN 42562 \/ EN 50216-5) est utilis\u00e9 pour s\u00e9cher l&rsquo;air d&rsquo;admission des transformateurs. Lorsque la temp\u00e9rature de fonctionnement du transformateur baisse, l&rsquo;air est aspir\u00e9 \u00e0 travers la chambre \u00e0 huile, nettoy\u00e9 par les particules de salet\u00e9, puis s\u00e9ch\u00e9 par le gel de silice dans<\/p>\n","protected":false},"author":1,"featured_media":0,"parent":0,"menu_order":0,"comment_status":"closed","ping_status":"closed","template":"","meta":{"footnotes":""},"class_list":["post-10193","page","type-page","status-publish","hentry"],"_links":{"self":[{"href":"https:\/\/ankaraseramik.com\/fr\/wp-json\/wp\/v2\/pages\/10193","targetHints":{"allow":["GET"]}}],"collection":[{"href":"https:\/\/ankaraseramik.com\/fr\/wp-json\/wp\/v2\/pages"}],"about":[{"href":"https:\/\/ankaraseramik.com\/fr\/wp-json\/wp\/v2\/types\/page"}],"author":[{"embeddable":true,"href":"https:\/\/ankaraseramik.com\/fr\/wp-json\/wp\/v2\/users\/1"}],"replies":[{"embeddable":true,"href":"https:\/\/ankaraseramik.com\/fr\/wp-json\/wp\/v2\/comments?post=10193"}],"version-history":[{"count":0,"href":"https:\/\/ankaraseramik.com\/fr\/wp-json\/wp\/v2\/pages\/10193\/revisions"}],"wp:attachment":[{"href":"https:\/\/ankaraseramik.com\/fr\/wp-json\/wp\/v2\/media?parent=10193"}],"curies":[{"name":"wp","href":"https:\/\/api.w.org\/{rel}","templated":true}]}}