{"id":10199,"date":"2024-08-22T09:05:57","date_gmt":"2024-08-22T06:05:57","guid":{"rendered":"https:\/\/ankaraseramik.com\/secheur-dair-sans-reservoir-dhuile-g1%c2%bd\/"},"modified":"2024-10-11T11:57:00","modified_gmt":"2024-10-11T08:57:00","slug":"secheur-dair-sans-reservoir-dhuile-g1%c2%bd","status":"publish","type":"page","link":"https:\/\/ankaraseramik.com\/fr\/secheur-dair-sans-reservoir-dhuile-g1%c2%bd\/","title":{"rendered":"S\u00e9cheur d&rsquo;air sans r\u00e9servoir d&rsquo;huile G1\u00bd"},"content":{"rendered":"\t\t<div data-elementor-type=\"wp-page\" data-elementor-id=\"10199\" class=\"elementor elementor-10199 elementor-9509\" data-elementor-post-type=\"page\">\n\t\t\t\t\t\t<section class=\"elementor-section elementor-top-section elementor-element elementor-element-291e6f3 elementor-reverse-tablet elementor-reverse-mobile elementor-section-boxed elementor-section-height-default elementor-section-height-default\" data-id=\"291e6f3\" data-element_type=\"section\">\n\t\t\t\t\t\t<div class=\"elementor-container elementor-column-gap-default\">\n\t\t\t\t\t<div class=\"elementor-column elementor-col-50 elementor-top-column elementor-element elementor-element-61a4936\" data-id=\"61a4936\" data-element_type=\"column\">\n\t\t\t<div class=\"elementor-widget-wrap elementor-element-populated\">\n\t\t\t\t\t\t<div class=\"elementor-element elementor-element-1ab495c elementor-widget elementor-widget-heading\" data-id=\"1ab495c\" data-element_type=\"widget\" data-widget_type=\"heading.default\">\n\t\t\t\t<div class=\"elementor-widget-container\">\n\t\t\t\t\t<h2 class=\"elementor-heading-title elementor-size-default\">Main Footer<\/h2>\t\t\t\t<\/div>\n\t\t\t\t<\/div>\n\t\t\t\t<div class=\"elementor-element elementor-element-f2f759e elementor-widget elementor-widget-text-editor\" data-id=\"f2f759e\" data-element_type=\"widget\" data-widget_type=\"text-editor.default\">\n\t\t\t\t<div class=\"elementor-widget-container\">\n\t\t\t\t\t\t\t\t\t<div class=\"product-detail-col\">\n<div class=\"product-detail-col-body\">\n<div class=\"right-col\">\n<p><strong>S\u00e9cheur d&rsquo;air vertical G 1 \u00bc et M40 x 1,5<\/strong><\/p>\n<p><br>Le s\u00e9cheur d&rsquo;air G 1 \u00bd sans r\u00e9servoir d&rsquo;huile est utilis\u00e9 pour le s\u00e9chage et le nettoyage de l&rsquo;air d&rsquo;admission des syst\u00e8mes hydrauliques et autres cuves avec des fluides hygroscopiques.<\/p>\n<p>Le dessiccateur d&rsquo;air de type G 1 \u00bd n&rsquo;a pas de r\u00e9servoir d&rsquo;huile et ne doit donc \u00eatre utilis\u00e9 qu&rsquo;avec un filtre \u00e0 air \u00e0 flux ascendant. Le dessiccateur d&rsquo;air est \u00e9quip\u00e9 d&rsquo;un raccord filet\u00e9 G 1 \u00bd des deux c\u00f4t\u00e9s. Un filtre \u00e0 air avec un raccord \u00e0 pince de 52 mm peut \u00e9galement \u00eatre raccord\u00e9 \u00e0 la partie sup\u00e9rieure. Le conteneur de gel de silice peut \u00eatre retir\u00e9 \u00e0 l&rsquo;\u00e9tat interne.   <\/p>\n<p>Le s\u00e9cheur d&rsquo;air G 1 \u00bd est disponible en 4 tailles standard :<\/p>\n<p>&#8211; Capacit\u00e9 de remplissage 0,5 kg<br>&#8211; Capacit\u00e9 de remplissage 1,0 kg<br>&#8211; Capacit\u00e9 de remplissage 1,5 kg<br>&#8211; Capacit\u00e9 de remplissage 2,5 kg<\/p>\n<\/div>\n<\/div>\n<\/div>\t\t\t\t\t\t\t\t<\/div>\n\t\t\t\t<\/div>\n\t\t\t\t<div class=\"elementor-element elementor-element-921d43a elementor-icon-list--layout-traditional elementor-list-item-link-full_width elementor-widget elementor-widget-icon-list\" data-id=\"921d43a\" data-element_type=\"widget\" data-widget_type=\"icon-list.default\">\n\t\t\t\t<div class=\"elementor-widget-container\">\n\t\t\t\t\t\t\t<ul class=\"elementor-icon-list-items\">\n\t\t\t\t\t\t\t<li class=\"elementor-icon-list-item\">\n\t\t\t\t\t\t\t\t\t\t\t<a href=\"https:\/\/ankaraseramik.com\/urun-pdfleri\/yag-hazinesiz-hava-kurutucu-g-1-46-1853432.pdf\" target=\"_blank\">\n\n\t\t\t\t\t\t\t\t\t\t\t\t<span class=\"elementor-icon-list-icon\">\n\t\t\t\t\t\t\t<svg aria-hidden=\"true\" class=\"e-font-icon-svg e-far-file-pdf\" viewBox=\"0 0 384 512\" xmlns=\"http:\/\/www.w3.org\/2000\/svg\"><path d=\"M369.9 97.9L286 14C277 5 264.8-.1 252.1-.1H48C21.5 0 0 21.5 0 48v416c0 26.5 21.5 48 48 48h288c26.5 0 48-21.5 48-48V131.9c0-12.7-5.1-25-14.1-34zM332.1 128H256V51.9l76.1 76.1zM48 464V48h160v104c0 13.3 10.7 24 24 24h104v288H48zm250.2-143.7c-12.2-12-47-8.7-64.4-6.5-17.2-10.5-28.7-25-36.8-46.3 3.9-16.1 10.1-40.6 5.4-56-4.2-26.2-37.8-23.6-42.6-5.9-4.4 16.1-.4 38.5 7 67.1-10 23.9-24.9 56-35.4 74.4-20 10.3-47 26.2-51 46.2-3.3 15.8 26 55.2 76.1-31.2 22.4-7.4 46.8-16.5 68.4-20.1 18.9 10.2 41 17 55.8 17 25.5 0 28-28.2 17.5-38.7zm-198.1 77.8c5.1-13.7 24.5-29.5 30.4-35-19 30.3-30.4 35.7-30.4 35zm81.6-190.6c7.4 0 6.7 32.1 1.8 40.8-4.4-13.9-4.3-40.8-1.8-40.8zm-24.4 136.6c9.7-16.9 18-37 24.7-54.7 8.3 15.1 18.9 27.2 30.1 35.5-20.8 4.3-38.9 13.1-54.8 19.2zm131.6-5s-5 6-37.3-7.8c35.1-2.6 40.9 5.4 37.3 7.8z\"><\/path><\/svg>\t\t\t\t\t\t<\/span>\n\t\t\t\t\t\t\t\t\t\t<span class=\"elementor-icon-list-text\">S\u00e9cheur d'air sans r\u00e9servoir d'huile G1\u00bd<\/span>\n\t\t\t\t\t\t\t\t\t\t\t<\/a>\n\t\t\t\t\t\t\t\t\t<\/li>\n\t\t\t\t\t\t<\/ul>\n\t\t\t\t\t\t<\/div>\n\t\t\t\t<\/div>\n\t\t\t\t\t<\/div>\n\t\t<\/div>\n\t\t\t\t<div class=\"elementor-column elementor-col-50 elementor-top-column elementor-element elementor-element-4601bab\" data-id=\"4601bab\" data-element_type=\"column\">\n\t\t\t<div class=\"elementor-widget-wrap elementor-element-populated\">\n\t\t\t\t\t\t<div class=\"elementor-element elementor-element-3050e86 elementor-widget elementor-widget-image\" data-id=\"3050e86\" data-element_type=\"widget\" data-widget_type=\"image.default\">\n\t\t\t\t<div class=\"elementor-widget-container\">\n\t\t\t\t\t\t\t\t\t\t\t\t\t\t\t<img fetchpriority=\"high\" decoding=\"async\" width=\"618\" height=\"1024\" src=\"https:\/\/ankaraseramik.com\/wp-content\/uploads\/2024\/10\/GORSEL-Yag-Hazinesiz-Hava-Kurutucu-G-1-\u00bd-6-618x1024.png\" class=\"attachment-large size-large wp-image-11995\" alt=\"\" srcset=\"https:\/\/ankaraseramik.com\/wp-content\/uploads\/2024\/10\/GORSEL-Yag-Hazinesiz-Hava-Kurutucu-G-1-\u00bd-6-618x1024.png 618w, https:\/\/ankaraseramik.com\/wp-content\/uploads\/2024\/10\/GORSEL-Yag-Hazinesiz-Hava-Kurutucu-G-1-\u00bd-6-181x300.png 181w, https:\/\/ankaraseramik.com\/wp-content\/uploads\/2024\/10\/GORSEL-Yag-Hazinesiz-Hava-Kurutucu-G-1-\u00bd-6-768x1272.png 768w, https:\/\/ankaraseramik.com\/wp-content\/uploads\/2024\/10\/GORSEL-Yag-Hazinesiz-Hava-Kurutucu-G-1-\u00bd-6-927x1536.png 927w, https:\/\/ankaraseramik.com\/wp-content\/uploads\/2024\/10\/GORSEL-Yag-Hazinesiz-Hava-Kurutucu-G-1-\u00bd-6.png 1070w\" sizes=\"(max-width: 618px) 100vw, 618px\" \/>\t\t\t\t\t\t\t\t\t\t\t\t\t\t\t<\/div>\n\t\t\t\t<\/div>\n\t\t\t\t\t<\/div>\n\t\t<\/div>\n\t\t\t\t\t<\/div>\n\t\t<\/section>\n\t\t<div class=\"elementor-element elementor-element-9fdd2a6 e-flex e-con-boxed e-con e-parent\" data-id=\"9fdd2a6\" data-element_type=\"container\">\n\t\t\t\t\t<div class=\"e-con-inner\">\n\t\t\t\t<div class=\"elementor-element elementor-element-ec63f46 elementor-widget elementor-widget-heading\" data-id=\"ec63f46\" data-element_type=\"widget\" data-widget_type=\"heading.default\">\n\t\t\t\t<div class=\"elementor-widget-container\">\n\t\t\t\t\t<h2 class=\"elementor-heading-title elementor-size-default\">Main Footer<\/h2>\t\t\t\t<\/div>\n\t\t\t\t<\/div>\n\t\t\t\t\t<\/div>\n\t\t\t\t<\/div>\n\t\t\t\t<\/div>\n\t\t","protected":false},"excerpt":{"rendered":"<p>S\u00e9cheur d&rsquo;air vertical G 1 \u00bc et M40 x 1,5 Le s\u00e9cheur d&rsquo;air G 1 \u00bd sans r\u00e9servoir d&rsquo;huile est utilis\u00e9 pour le s\u00e9chage et le nettoyage de l&rsquo;air d&rsquo;admission des syst\u00e8mes hydrauliques et autres cuves avec des fluides hygroscopiques. Le dessiccateur d&rsquo;air de type G 1 \u00bd n&rsquo;a pas<\/p>\n","protected":false},"author":1,"featured_media":0,"parent":0,"menu_order":0,"comment_status":"closed","ping_status":"closed","template":"","meta":{"footnotes":""},"class_list":["post-10199","page","type-page","status-publish","hentry"],"_links":{"self":[{"href":"https:\/\/ankaraseramik.com\/fr\/wp-json\/wp\/v2\/pages\/10199","targetHints":{"allow":["GET"]}}],"collection":[{"href":"https:\/\/ankaraseramik.com\/fr\/wp-json\/wp\/v2\/pages"}],"about":[{"href":"https:\/\/ankaraseramik.com\/fr\/wp-json\/wp\/v2\/types\/page"}],"author":[{"embeddable":true,"href":"https:\/\/ankaraseramik.com\/fr\/wp-json\/wp\/v2\/users\/1"}],"replies":[{"embeddable":true,"href":"https:\/\/ankaraseramik.com\/fr\/wp-json\/wp\/v2\/comments?post=10199"}],"version-history":[{"count":0,"href":"https:\/\/ankaraseramik.com\/fr\/wp-json\/wp\/v2\/pages\/10199\/revisions"}],"wp:attachment":[{"href":"https:\/\/ankaraseramik.com\/fr\/wp-json\/wp\/v2\/media?parent=10199"}],"curies":[{"name":"wp","href":"https:\/\/api.w.org\/{rel}","templated":true}]}}