{"id":10201,"date":"2024-08-01T14:40:54","date_gmt":"2024-08-01T11:40:54","guid":{"rendered":"https:\/\/ankaraseramik.com\/buchholz-relais-mbp\/"},"modified":"2024-10-11T14:26:28","modified_gmt":"2024-10-11T11:26:28","slug":"buchholz-relais-mbp","status":"publish","type":"page","link":"https:\/\/ankaraseramik.com\/fr\/buchholz-relais-mbp\/","title":{"rendered":"Buchholz Relais MBP"},"content":{"rendered":"\t\t<div data-elementor-type=\"wp-page\" data-elementor-id=\"10201\" class=\"elementor elementor-10201 elementor-6869\" data-elementor-post-type=\"page\">\n\t\t\t\t\t\t<section class=\"elementor-section elementor-top-section elementor-element elementor-element-291e6f3 elementor-reverse-tablet elementor-reverse-mobile elementor-section-boxed elementor-section-height-default elementor-section-height-default\" data-id=\"291e6f3\" data-element_type=\"section\">\n\t\t\t\t\t\t<div class=\"elementor-container elementor-column-gap-default\">\n\t\t\t\t\t<div class=\"elementor-column elementor-col-50 elementor-top-column elementor-element elementor-element-61a4936\" data-id=\"61a4936\" data-element_type=\"column\">\n\t\t\t<div class=\"elementor-widget-wrap elementor-element-populated\">\n\t\t\t\t\t\t<div class=\"elementor-element elementor-element-1ab495c elementor-widget elementor-widget-heading\" data-id=\"1ab495c\" data-element_type=\"widget\" data-widget_type=\"heading.default\">\n\t\t\t\t<div class=\"elementor-widget-container\">\n\t\t\t\t\t<h2 class=\"elementor-heading-title elementor-size-default\">Main Footer<\/h2>\t\t\t\t<\/div>\n\t\t\t\t<\/div>\n\t\t\t\t<div class=\"elementor-element elementor-element-f2f759e elementor-widget elementor-widget-text-editor\" data-id=\"f2f759e\" data-element_type=\"widget\" data-widget_type=\"text-editor.default\">\n\t\t\t\t<div class=\"elementor-widget-container\">\n\t\t\t\t\t\t\t\t\t<div class=\"product-detail-col\">\n<div class=\"product-detail-col-body\">\n<div class=\"right-col\">\n<p>Le relais Buchholz MBP, conforme \u00e0 la norme EN 50216-2, sert \u00e0 prot\u00e9ger les transformateurs et les r\u00e9gulateurs avec vase d&rsquo;expansion. Il est raccord\u00e9 \u00e0 la tuyauterie entre la chaudi\u00e8re et le vase d&rsquo;expansion. Le relais Buchholz MBP agit comme un dispositif de protection, \u00e9quip\u00e9 d&rsquo;une alarme ou de deux contacts de commutation (alarme \/ coupure du transformateur) par flotteur.<br>L&rsquo;\u00e9tanch\u00e9it\u00e9 et le bon fonctionnement de chaque relais Buchholz sont test\u00e9s individuellement dans une installation d&rsquo;essai.<\/p>\n<p>Nous proposons le relais Buchholz MBP conform\u00e9ment aux sp\u00e9cifications de la norme europ\u00e9enne EN 50216-2 et \u00e0 une conception sp\u00e9ciale. Pour un \u00e9chantillonnage simplifi\u00e9 du gaz ou du p\u00e9trole \u00e0 partir du sol, vous trouverez notre dispositif d&rsquo;\u00e9chantillonnage de gaz MGSD, qui est connect\u00e9 par un tuyau en cuivre directement au relais Buchholz.<\/p>\n<p><strong>Vue d&rsquo;ensemble<\/strong><\/p>\n<p>D\u00e9tails des fonctions<br>Vos avantages en un coup d&rsquo;\u0153il<br>Relais Buchholz MBP selon EN 50216-2<br>Relais Buchholz MBP en version sp\u00e9ciale<br>Dispositif de pr\u00e9l\u00e8vement de gaz MGSD<br>Assemblage<br>Options de commande<br>Fonction vid\u00e9o<\/p>\n<p><strong>Fonctions du relais Buchholz MBP<\/strong><\/p>\n<p>Formation de gaz : Le gaz form\u00e9 monte dans le liquide isolant, s&rsquo;accumule dans le relais de Buchholz et supprime le liquide. Le flotteur sup\u00e9rieur descend avec la baisse du niveau d&rsquo;huile et ouvre l&rsquo;interrupteur Reed situ\u00e9 en haut.<\/p>\n<p><strong>Perte d&rsquo;huile due \u00e0 une fuite :<\/strong> Lorsque le niveau d&rsquo;huile baisse, le flotteur sup\u00e9rieur descend en premier et d\u00e9clenche l&rsquo;interrupteur Reed sup\u00e9rieur. Lorsque le niveau d&rsquo;huile baisse, la canalisation et le vase d&rsquo;expansion se vident et le contact inf\u00e9rieur se ferme.<\/p>\n<p><strong>Une onde de pression soudaine :<\/strong> L&rsquo;onde de pression frappe la vanne dispos\u00e9e dans l&rsquo;\u00e9coulement du fluide d&rsquo;isolation. Le robinet se d\u00e9place dans le sens de l&rsquo;\u00e9coulement et pousse le flotteur inf\u00e9rieur vers le bas. L&rsquo;interrupteur inf\u00e9rieur est actionn\u00e9 et peut couper imm\u00e9diatement le transformateur. Lorsque l&rsquo;onde de pression s&rsquo;estompe, la valve revient \u00e0 sa position initiale.<\/p>\n<p><strong>Vos avantages en un coup d&rsquo;\u0153il<\/strong><\/p>\n<p>-Cl\u00e9 \u00e0 ergots pour la d\u00e9tection des gaz et de la baisse du niveau d&rsquo;huile<br>-Soupape de protection contre un d\u00e9bit d&rsquo;huile excessif<br>-Chambre flottante s\u00e9par\u00e9e du m\u00e9canisme de commutation<br>-Changement des interrupteurs Reed sans interf\u00e9rer avec le circuit d&rsquo;huile<br>-Rev\u00eatement C5-M r\u00e9sistant aux UV (SOLIDLINE)<br>-Vanne \u00e0 bille 1\/8 pour l&rsquo;\u00e9chantillonnage<br>-Test de fonctionnement m\u00e9canique de l&rsquo;interrupteur \u00e0 contact (bouton de test)<br>-Simulation de fonctionnement pneumatique (en option)<br>Relais Buchholz MBP selon EN 50216-2<br>Notre relais Buchholz MBP selon EN 50216-2 est conforme aux exigences de la norme europ\u00e9enne EN 50216-2. Les normes pr\u00e9cisent les limites de fonctionnement, les dimensions, les performances et les caract\u00e9ristiques \u00e9lectriques. Le bo\u00eetier est fabriqu\u00e9 \u00e0 l&rsquo;aide d&rsquo;un proc\u00e9d\u00e9 d&rsquo;aluminium moul\u00e9 sous pression et, en combinaison avec le rev\u00eatement en poudre C5-M, il offre le plus haut niveau de r\u00e9sistance aux UV et \u00e0 la corrosion.<\/p>\n<p> <\/p>\n<p><strong>Caract\u00e9ristiques de notre relais Buchholz :<\/strong><\/p>\n<p>-Dimensions nominales des tuyaux : DN 25 (1) ; DN 50 (2) ; DN 80 (3)<br>-Raccordement : Raccord \u00e0 bride, (DN 25 \u00e9galement avec raccord filet\u00e9 G 1 1\/2)<br>-\u00c9l\u00e9ment de commutation : \u00c9l\u00e9ment de commutation : Cl\u00e9 \u00e0 molette<br>-Nombre de contacts de commutation : Jusqu&rsquo;\u00e0 2 contacts NO ou 2 contacts CO (SPDT) par fonction<br>-Temp\u00e9rature ambiante : Temp\u00e9rature ambiante : -30\u00b0C \u00e0 55\u00b0C<br>-Classe de protection : IP65 (IP68 en option)<br>-D\u00e9bit : 0,65 m\/s ; 1,00 m\/s ; 1,50 m\/s ; 2,00 m\/s<br>-Couvercle \u00e0 pince R\u00e9tention magn\u00e9tique<br>-R\u00e9ponse du syst\u00e8me de commutation \u00e0 accumulation de gaz : 200 cm\u00b3 &#8211; 300 cm\u00b3<br>-Couleurs RAL couramment utilis\u00e9es dans les carrelages<\/p>\n<p><strong>Buchholz relais MBP design sp\u00e9cial<\/strong><\/p>\n<p>Conception sp\u00e9ciale \u00e9labor\u00e9e en fonction des exigences du client. Bien que les fonctions soient identiques, les principales diff\u00e9rences se situent au niveau des dimensions de la bride, du cercle de boulonnage, du diam\u00e8tre nominal DN76 et de la largeur du corps.<\/p>\n<p><img decoding=\"async\" class=\"detay-image-yatay\" src=\"https:\/\/www.ankaraseramik.com\/images\/urun-fotograflari\/Buchholz-Role-MBP-4.png\" alt=\"\"><strong>Dispositif de pr\u00e9l\u00e8vement de gaz MGSD<\/strong><\/p>\n<p>Dans les grands transformateurs de puissance, le relais Buchholz est situ\u00e9 \u00e0 une hauteur difficile d&rsquo;acc\u00e8s (entre la chaudi\u00e8re et le vase d&rsquo;expansion). L&rsquo;unit\u00e9 de pr\u00e9l\u00e8vement de gaz MGSD est reli\u00e9e au relais Buchholz par un tube en cuivre et peut \u00eatre mont\u00e9e n&rsquo;importe o\u00f9 sur le transformateur. Utilis\u00e9 pour l&rsquo;\u00e9chantillonnage simplifi\u00e9 du gaz ou du p\u00e9trole dans le sol. En option, il est possible d&rsquo;ajouter une vanne d&rsquo;\u00e9chantillonnage d&rsquo;huile suppl\u00e9mentaire et une vanne pour l&rsquo;essai de fonctionnement pneumatique des interrupteurs.<\/p>\n<p><strong>Installation du relais Buchholz MBP<\/strong><\/p>\n<p>Le relais Buchholz est mont\u00e9 entre la cuve du transformateur et le vase d&rsquo;expansion. Les points suivants doivent \u00eatre respect\u00e9s pour une installation correcte du relais Buchholz :<\/p>\n<p><strong>La fl\u00e8che rouge pointe vers le vase d&rsquo;expansion (la fl\u00e8che pointe dans le sens de l&rsquo;\u00e9coulement).<\/strong><\/p>\n<p>L&rsquo;angle d&rsquo;inclinaison de la canalisation par rapport \u00e0 l&rsquo;expandeur ne doit pas d\u00e9passer 0\u00b0 et ne doit pas \u00eatre sup\u00e9rieur \u00e0 0\u00b0. ne doit pas d\u00e9passer 5\u00b0.<br>Les gaz doivent pouvoir atteindre le relais Buchholz sans obstruction.<br>Pour des informations plus d\u00e9taill\u00e9es sur les diff\u00e9rents relais Buchholz et les possibilit\u00e9s de commande, veuillez nous contacter. <\/p>\n<\/div>\n<\/div>\n<\/div>\t\t\t\t\t\t\t\t<\/div>\n\t\t\t\t<\/div>\n\t\t\t\t<div class=\"elementor-element elementor-element-921d43a elementor-icon-list--layout-traditional elementor-list-item-link-full_width elementor-widget elementor-widget-icon-list\" data-id=\"921d43a\" data-element_type=\"widget\" data-widget_type=\"icon-list.default\">\n\t\t\t\t<div class=\"elementor-widget-container\">\n\t\t\t\t\t\t\t<ul class=\"elementor-icon-list-items\">\n\t\t\t\t\t\t\t<li class=\"elementor-icon-list-item\">\n\t\t\t\t\t\t\t\t\t\t\t<a href=\"https:\/\/ankaraseramik.com\/urun-pdfleri\/buchholz-rolesi-mbp-47-3572372.pdf\" target=\"_blank\">\n\n\t\t\t\t\t\t\t\t\t\t\t\t<span class=\"elementor-icon-list-icon\">\n\t\t\t\t\t\t\t<svg aria-hidden=\"true\" class=\"e-font-icon-svg e-far-file-pdf\" viewBox=\"0 0 384 512\" xmlns=\"http:\/\/www.w3.org\/2000\/svg\"><path d=\"M369.9 97.9L286 14C277 5 264.8-.1 252.1-.1H48C21.5 0 0 21.5 0 48v416c0 26.5 21.5 48 48 48h288c26.5 0 48-21.5 48-48V131.9c0-12.7-5.1-25-14.1-34zM332.1 128H256V51.9l76.1 76.1zM48 464V48h160v104c0 13.3 10.7 24 24 24h104v288H48zm250.2-143.7c-12.2-12-47-8.7-64.4-6.5-17.2-10.5-28.7-25-36.8-46.3 3.9-16.1 10.1-40.6 5.4-56-4.2-26.2-37.8-23.6-42.6-5.9-4.4 16.1-.4 38.5 7 67.1-10 23.9-24.9 56-35.4 74.4-20 10.3-47 26.2-51 46.2-3.3 15.8 26 55.2 76.1-31.2 22.4-7.4 46.8-16.5 68.4-20.1 18.9 10.2 41 17 55.8 17 25.5 0 28-28.2 17.5-38.7zm-198.1 77.8c5.1-13.7 24.5-29.5 30.4-35-19 30.3-30.4 35.7-30.4 35zm81.6-190.6c7.4 0 6.7 32.1 1.8 40.8-4.4-13.9-4.3-40.8-1.8-40.8zm-24.4 136.6c9.7-16.9 18-37 24.7-54.7 8.3 15.1 18.9 27.2 30.1 35.5-20.8 4.3-38.9 13.1-54.8 19.2zm131.6-5s-5 6-37.3-7.8c35.1-2.6 40.9 5.4 37.3 7.8z\"><\/path><\/svg>\t\t\t\t\t\t<\/span>\n\t\t\t\t\t\t\t\t\t\t<span class=\"elementor-icon-list-text\">Buchholz Relais MBP<\/span>\n\t\t\t\t\t\t\t\t\t\t\t<\/a>\n\t\t\t\t\t\t\t\t\t<\/li>\n\t\t\t\t\t\t<\/ul>\n\t\t\t\t\t\t<\/div>\n\t\t\t\t<\/div>\n\t\t\t\t\t<\/div>\n\t\t<\/div>\n\t\t\t\t<div class=\"elementor-column elementor-col-50 elementor-top-column elementor-element elementor-element-4601bab\" data-id=\"4601bab\" data-element_type=\"column\">\n\t\t\t<div class=\"elementor-widget-wrap elementor-element-populated\">\n\t\t\t\t\t\t<div class=\"elementor-element elementor-element-71c43de elementor-arrows-position-inside elementor-pagination-position-outside elementor-widget elementor-widget-image-carousel\" data-id=\"71c43de\" data-element_type=\"widget\" data-settings=\"{&quot;slides_to_show&quot;:&quot;1&quot;,&quot;navigation&quot;:&quot;both&quot;,&quot;autoplay&quot;:&quot;yes&quot;,&quot;pause_on_hover&quot;:&quot;yes&quot;,&quot;pause_on_interaction&quot;:&quot;yes&quot;,&quot;autoplay_speed&quot;:5000,&quot;infinite&quot;:&quot;yes&quot;,&quot;effect&quot;:&quot;slide&quot;,&quot;speed&quot;:500}\" data-widget_type=\"image-carousel.default\">\n\t\t\t\t<div class=\"elementor-widget-container\">\n\t\t\t\t\t\t\t<div class=\"elementor-image-carousel-wrapper swiper\" role=\"region\" aria-roledescription=\"carousel\" aria-label=\"Carrousel d\u2019images\" dir=\"ltr\">\n\t\t\t<div class=\"elementor-image-carousel swiper-wrapper\" aria-live=\"off\">\n\t\t\t\t\t\t\t\t<div class=\"swiper-slide\" role=\"group\" aria-roledescription=\"slide\" aria-label=\"1 sur 3\"><figure class=\"swiper-slide-inner\"><img decoding=\"async\" class=\"swiper-slide-image\" src=\"https:\/\/ankaraseramik.com\/wp-content\/uploads\/2024\/10\/MGSD-1.webp\" alt=\"MGSD.webp\" \/><\/figure><\/div><div class=\"swiper-slide\" role=\"group\" aria-roledescription=\"slide\" aria-label=\"2 sur 3\"><figure class=\"swiper-slide-inner\"><img decoding=\"async\" class=\"swiper-slide-image\" src=\"https:\/\/ankaraseramik.com\/wp-content\/uploads\/2024\/10\/MBP-buchholz-relais-1.webp\" alt=\"MBP-buchholz-relais.webp\" \/><\/figure><\/div><div class=\"swiper-slide\" role=\"group\" aria-roledescription=\"slide\" aria-label=\"3 sur 3\"><figure class=\"swiper-slide-inner\"><img decoding=\"async\" class=\"swiper-slide-image\" src=\"https:\/\/ankaraseramik.com\/wp-content\/uploads\/2024\/10\/Buchholzrelais-MBP8-DN76-1.webp\" alt=\"Buchholzrelais-MBP8-DN76.webp\" \/><\/figure><\/div>\t\t\t<\/div>\n\t\t\t\t\t\t\t\t\t\t\t\t<div class=\"elementor-swiper-button elementor-swiper-button-prev\" role=\"button\" tabindex=\"0\">\n\t\t\t\t\t\t<svg aria-hidden=\"true\" class=\"e-font-icon-svg e-eicon-chevron-left\" viewBox=\"0 0 1000 1000\" xmlns=\"http:\/\/www.w3.org\/2000\/svg\"><path d=\"M646 125C629 125 613 133 604 142L308 442C296 454 292 471 292 487 292 504 296 521 308 533L604 854C617 867 629 875 646 875 663 875 679 871 692 858 704 846 713 829 713 812 713 796 708 779 692 767L438 487 692 225C700 217 708 204 708 187 708 171 704 154 692 142 675 129 663 125 646 125Z\"><\/path><\/svg>\t\t\t\t\t<\/div>\n\t\t\t\t\t<div class=\"elementor-swiper-button elementor-swiper-button-next\" role=\"button\" tabindex=\"0\">\n\t\t\t\t\t\t<svg aria-hidden=\"true\" class=\"e-font-icon-svg e-eicon-chevron-right\" viewBox=\"0 0 1000 1000\" xmlns=\"http:\/\/www.w3.org\/2000\/svg\"><path d=\"M696 533C708 521 713 504 713 487 713 471 708 454 696 446L400 146C388 133 375 125 354 125 338 125 325 129 313 142 300 154 292 171 292 187 292 204 296 221 308 233L563 492 304 771C292 783 288 800 288 817 288 833 296 850 308 863 321 871 338 875 354 875 371 875 388 867 400 854L696 533Z\"><\/path><\/svg>\t\t\t\t\t<\/div>\n\t\t\t\t\n\t\t\t\t\t\t\t\t\t<div class=\"swiper-pagination\"><\/div>\n\t\t\t\t\t\t\t\t\t<\/div>\n\t\t\t\t\t\t<\/div>\n\t\t\t\t<\/div>\n\t\t\t\t\t<\/div>\n\t\t<\/div>\n\t\t\t\t\t<\/div>\n\t\t<\/section>\n\t\t<div class=\"elementor-element elementor-element-9fdd2a6 e-flex e-con-boxed e-con e-parent\" data-id=\"9fdd2a6\" data-element_type=\"container\">\n\t\t\t\t\t<div class=\"e-con-inner\">\n\t\t\t\t<div class=\"elementor-element elementor-element-ec63f46 elementor-widget elementor-widget-heading\" data-id=\"ec63f46\" data-element_type=\"widget\" data-widget_type=\"heading.default\">\n\t\t\t\t<div class=\"elementor-widget-container\">\n\t\t\t\t\t<h2 class=\"elementor-heading-title elementor-size-default\">Main Footer<\/h2>\t\t\t\t<\/div>\n\t\t\t\t<\/div>\n\t\t\t\t\t<\/div>\n\t\t\t\t<\/div>\n\t\t\t\t<\/div>\n\t\t","protected":false},"excerpt":{"rendered":"<p>Le relais Buchholz MBP, conforme \u00e0 la norme EN 50216-2, sert \u00e0 prot\u00e9ger les transformateurs et les r\u00e9gulateurs avec vase d&rsquo;expansion. Il est raccord\u00e9 \u00e0 la tuyauterie entre la chaudi\u00e8re et le vase d&rsquo;expansion. Le relais Buchholz MBP agit comme un dispositif de protection, \u00e9quip\u00e9 d&rsquo;une alarme ou de deux<\/p>\n","protected":false},"author":1,"featured_media":0,"parent":0,"menu_order":0,"comment_status":"closed","ping_status":"closed","template":"","meta":{"footnotes":""},"class_list":["post-10201","page","type-page","status-publish","hentry"],"_links":{"self":[{"href":"https:\/\/ankaraseramik.com\/fr\/wp-json\/wp\/v2\/pages\/10201","targetHints":{"allow":["GET"]}}],"collection":[{"href":"https:\/\/ankaraseramik.com\/fr\/wp-json\/wp\/v2\/pages"}],"about":[{"href":"https:\/\/ankaraseramik.com\/fr\/wp-json\/wp\/v2\/types\/page"}],"author":[{"embeddable":true,"href":"https:\/\/ankaraseramik.com\/fr\/wp-json\/wp\/v2\/users\/1"}],"replies":[{"embeddable":true,"href":"https:\/\/ankaraseramik.com\/fr\/wp-json\/wp\/v2\/comments?post=10201"}],"version-history":[{"count":0,"href":"https:\/\/ankaraseramik.com\/fr\/wp-json\/wp\/v2\/pages\/10201\/revisions"}],"wp:attachment":[{"href":"https:\/\/ankaraseramik.com\/fr\/wp-json\/wp\/v2\/media?parent=10201"}],"curies":[{"name":"wp","href":"https:\/\/api.w.org\/{rel}","templated":true}]}}