{"id":10206,"date":"2024-08-01T14:51:29","date_gmt":"2024-08-01T11:51:29","guid":{"rendered":"https:\/\/ankaraseramik.com\/bloc-de-protection-mchd\/"},"modified":"2024-10-11T14:33:06","modified_gmt":"2024-10-11T11:33:06","slug":"bloc-de-protection-mchd","status":"publish","type":"page","link":"https:\/\/ankaraseramik.com\/fr\/bloc-de-protection-mchd\/","title":{"rendered":"Bloc de protection MCHD"},"content":{"rendered":"\t\t<div data-elementor-type=\"wp-page\" data-elementor-id=\"10206\" class=\"elementor elementor-10206 elementor-6884\" data-elementor-post-type=\"page\">\n\t\t\t\t\t\t<section class=\"elementor-section elementor-top-section elementor-element elementor-element-291e6f3 elementor-reverse-tablet elementor-reverse-mobile elementor-section-boxed elementor-section-height-default elementor-section-height-default\" data-id=\"291e6f3\" data-element_type=\"section\">\n\t\t\t\t\t\t<div class=\"elementor-container elementor-column-gap-default\">\n\t\t\t\t\t<div class=\"elementor-column elementor-col-50 elementor-top-column elementor-element elementor-element-61a4936\" data-id=\"61a4936\" data-element_type=\"column\">\n\t\t\t<div class=\"elementor-widget-wrap elementor-element-populated\">\n\t\t\t\t\t\t<div class=\"elementor-element elementor-element-1ab495c elementor-widget elementor-widget-heading\" data-id=\"1ab495c\" data-element_type=\"widget\" data-widget_type=\"heading.default\">\n\t\t\t\t<div class=\"elementor-widget-container\">\n\t\t\t\t\t<h2 class=\"elementor-heading-title elementor-size-default\">Main Footer<\/h2>\t\t\t\t<\/div>\n\t\t\t\t<\/div>\n\t\t\t\t<div class=\"elementor-element elementor-element-f2f759e elementor-widget elementor-widget-text-editor\" data-id=\"f2f759e\" data-element_type=\"widget\" data-widget_type=\"text-editor.default\">\n\t\t\t\t<div class=\"elementor-widget-container\">\n\t\t\t\t\t\t\t\t\t<div class=\"product-detail-col\">\n<div class=\"product-detail-col-body\">\n<div class=\"right-col\">\n<p>Le relais de protection MCHD pour transformateurs ou r\u00e9gulateurs herm\u00e9tiques remplis de liquide selon la norme EN 50216-3 pour une utilisation \u00e0 l&rsquo;int\u00e9rieur et \u00e0 l&rsquo;ext\u00e9rieur offre une confiance absolue en cas de d\u00e9faut dans le profil herm\u00e9tique. L&rsquo;\u00e9tanch\u00e9it\u00e9 et le bon fonctionnement de chaque relais de protection herm\u00e9tique MCHD sont test\u00e9s individuellement lors de l&rsquo;essai des composants. <\/p>\n<p>Fonctions de l&rsquo;unit\u00e9 de protection herm\u00e9tique MCHD<\/p>\n<p>Niveau d&rsquo;huile : Lorsque le niveau d&rsquo;huile baisse, le flotteur se d\u00e9place vers le bas et actionne un interrupteur Reed. En outre, le niveau d&rsquo;huile est visualis\u00e9 sur le voyant.<br \/>Temp\u00e9rature : La temp\u00e9rature de l&rsquo;huile est transmise \u00e0 l&rsquo;\u00e9chelle de temp\u00e9rature au moyen d&rsquo;un thermom\u00e8tre bim\u00e9tallique avec une plage d&rsquo;affichage de 0\u00b0 C \u00e0 140\u00b0 C. En outre, il y a un relais de protection MCHD ainsi qu&rsquo;un interrupteur de fin de course r\u00e9glable et un indicateur de mise en marche (Schleppzeiger).<br \/>Accumulation de gaz Lorsque du gaz est accumul\u00e9 (max. 170 cm3), le flotteur est d\u00e9sactiv\u00e9 et un interrupteur Reed est activ\u00e9. En outre, l&rsquo;accumulation de gaz peut \u00eatre contr\u00f4l\u00e9e visuellement par le voyant.<br \/>Surpression : En cas de surpression, la membrane en Viton la d\u00e9tecte et coupe le transformateur. La valeur est r\u00e9gl\u00e9e entre 10 et 50 kPa par incr\u00e9ments de 5 kPa.    <\/p>\n<p>Vos avantages en un coup d&rsquo;\u0153il<\/p>\n<p>-Interrupteur pour la sortie du gaz et le niveau d&rsquo;huile<br \/>-Pressostat r\u00e9glable<br \/>-Thermom\u00e8tre bim\u00e9tallique pour mesurer et contr\u00f4ler la temp\u00e9rature de l&rsquo;huile<br \/>Thermom\u00e8tre m\u00e9tallique pour mesurer et contr\u00f4ler la temp\u00e9rature de l&rsquo;huile -Vanne \u00e0 bille 1\/8 pour l&rsquo;\u00e9chantillonnage et l&rsquo;\u00e9vacuation de l&rsquo;huile<br \/>-Rev\u00eatement C5-M r\u00e9sistant aux UV (SOLIDLINE)<br \/>-Chambre flottante s\u00e9par\u00e9e du m\u00e9canisme de commutation<br \/>Le relais de protection de transformateur MCHD est con\u00e7u comme un dispositif de protection \u00ab tout-en-un \u00bb. Il d\u00e9tecte les risques les plus importants et, selon les besoins, \u00e9met un signal d&rsquo;alarme ou coupe le transformateur de mani\u00e8re fiable. Le relais de protection herm\u00e9tique MCHD garantit la protection herm\u00e9tique de vos transformateurs.  <\/p>\n<p>Pour plus d&rsquo;informations, veuillez t\u00e9l\u00e9charger la brochure du relais herm\u00e9tique de protection des transformateurs MCHD.<\/p>\n<\/div>\n<\/div>\n<\/div>\n\t\t\t\t\t\t\t\t<\/div>\n\t\t\t\t<\/div>\n\t\t\t\t<div class=\"elementor-element elementor-element-921d43a elementor-icon-list--layout-traditional elementor-list-item-link-full_width elementor-widget elementor-widget-icon-list\" data-id=\"921d43a\" data-element_type=\"widget\" data-widget_type=\"icon-list.default\">\n\t\t\t\t<div class=\"elementor-widget-container\">\n\t\t\t\t\t\t\t<ul class=\"elementor-icon-list-items\">\n\t\t\t\t\t\t\t<li class=\"elementor-icon-list-item\">\n\t\t\t\t\t\t\t\t\t\t\t<a href=\"https:\/\/ankaraseramik.com\/urun-pdfleri\/hermetik-trafo-icin-koruma-rolesi-mchd-48-9665949.pdf\" target=\"_blank\">\n\n\t\t\t\t\t\t\t\t\t\t\t\t<span class=\"elementor-icon-list-icon\">\n\t\t\t\t\t\t\t<svg aria-hidden=\"true\" class=\"e-font-icon-svg e-far-file-pdf\" viewBox=\"0 0 384 512\" xmlns=\"http:\/\/www.w3.org\/2000\/svg\"><path d=\"M369.9 97.9L286 14C277 5 264.8-.1 252.1-.1H48C21.5 0 0 21.5 0 48v416c0 26.5 21.5 48 48 48h288c26.5 0 48-21.5 48-48V131.9c0-12.7-5.1-25-14.1-34zM332.1 128H256V51.9l76.1 76.1zM48 464V48h160v104c0 13.3 10.7 24 24 24h104v288H48zm250.2-143.7c-12.2-12-47-8.7-64.4-6.5-17.2-10.5-28.7-25-36.8-46.3 3.9-16.1 10.1-40.6 5.4-56-4.2-26.2-37.8-23.6-42.6-5.9-4.4 16.1-.4 38.5 7 67.1-10 23.9-24.9 56-35.4 74.4-20 10.3-47 26.2-51 46.2-3.3 15.8 26 55.2 76.1-31.2 22.4-7.4 46.8-16.5 68.4-20.1 18.9 10.2 41 17 55.8 17 25.5 0 28-28.2 17.5-38.7zm-198.1 77.8c5.1-13.7 24.5-29.5 30.4-35-19 30.3-30.4 35.7-30.4 35zm81.6-190.6c7.4 0 6.7 32.1 1.8 40.8-4.4-13.9-4.3-40.8-1.8-40.8zm-24.4 136.6c9.7-16.9 18-37 24.7-54.7 8.3 15.1 18.9 27.2 30.1 35.5-20.8 4.3-38.9 13.1-54.8 19.2zm131.6-5s-5 6-37.3-7.8c35.1-2.6 40.9 5.4 37.3 7.8z\"><\/path><\/svg>\t\t\t\t\t\t<\/span>\n\t\t\t\t\t\t\t\t\t\t<span class=\"elementor-icon-list-text\">Relais de protection pour transformateur herm\u00e9tique MCHD<\/span>\n\t\t\t\t\t\t\t\t\t\t\t<\/a>\n\t\t\t\t\t\t\t\t\t<\/li>\n\t\t\t\t\t\t<\/ul>\n\t\t\t\t\t\t<\/div>\n\t\t\t\t<\/div>\n\t\t\t\t\t<\/div>\n\t\t<\/div>\n\t\t\t\t<div class=\"elementor-column elementor-col-50 elementor-top-column elementor-element elementor-element-4601bab\" data-id=\"4601bab\" data-element_type=\"column\">\n\t\t\t<div class=\"elementor-widget-wrap elementor-element-populated\">\n\t\t\t\t\t\t<div class=\"elementor-element elementor-element-b240483 elementor-arrows-position-inside elementor-pagination-position-outside elementor-widget elementor-widget-image-carousel\" data-id=\"b240483\" data-element_type=\"widget\" data-settings=\"{&quot;slides_to_show&quot;:&quot;1&quot;,&quot;navigation&quot;:&quot;both&quot;,&quot;autoplay&quot;:&quot;yes&quot;,&quot;pause_on_hover&quot;:&quot;yes&quot;,&quot;pause_on_interaction&quot;:&quot;yes&quot;,&quot;autoplay_speed&quot;:5000,&quot;infinite&quot;:&quot;yes&quot;,&quot;effect&quot;:&quot;slide&quot;,&quot;speed&quot;:500}\" data-widget_type=\"image-carousel.default\">\n\t\t\t\t<div class=\"elementor-widget-container\">\n\t\t\t\t\t\t\t<div class=\"elementor-image-carousel-wrapper swiper\" role=\"region\" aria-roledescription=\"carousel\" aria-label=\"Carrousel d\u2019images\" dir=\"ltr\">\n\t\t\t<div class=\"elementor-image-carousel swiper-wrapper\" aria-live=\"off\">\n\t\t\t\t\t\t\t\t<div class=\"swiper-slide\" role=\"group\" aria-roledescription=\"slide\" aria-label=\"1 sur 3\"><figure class=\"swiper-slide-inner\"><img decoding=\"async\" class=\"swiper-slide-image\" src=\"https:\/\/ankaraseramik.com\/wp-content\/uploads\/2024\/10\/Koruma-blogu-MCHD-1.webp\" alt=\"Koruma-blogu-MCHD.webp\" \/><\/figure><\/div><div class=\"swiper-slide\" role=\"group\" aria-roledescription=\"slide\" aria-label=\"2 sur 3\"><figure class=\"swiper-slide-inner\"><img decoding=\"async\" class=\"swiper-slide-image\" src=\"https:\/\/ankaraseramik.com\/wp-content\/uploads\/2024\/10\/Koruma-blogu-MCHD-_3_-1.webp\" alt=\"Koruma-blogu-MCHD-_3_.webp\" \/><\/figure><\/div><div class=\"swiper-slide\" role=\"group\" aria-roledescription=\"slide\" aria-label=\"3 sur 3\"><figure class=\"swiper-slide-inner\"><img decoding=\"async\" class=\"swiper-slide-image\" src=\"https:\/\/ankaraseramik.com\/wp-content\/uploads\/2024\/10\/Koruma-blogu-MCHD-_2_-1.webp\" alt=\"Koruma-blogu-MCHD-_2_.webp\" \/><\/figure><\/div>\t\t\t<\/div>\n\t\t\t\t\t\t\t\t\t\t\t\t<div class=\"elementor-swiper-button elementor-swiper-button-prev\" role=\"button\" tabindex=\"0\">\n\t\t\t\t\t\t<svg aria-hidden=\"true\" class=\"e-font-icon-svg e-eicon-chevron-left\" viewBox=\"0 0 1000 1000\" xmlns=\"http:\/\/www.w3.org\/2000\/svg\"><path d=\"M646 125C629 125 613 133 604 142L308 442C296 454 292 471 292 487 292 504 296 521 308 533L604 854C617 867 629 875 646 875 663 875 679 871 692 858 704 846 713 829 713 812 713 796 708 779 692 767L438 487 692 225C700 217 708 204 708 187 708 171 704 154 692 142 675 129 663 125 646 125Z\"><\/path><\/svg>\t\t\t\t\t<\/div>\n\t\t\t\t\t<div class=\"elementor-swiper-button elementor-swiper-button-next\" role=\"button\" tabindex=\"0\">\n\t\t\t\t\t\t<svg aria-hidden=\"true\" class=\"e-font-icon-svg e-eicon-chevron-right\" viewBox=\"0 0 1000 1000\" xmlns=\"http:\/\/www.w3.org\/2000\/svg\"><path d=\"M696 533C708 521 713 504 713 487 713 471 708 454 696 446L400 146C388 133 375 125 354 125 338 125 325 129 313 142 300 154 292 171 292 187 292 204 296 221 308 233L563 492 304 771C292 783 288 800 288 817 288 833 296 850 308 863 321 871 338 875 354 875 371 875 388 867 400 854L696 533Z\"><\/path><\/svg>\t\t\t\t\t<\/div>\n\t\t\t\t\n\t\t\t\t\t\t\t\t\t<div class=\"swiper-pagination\"><\/div>\n\t\t\t\t\t\t\t\t\t<\/div>\n\t\t\t\t\t\t<\/div>\n\t\t\t\t<\/div>\n\t\t\t\t\t<\/div>\n\t\t<\/div>\n\t\t\t\t\t<\/div>\n\t\t<\/section>\n\t\t<div class=\"elementor-element elementor-element-9fdd2a6 e-flex e-con-boxed e-con e-parent\" data-id=\"9fdd2a6\" data-element_type=\"container\">\n\t\t\t\t\t<div class=\"e-con-inner\">\n\t\t\t\t<div class=\"elementor-element elementor-element-ec63f46 elementor-widget elementor-widget-heading\" data-id=\"ec63f46\" data-element_type=\"widget\" data-widget_type=\"heading.default\">\n\t\t\t\t<div class=\"elementor-widget-container\">\n\t\t\t\t\t<h2 class=\"elementor-heading-title elementor-size-default\">Main Footer<\/h2>\t\t\t\t<\/div>\n\t\t\t\t<\/div>\n\t\t\t\t\t<\/div>\n\t\t\t\t<\/div>\n\t\t\t\t<\/div>\n\t\t","protected":false},"excerpt":{"rendered":"<p>Le relais de protection MCHD pour transformateurs ou r\u00e9gulateurs herm\u00e9tiques remplis de liquide selon la norme EN 50216-3 pour une utilisation \u00e0 l&rsquo;int\u00e9rieur et \u00e0 l&rsquo;ext\u00e9rieur offre une confiance absolue en cas de d\u00e9faut dans le profil herm\u00e9tique. L&rsquo;\u00e9tanch\u00e9it\u00e9 et le bon fonctionnement de chaque relais de protection herm\u00e9tique MCHD<\/p>\n","protected":false},"author":1,"featured_media":0,"parent":0,"menu_order":0,"comment_status":"closed","ping_status":"closed","template":"","meta":{"footnotes":""},"class_list":["post-10206","page","type-page","status-publish","hentry"],"_links":{"self":[{"href":"https:\/\/ankaraseramik.com\/fr\/wp-json\/wp\/v2\/pages\/10206","targetHints":{"allow":["GET"]}}],"collection":[{"href":"https:\/\/ankaraseramik.com\/fr\/wp-json\/wp\/v2\/pages"}],"about":[{"href":"https:\/\/ankaraseramik.com\/fr\/wp-json\/wp\/v2\/types\/page"}],"author":[{"embeddable":true,"href":"https:\/\/ankaraseramik.com\/fr\/wp-json\/wp\/v2\/users\/1"}],"replies":[{"embeddable":true,"href":"https:\/\/ankaraseramik.com\/fr\/wp-json\/wp\/v2\/comments?post=10206"}],"version-history":[{"count":0,"href":"https:\/\/ankaraseramik.com\/fr\/wp-json\/wp\/v2\/pages\/10206\/revisions"}],"wp:attachment":[{"href":"https:\/\/ankaraseramik.com\/fr\/wp-json\/wp\/v2\/media?parent=10206"}],"curies":[{"name":"wp","href":"https:\/\/api.w.org\/{rel}","templated":true}]}}