{"id":10211,"date":"2024-08-01T15:01:34","date_gmt":"2024-08-01T12:01:34","guid":{"rendered":"https:\/\/ankaraseramik.com\/relais-de-protection-hermetique-mhpr\/"},"modified":"2024-10-11T14:46:29","modified_gmt":"2024-10-11T11:46:29","slug":"relais-de-protection-hermetique-mhpr","status":"publish","type":"page","link":"https:\/\/ankaraseramik.com\/fr\/relais-de-protection-hermetique-mhpr\/","title":{"rendered":"Relais de protection herm\u00e9tique MHPR"},"content":{"rendered":"\t\t<div data-elementor-type=\"wp-page\" data-elementor-id=\"10211\" class=\"elementor elementor-10211 elementor-6900\" data-elementor-post-type=\"page\">\n\t\t\t\t\t\t<section class=\"elementor-section elementor-top-section elementor-element elementor-element-291e6f3 elementor-reverse-tablet elementor-reverse-mobile elementor-section-boxed elementor-section-height-default elementor-section-height-default\" data-id=\"291e6f3\" data-element_type=\"section\">\n\t\t\t\t\t\t<div class=\"elementor-container elementor-column-gap-default\">\n\t\t\t\t\t<div class=\"elementor-column elementor-col-50 elementor-top-column elementor-element elementor-element-61a4936\" data-id=\"61a4936\" data-element_type=\"column\">\n\t\t\t<div class=\"elementor-widget-wrap elementor-element-populated\">\n\t\t\t\t\t\t<div class=\"elementor-element elementor-element-1ab495c elementor-widget elementor-widget-heading\" data-id=\"1ab495c\" data-element_type=\"widget\" data-widget_type=\"heading.default\">\n\t\t\t\t<div class=\"elementor-widget-container\">\n\t\t\t\t\t<h2 class=\"elementor-heading-title elementor-size-default\">Main Footer<\/h2>\t\t\t\t<\/div>\n\t\t\t\t<\/div>\n\t\t\t\t<div class=\"elementor-element elementor-element-f2f759e elementor-widget elementor-widget-text-editor\" data-id=\"f2f759e\" data-element_type=\"widget\" data-widget_type=\"text-editor.default\">\n\t\t\t\t<div class=\"elementor-widget-container\">\n\t\t\t\t\t\t\t\t\t<div class=\"product-detail-col\">\n<div class=\"product-detail-col-body\">\n<div class=\"right-col\">\n<p>Le relais de protection herm\u00e9tique MHPR a \u00e9t\u00e9 d\u00e9velopp\u00e9 en collaboration avec les fabricants de transformateurs et les fournisseurs d&rsquo;\u00e9lectricit\u00e9. Sa t\u00e2che principale est de surveiller le niveau d&rsquo;huile dans les transformateurs herm\u00e9tiques. Si le niveau d&rsquo;huile dans le tube de remplissage baisse, un contact de commutation est activ\u00e9. Le relais de protection MHPR est disponible en deux longueurs. Nous proposons \u00e9galement des joints suppl\u00e9mentaires sur demande.    <\/p>\n<p><strong>Conception du relais de protection herm\u00e9tique MHPR<\/strong><\/p>\n<p>Le relais de protection MHPR a remplac\u00e9 le bouchon dans le tuyau de remplissage du transformateur. Le bo\u00eetier de l&rsquo;appareil est fait d&rsquo;un alliage d&rsquo;aluminium r\u00e9sistant \u00e0 la pression jusqu&rsquo;\u00e0 0,5 bar avec un joint m\u00e9tallique. Le mouvement vertical du flotteur est transmis \u00e0 l&rsquo;interrupteur. Le flotteur est fabriqu\u00e9 dans un mat\u00e9riau \u00e0 pores ferm\u00e9s r\u00e9sistant \u00e0 l&rsquo;huile, ce qui \u00e9limine le risque de fuite dans le flotteur et garantit une flottabilit\u00e9 durable.   <\/p>\n<p><strong>Vos avantages en un coup d&rsquo;\u0153il<\/strong><\/p>\n<p>-Contr\u00f4le du niveau d&rsquo;huile<br \/>-La baisse du niveau d&rsquo;huile ouvre l&rsquo;allumage Reed<br \/>-Mat\u00e9riaux r\u00e9sistants \u00e0 la corrosion<br \/>Vanne \u00e0 bille -1\/8 pour l&rsquo;\u00e9chantillonnage et la purge de l&rsquo;huile<br \/>Principe de fonctionnement du relais de protection MHPR<br \/>Dans un transformateur correctement rempli, le flotteur est en position haute. Si le niveau d&rsquo;huile baisse, le flotteur se d\u00e9place vers le bas et ouvre un bouton qui d\u00e9clenche une alarme. <\/p>\n<\/div>\n<\/div>\n<\/div>\n\t\t\t\t\t\t\t\t<\/div>\n\t\t\t\t<\/div>\n\t\t\t\t<div class=\"elementor-element elementor-element-3f3e24d elementor-widget elementor-widget-html\" data-id=\"3f3e24d\" data-element_type=\"widget\" data-widget_type=\"html.default\">\n\t\t\t\t<div class=\"elementor-widget-container\">\n\t\t\t\t\t<table>\n\t<tbody>\n\t\t<tr>\n\t\t\t<td colspan=\"2\">D\u00e9tails techniques<\/td>\n\t\t<\/tr>\n\t\t<tr>\n\t\t\t<td rowspan=\"2\">Pouvoir de coupure<\/td><td>240 V AC \/ 0,4 A<\/td>\n\t\t<\/tr>\n\t\t<tr>\n\t\t\t<td>24 V DC \/ 3 A<\/td>\n\t\t<\/tr>\n\t\t<tr>\n\t\t\t<td>Pression de service maximale<\/td><td>50 kPa<\/td>\n\t\t<\/tr>\n\t\t<tr>\n\t\t\t<td>Temp\u00e9rature ambiante maximale<\/td><td>100 \u00b0C<\/td>\n\t\t<\/tr>\n\t<\/tbody>\n<\/table>\t\t\t\t<\/div>\n\t\t\t\t<\/div>\n\t\t\t\t<div class=\"elementor-element elementor-element-f2fe436 elementor-widget elementor-widget-text-editor\" data-id=\"f2fe436\" data-element_type=\"widget\" data-widget_type=\"text-editor.default\">\n\t\t\t\t<div class=\"elementor-widget-container\">\n\t\t\t\t\t\t\t\t\t<div class=\"product-detail-col\">\n<div class=\"product-detail-col-body\">\n<div class=\"right-col\">\n<p><strong>Installation du relais de protection herm\u00e9tique MHPR<\/strong><\/p>\n<p>Le relais de protection herm\u00e9tique MHPR est mont\u00e9 sur le tuyau de remplissage et remplace le bouchon R 1 1\/2. L&rsquo;angle de 15\u00b0 par rapport \u00e0 la verticale ne doit en aucun cas \u00eatre abaiss\u00e9. Pour \u00e9viter les fuites de gaz, il est recommand\u00e9 de placer le tuyau de remplissage sur le bord du couvercle du transformateur lorsque celui-ci est rempli d&rsquo;huile. Si le transformateur et le tuyau de remplissage sont enti\u00e8rement remplis d&rsquo;huile, vous pouvez vidanger environ 100 cm\u00b3 d&rsquo;huile avant l&rsquo;installation du MHPR afin d&rsquo;\u00e9viter toute fuite d&rsquo;huile pendant l&rsquo;installation.   <\/p>\n<p>Pour plus d&rsquo;informations, veuillez t\u00e9l\u00e9charger la brochure.<\/p>\n<\/div>\n<\/div>\n<\/div>\n\t\t\t\t\t\t\t\t<\/div>\n\t\t\t\t<\/div>\n\t\t\t\t<div class=\"elementor-element elementor-element-921d43a elementor-icon-list--layout-traditional elementor-list-item-link-full_width elementor-widget elementor-widget-icon-list\" data-id=\"921d43a\" data-element_type=\"widget\" data-widget_type=\"icon-list.default\">\n\t\t\t\t<div class=\"elementor-widget-container\">\n\t\t\t\t\t\t\t<ul class=\"elementor-icon-list-items\">\n\t\t\t\t\t\t\t<li class=\"elementor-icon-list-item\">\n\t\t\t\t\t\t\t\t\t\t\t<a href=\"https:\/\/ankaraseramik.com\/urun-pdfleri\/hermetik-koruma-roleleri-mhpr-50-4437781.pdf\" target=\"_blank\">\n\n\t\t\t\t\t\t\t\t\t\t\t\t<span class=\"elementor-icon-list-icon\">\n\t\t\t\t\t\t\t<svg aria-hidden=\"true\" class=\"e-font-icon-svg e-far-file-pdf\" viewBox=\"0 0 384 512\" xmlns=\"http:\/\/www.w3.org\/2000\/svg\"><path d=\"M369.9 97.9L286 14C277 5 264.8-.1 252.1-.1H48C21.5 0 0 21.5 0 48v416c0 26.5 21.5 48 48 48h288c26.5 0 48-21.5 48-48V131.9c0-12.7-5.1-25-14.1-34zM332.1 128H256V51.9l76.1 76.1zM48 464V48h160v104c0 13.3 10.7 24 24 24h104v288H48zm250.2-143.7c-12.2-12-47-8.7-64.4-6.5-17.2-10.5-28.7-25-36.8-46.3 3.9-16.1 10.1-40.6 5.4-56-4.2-26.2-37.8-23.6-42.6-5.9-4.4 16.1-.4 38.5 7 67.1-10 23.9-24.9 56-35.4 74.4-20 10.3-47 26.2-51 46.2-3.3 15.8 26 55.2 76.1-31.2 22.4-7.4 46.8-16.5 68.4-20.1 18.9 10.2 41 17 55.8 17 25.5 0 28-28.2 17.5-38.7zm-198.1 77.8c5.1-13.7 24.5-29.5 30.4-35-19 30.3-30.4 35.7-30.4 35zm81.6-190.6c7.4 0 6.7 32.1 1.8 40.8-4.4-13.9-4.3-40.8-1.8-40.8zm-24.4 136.6c9.7-16.9 18-37 24.7-54.7 8.3 15.1 18.9 27.2 30.1 35.5-20.8 4.3-38.9 13.1-54.8 19.2zm131.6-5s-5 6-37.3-7.8c35.1-2.6 40.9 5.4 37.3 7.8z\"><\/path><\/svg>\t\t\t\t\t\t<\/span>\n\t\t\t\t\t\t\t\t\t\t<span class=\"elementor-icon-list-text\">Hermetik koruma r\u00f6lesi MHPR<\/span>\n\t\t\t\t\t\t\t\t\t\t\t<\/a>\n\t\t\t\t\t\t\t\t\t<\/li>\n\t\t\t\t\t\t<\/ul>\n\t\t\t\t\t\t<\/div>\n\t\t\t\t<\/div>\n\t\t\t\t\t<\/div>\n\t\t<\/div>\n\t\t\t\t<div class=\"elementor-column elementor-col-50 elementor-top-column elementor-element elementor-element-4601bab\" data-id=\"4601bab\" data-element_type=\"column\">\n\t\t\t<div class=\"elementor-widget-wrap elementor-element-populated\">\n\t\t\t\t\t\t<div class=\"elementor-element elementor-element-a372688 elementor-widget elementor-widget-image\" data-id=\"a372688\" data-element_type=\"widget\" data-widget_type=\"image.default\">\n\t\t\t\t<div class=\"elementor-widget-container\">\n\t\t\t\t\t\t\t\t\t\t\t\t\t\t\t<img fetchpriority=\"high\" decoding=\"async\" width=\"739\" height=\"800\" src=\"https:\/\/ankaraseramik.com\/wp-content\/uploads\/2024\/10\/Hermetik-Koruma-Roleleri-MHPR.webp\" class=\"attachment-large size-large wp-image-12122\" alt=\"\" srcset=\"https:\/\/ankaraseramik.com\/wp-content\/uploads\/2024\/10\/Hermetik-Koruma-Roleleri-MHPR.webp 739w, https:\/\/ankaraseramik.com\/wp-content\/uploads\/2024\/10\/Hermetik-Koruma-Roleleri-MHPR-277x300.webp 277w\" sizes=\"(max-width: 739px) 100vw, 739px\" \/>\t\t\t\t\t\t\t\t\t\t\t\t\t\t\t<\/div>\n\t\t\t\t<\/div>\n\t\t\t\t\t<\/div>\n\t\t<\/div>\n\t\t\t\t\t<\/div>\n\t\t<\/section>\n\t\t<div class=\"elementor-element elementor-element-9fdd2a6 e-flex e-con-boxed e-con e-parent\" data-id=\"9fdd2a6\" data-element_type=\"container\">\n\t\t\t\t\t<div class=\"e-con-inner\">\n\t\t\t\t<div class=\"elementor-element elementor-element-ec63f46 elementor-widget elementor-widget-heading\" data-id=\"ec63f46\" data-element_type=\"widget\" data-widget_type=\"heading.default\">\n\t\t\t\t<div class=\"elementor-widget-container\">\n\t\t\t\t\t<h2 class=\"elementor-heading-title elementor-size-default\">Main Footer<\/h2>\t\t\t\t<\/div>\n\t\t\t\t<\/div>\n\t\t\t\t\t<\/div>\n\t\t\t\t<\/div>\n\t\t\t\t<\/div>\n\t\t","protected":false},"excerpt":{"rendered":"<p>Le relais de protection herm\u00e9tique MHPR a \u00e9t\u00e9 d\u00e9velopp\u00e9 en collaboration avec les fabricants de transformateurs et les fournisseurs d&rsquo;\u00e9lectricit\u00e9. Sa t\u00e2che principale est de surveiller le niveau d&rsquo;huile dans les transformateurs herm\u00e9tiques. Si le niveau d&rsquo;huile dans le tube de remplissage baisse, un contact de commutation est activ\u00e9. Le<\/p>\n","protected":false},"author":1,"featured_media":0,"parent":0,"menu_order":0,"comment_status":"closed","ping_status":"closed","template":"","meta":{"footnotes":""},"class_list":["post-10211","page","type-page","status-publish","hentry"],"_links":{"self":[{"href":"https:\/\/ankaraseramik.com\/fr\/wp-json\/wp\/v2\/pages\/10211","targetHints":{"allow":["GET"]}}],"collection":[{"href":"https:\/\/ankaraseramik.com\/fr\/wp-json\/wp\/v2\/pages"}],"about":[{"href":"https:\/\/ankaraseramik.com\/fr\/wp-json\/wp\/v2\/types\/page"}],"author":[{"embeddable":true,"href":"https:\/\/ankaraseramik.com\/fr\/wp-json\/wp\/v2\/users\/1"}],"replies":[{"embeddable":true,"href":"https:\/\/ankaraseramik.com\/fr\/wp-json\/wp\/v2\/comments?post=10211"}],"version-history":[{"count":0,"href":"https:\/\/ankaraseramik.com\/fr\/wp-json\/wp\/v2\/pages\/10211\/revisions"}],"wp:attachment":[{"href":"https:\/\/ankaraseramik.com\/fr\/wp-json\/wp\/v2\/media?parent=10211"}],"curies":[{"name":"wp","href":"https:\/\/api.w.org\/{rel}","templated":true}]}}