{"id":10221,"date":"2024-08-01T15:17:17","date_gmt":"2024-08-01T12:17:17","guid":{"rendered":"https:\/\/ankaraseramik.com\/jauges-de-niveau-dhuile-42569\/"},"modified":"2024-09-04T13:51:53","modified_gmt":"2024-09-04T10:51:53","slug":"jauges-de-niveau-dhuile-42569","status":"publish","type":"page","link":"https:\/\/ankaraseramik.com\/fr\/jauges-de-niveau-dhuile-42569\/","title":{"rendered":"Jauges de niveau d&rsquo;huile 42569"},"content":{"rendered":"\t\t<div data-elementor-type=\"wp-page\" data-elementor-id=\"10221\" class=\"elementor elementor-10221 elementor-6920\" data-elementor-post-type=\"page\">\n\t\t\t\t\t\t<section class=\"elementor-section elementor-top-section elementor-element elementor-element-291e6f3 elementor-reverse-tablet elementor-reverse-mobile elementor-section-boxed elementor-section-height-default elementor-section-height-default\" data-id=\"291e6f3\" data-element_type=\"section\">\n\t\t\t\t\t\t<div class=\"elementor-container elementor-column-gap-default\">\n\t\t\t\t\t<div class=\"elementor-column elementor-col-50 elementor-top-column elementor-element elementor-element-61a4936\" data-id=\"61a4936\" data-element_type=\"column\">\n\t\t\t<div class=\"elementor-widget-wrap elementor-element-populated\">\n\t\t\t\t\t\t<div class=\"elementor-element elementor-element-1ab495c elementor-widget elementor-widget-heading\" data-id=\"1ab495c\" data-element_type=\"widget\" data-widget_type=\"heading.default\">\n\t\t\t\t<div class=\"elementor-widget-container\">\n\t\t\t\t\t<h2 class=\"elementor-heading-title elementor-size-default\">Main Footer<\/h2>\t\t\t\t<\/div>\n\t\t\t\t<\/div>\n\t\t\t\t<div class=\"elementor-element elementor-element-f2f759e elementor-widget elementor-widget-text-editor\" data-id=\"f2f759e\" data-element_type=\"widget\" data-widget_type=\"text-editor.default\">\n\t\t\t\t<div class=\"elementor-widget-container\">\n\t\t\t\t\t\t\t\t\t<div class=\"product-detail-col\">\n<div class=\"product-detail-col-body\">\n<div class=\"right-col\">\n<p><strong>Indicateur de niveau d&rsquo;huile magn\u00e9tique DIN 42569<\/strong><\/p>\n<p>L&rsquo;indicateur magn\u00e9tique de niveau d&rsquo;huile conforme \u00e0 la norme DIN 42569 est utilis\u00e9 dans les transformateurs de puissance ou de distribution refroidis \u00e0 l&rsquo;huile ou dans les r\u00e9servoirs d&rsquo;expansion avec r\u00e9gulateurs. Il n&rsquo;y a pas de liaison m\u00e9canique entre le flotteur et la partie d&rsquo;affichage, mais un couplage magn\u00e9tique. L&rsquo;utilisation de l&rsquo;accouplement magn\u00e9tique permet d&rsquo;obtenir une force de serrage allant jusqu&rsquo;\u00e0 10 bars. Si la pi\u00e8ce d&rsquo;affichage est endommag\u00e9e, l&rsquo;huile ne peut pas \u00eatre \u00e9vacu\u00e9e et l&rsquo;air ambiant ne peut pas p\u00e9n\u00e9trer.    <\/p>\n<p>L&rsquo;indicateur de niveau magn\u00e9tique conforme \u00e0 la norme DIN 42569 est disponible en deux types :<br \/>Forme A (sans contacts de commutation) et Forme B (avec un ou deux contacts de commutation NO ou NC).<\/p>\n<p><strong>Indicateur de niveau magn\u00e9tique 42569 Forme A<\/strong><\/p>\n<p>-Mouvement radial du flotteur<br \/>-Accouplement magn\u00e9tique pour le transfert du mouvement du flotteur<br \/>-Temp\u00e9rature de fonctionnement de -25\u00b0C \u00e0 +110\u00b0C<br \/>-Verre de contr\u00f4le r\u00e9sistant aux UV (Makrolon)<\/p>\n<p><strong>Indicateur de niveau magn\u00e9tique 42569 Forme B (MOLC)<\/strong><\/p>\n<p>-Mouvement du flotteur radial (MOLCA) ou axial (MOLCB) au choix<br \/>-Accouplement magn\u00e9tique pour le transfert du mouvement du flotteur<br \/>-Verre de contr\u00f4le r\u00e9sistant aux UV (Makrolon)<br \/>Verre de contr\u00f4le r\u00e9sistant aux UV (Makrolon) -Indicateur de fin de course r\u00e9initialisable<br \/>-Interrupteurs de fin de course en option<br \/>-Temp\u00e9rature de fonctionnement de -25\u00b0C \u00e0 +110\u00b0C<img decoding=\"async\" class=\"detay-image-dikey\" src=\"https:\/\/www.ankaraseramik.com\/images\/urun-fotograflari\/Yag-Seviye-Gostergeleri-42569-2.png\" alt=\"\"><\/p>\n<p><strong>Bou\u00e9e<\/strong><\/p>\n<p>Le PMI (Rohacell) est utilis\u00e9 comme mat\u00e9riau de flottaison. Cette mousse est r\u00e9sistante \u00e0 l&rsquo;huile min\u00e9rale et \u00e0 d&rsquo;autres isolants de transformateurs connus. Comme la mousse a des pores ferm\u00e9s, le fonctionnement est \u00e9galement assur\u00e9 lorsque le flotteur est endommag\u00e9.  <\/p>\n<p><strong>Logement<\/strong><\/p>\n<p>Le bo\u00eetier est fabriqu\u00e9 en alliage d&rsquo;aluminium r\u00e9sistant \u00e0 la corrosion et rev\u00eatu d&rsquo;une poudre PU (RAL 7033 sur demande). Les indicateurs magn\u00e9tiques de niveau d&rsquo;huile r\u00e9pondent aux exigences des normes DIN 42569 et EN 50216-5. <\/p>\n<p>Contactez-nous pour plus d&rsquo;informations.<\/p>\n<\/div>\n<\/div>\n<\/div>\n\t\t\t\t\t\t\t\t<\/div>\n\t\t\t\t<\/div>\n\t\t\t\t<div class=\"elementor-element elementor-element-921d43a elementor-icon-list--layout-traditional elementor-list-item-link-full_width elementor-widget elementor-widget-icon-list\" data-id=\"921d43a\" data-element_type=\"widget\" data-widget_type=\"icon-list.default\">\n\t\t\t\t<div class=\"elementor-widget-container\">\n\t\t\t\t\t\t\t<ul class=\"elementor-icon-list-items\">\n\t\t\t\t\t\t\t<li class=\"elementor-icon-list-item\">\n\t\t\t\t\t\t\t\t\t\t\t<a href=\"https:\/\/ankaraseramik.com\/urun-pdfleri\/din-42569-b-53-5666657.pdf\" target=\"_blank\">\n\n\t\t\t\t\t\t\t\t\t\t\t\t<span class=\"elementor-icon-list-icon\">\n\t\t\t\t\t\t\t<svg aria-hidden=\"true\" class=\"e-font-icon-svg e-far-file-pdf\" viewBox=\"0 0 384 512\" xmlns=\"http:\/\/www.w3.org\/2000\/svg\"><path d=\"M369.9 97.9L286 14C277 5 264.8-.1 252.1-.1H48C21.5 0 0 21.5 0 48v416c0 26.5 21.5 48 48 48h288c26.5 0 48-21.5 48-48V131.9c0-12.7-5.1-25-14.1-34zM332.1 128H256V51.9l76.1 76.1zM48 464V48h160v104c0 13.3 10.7 24 24 24h104v288H48zm250.2-143.7c-12.2-12-47-8.7-64.4-6.5-17.2-10.5-28.7-25-36.8-46.3 3.9-16.1 10.1-40.6 5.4-56-4.2-26.2-37.8-23.6-42.6-5.9-4.4 16.1-.4 38.5 7 67.1-10 23.9-24.9 56-35.4 74.4-20 10.3-47 26.2-51 46.2-3.3 15.8 26 55.2 76.1-31.2 22.4-7.4 46.8-16.5 68.4-20.1 18.9 10.2 41 17 55.8 17 25.5 0 28-28.2 17.5-38.7zm-198.1 77.8c5.1-13.7 24.5-29.5 30.4-35-19 30.3-30.4 35.7-30.4 35zm81.6-190.6c7.4 0 6.7 32.1 1.8 40.8-4.4-13.9-4.3-40.8-1.8-40.8zm-24.4 136.6c9.7-16.9 18-37 24.7-54.7 8.3 15.1 18.9 27.2 30.1 35.5-20.8 4.3-38.9 13.1-54.8 19.2zm131.6-5s-5 6-37.3-7.8c35.1-2.6 40.9 5.4 37.3 7.8z\"><\/path><\/svg>\t\t\t\t\t\t<\/span>\n\t\t\t\t\t\t\t\t\t\t<span class=\"elementor-icon-list-text\">DIN 42569 B<\/span>\n\t\t\t\t\t\t\t\t\t\t\t<\/a>\n\t\t\t\t\t\t\t\t\t<\/li>\n\t\t\t\t\t\t\t\t<li class=\"elementor-icon-list-item\">\n\t\t\t\t\t\t\t\t\t\t\t<a href=\"https:\/\/ankaraseramik.com\/urun-pdfleri\/din-42569-a-en-50126-5-53-7223521.pdf\" target=\"_blank\">\n\n\t\t\t\t\t\t\t\t\t\t\t\t<span class=\"elementor-icon-list-icon\">\n\t\t\t\t\t\t\t<svg aria-hidden=\"true\" class=\"e-font-icon-svg e-far-file-pdf\" viewBox=\"0 0 384 512\" xmlns=\"http:\/\/www.w3.org\/2000\/svg\"><path d=\"M369.9 97.9L286 14C277 5 264.8-.1 252.1-.1H48C21.5 0 0 21.5 0 48v416c0 26.5 21.5 48 48 48h288c26.5 0 48-21.5 48-48V131.9c0-12.7-5.1-25-14.1-34zM332.1 128H256V51.9l76.1 76.1zM48 464V48h160v104c0 13.3 10.7 24 24 24h104v288H48zm250.2-143.7c-12.2-12-47-8.7-64.4-6.5-17.2-10.5-28.7-25-36.8-46.3 3.9-16.1 10.1-40.6 5.4-56-4.2-26.2-37.8-23.6-42.6-5.9-4.4 16.1-.4 38.5 7 67.1-10 23.9-24.9 56-35.4 74.4-20 10.3-47 26.2-51 46.2-3.3 15.8 26 55.2 76.1-31.2 22.4-7.4 46.8-16.5 68.4-20.1 18.9 10.2 41 17 55.8 17 25.5 0 28-28.2 17.5-38.7zm-198.1 77.8c5.1-13.7 24.5-29.5 30.4-35-19 30.3-30.4 35.7-30.4 35zm81.6-190.6c7.4 0 6.7 32.1 1.8 40.8-4.4-13.9-4.3-40.8-1.8-40.8zm-24.4 136.6c9.7-16.9 18-37 24.7-54.7 8.3 15.1 18.9 27.2 30.1 35.5-20.8 4.3-38.9 13.1-54.8 19.2zm131.6-5s-5 6-37.3-7.8c35.1-2.6 40.9 5.4 37.3 7.8z\"><\/path><\/svg>\t\t\t\t\t\t<\/span>\n\t\t\t\t\t\t\t\t\t\t<span class=\"elementor-icon-list-text\">DIN 42569 A - EN 50126-5<\/span>\n\t\t\t\t\t\t\t\t\t\t\t<\/a>\n\t\t\t\t\t\t\t\t\t<\/li>\n\t\t\t\t\t\t<\/ul>\n\t\t\t\t\t\t<\/div>\n\t\t\t\t<\/div>\n\t\t\t\t\t<\/div>\n\t\t<\/div>\n\t\t\t\t<div class=\"elementor-column elementor-col-50 elementor-top-column elementor-element elementor-element-4601bab\" data-id=\"4601bab\" data-element_type=\"column\">\n\t\t\t<div class=\"elementor-widget-wrap elementor-element-populated\">\n\t\t\t\t\t\t<div class=\"elementor-element elementor-element-c24d008 slider-default slider-image-bg slider-arrows-yes arrows-pos-cc arrows-size-big slider-dots-yes dots-pos-bc elementor-widget elementor-widget-mae-slider\" data-id=\"c24d008\" data-element_type=\"widget\" data-widget_type=\"mae-slider.default\">\n\t\t\t\t<div class=\"elementor-widget-container\">\n\t\t\t\t\t                <div class=\"master-slider\" data-config='{\"bgEffIn\":{\"eff\":\"slide\"},\"bgEffOut\":{\"eff\":\"slide\"},\"subEffIn\":{\"eff\":\"slide\"},\"subEffOut\":{\"eff\":\"slide\"},\"titleEffIn\":{\"eff\":\"slide\"},\"titleEffOut\":{\"eff\":\"slide\"},\"descEffIn\":{\"eff\":\"slide\"},\"descEffOut\":{\"eff\":\"slide\"},\"url1EffIn\":{\"eff\":\"slide\"},\"url1EffOut\":{\"eff\":\"slide\"},\"url2EffIn\":{\"eff\":\"slide\"},\"url2EffOut\":{\"eff\":\"slide\"},\"wrapEffIn\":{\"eff\":\"none\"},\"wrapEffOut\":{\"eff\":\"none\"},\"autoplay\":\"no\",\"autoplaySpeed\":null,\"kenburns\":\"no\",\"kenburnsZoom\":null,\"kenburnsDuration\":null}'>\n            <div class=\"bg-wrap\">\n                <div class=\"bg elementor-repeater-item-2876b40 active\"><\/div>            <\/div>\n\n            <div class=\"content-wrap\">\n                <div class=\"slide elementor-repeater-item-2876b40 active\"><div class=\"url-wrap\"><\/div><\/div>            <\/div><!-- \/.content-wrap -->\n\n            <div class=\"control-wrap\">\n                <div class=\"nav-arrow\">\n                    <div class=\"arrow arrow-prev\"><\/div>\n                    <div class=\"arrow arrow-next\"><\/div>         \n                <\/div>\n\n                <div class=\"nav-dots yes\">\n                                    <\/div>\n\n                            <\/div>\n        <\/div><!-- \/.master-slider -->\n\n        \t\t\t\t<\/div>\n\t\t\t\t<\/div>\n\t\t\t\t\t<\/div>\n\t\t<\/div>\n\t\t\t\t\t<\/div>\n\t\t<\/section>\n\t\t<div class=\"elementor-element elementor-element-9fdd2a6 e-flex e-con-boxed e-con e-parent\" data-id=\"9fdd2a6\" data-element_type=\"container\">\n\t\t\t\t\t<div class=\"e-con-inner\">\n\t\t\t\t<div class=\"elementor-element elementor-element-ec63f46 elementor-widget elementor-widget-heading\" data-id=\"ec63f46\" data-element_type=\"widget\" data-widget_type=\"heading.default\">\n\t\t\t\t<div class=\"elementor-widget-container\">\n\t\t\t\t\t<h2 class=\"elementor-heading-title elementor-size-default\">Main Footer<\/h2>\t\t\t\t<\/div>\n\t\t\t\t<\/div>\n\t\t\t\t\t<\/div>\n\t\t\t\t<\/div>\n\t\t\t\t<\/div>\n\t\t","protected":false},"excerpt":{"rendered":"<p>Indicateur de niveau d&rsquo;huile magn\u00e9tique DIN 42569 L&rsquo;indicateur magn\u00e9tique de niveau d&rsquo;huile conforme \u00e0 la norme DIN 42569 est utilis\u00e9 dans les transformateurs de puissance ou de distribution refroidis \u00e0 l&rsquo;huile ou dans les r\u00e9servoirs d&rsquo;expansion avec r\u00e9gulateurs. Il n&rsquo;y a pas de liaison m\u00e9canique entre le flotteur et la<\/p>\n","protected":false},"author":1,"featured_media":0,"parent":0,"menu_order":0,"comment_status":"closed","ping_status":"closed","template":"","meta":{"footnotes":""},"class_list":["post-10221","page","type-page","status-publish","hentry"],"_links":{"self":[{"href":"https:\/\/ankaraseramik.com\/fr\/wp-json\/wp\/v2\/pages\/10221","targetHints":{"allow":["GET"]}}],"collection":[{"href":"https:\/\/ankaraseramik.com\/fr\/wp-json\/wp\/v2\/pages"}],"about":[{"href":"https:\/\/ankaraseramik.com\/fr\/wp-json\/wp\/v2\/types\/page"}],"author":[{"embeddable":true,"href":"https:\/\/ankaraseramik.com\/fr\/wp-json\/wp\/v2\/users\/1"}],"replies":[{"embeddable":true,"href":"https:\/\/ankaraseramik.com\/fr\/wp-json\/wp\/v2\/comments?post=10221"}],"version-history":[{"count":0,"href":"https:\/\/ankaraseramik.com\/fr\/wp-json\/wp\/v2\/pages\/10221\/revisions"}],"wp:attachment":[{"href":"https:\/\/ankaraseramik.com\/fr\/wp-json\/wp\/v2\/media?parent=10221"}],"curies":[{"name":"wp","href":"https:\/\/api.w.org\/{rel}","templated":true}]}}