{"id":9411,"date":"2024-06-05T15:46:47","date_gmt":"2024-06-05T12:46:47","guid":{"rendered":"https:\/\/ankaraseramik.com\/securite-de-linformation\/"},"modified":"2024-08-22T14:53:08","modified_gmt":"2024-08-22T11:53:08","slug":"securite-de-linformation","status":"publish","type":"page","link":"https:\/\/ankaraseramik.com\/fr\/securite-de-linformation\/","title":{"rendered":"S\u00e9curit\u00e9 de l&rsquo;information"},"content":{"rendered":"\t\t<div data-elementor-type=\"wp-page\" data-elementor-id=\"9411\" class=\"elementor elementor-9411 elementor-6017\" data-elementor-post-type=\"page\">\n\t\t\t\t\t\t<section class=\"elementor-section elementor-top-section elementor-element elementor-element-a6b6b20 elementor-section-boxed elementor-section-height-default elementor-section-height-default\" data-id=\"a6b6b20\" data-element_type=\"section\">\n\t\t\t\t\t\t<div class=\"elementor-container elementor-column-gap-default\">\n\t\t\t\t\t<div class=\"elementor-column elementor-col-100 elementor-top-column elementor-element elementor-element-28761d7\" data-id=\"28761d7\" data-element_type=\"column\">\n\t\t\t<div class=\"elementor-widget-wrap elementor-element-populated\">\n\t\t\t\t\t\t<div class=\"elementor-element elementor-element-f75a58f elementor-widget elementor-widget-mae-vertical-lines\" data-id=\"f75a58f\" data-element_type=\"widget\" data-widget_type=\"mae-vertical-lines.default\">\n\t\t\t\t<div class=\"elementor-widget-container\">\n\t\t\t\t\t        <div class=\"master-vertical-lines\">\n                            <div class=\"line elementor-repeater-item-1635f37\"><\/div> \n                            <div class=\"line elementor-repeater-item-8e93fdb\"><\/div> \n                            <div class=\"line elementor-repeater-item-ae0f20a\"><\/div> \n                            <div class=\"line elementor-repeater-item-298b641\"><\/div> \n                    <\/div>\n        \t\t\t\t<\/div>\n\t\t\t\t<\/div>\n\t\t\t\t\t<\/div>\n\t\t<\/div>\n\t\t\t\t\t<\/div>\n\t\t<\/section>\n\t\t\t\t<section class=\"elementor-section elementor-top-section elementor-element elementor-element-5277c0f elementor-section-boxed elementor-section-height-default elementor-section-height-default\" data-id=\"5277c0f\" data-element_type=\"section\">\n\t\t\t\t\t\t\t<div class=\"elementor-background-overlay\"><\/div>\n\t\t\t\t\t\t\t<div class=\"elementor-container elementor-column-gap-no\">\n\t\t\t\t\t<div class=\"elementor-column elementor-col-100 elementor-top-column elementor-element elementor-element-3f71296\" data-id=\"3f71296\" data-element_type=\"column\">\n\t\t\t<div class=\"elementor-widget-wrap elementor-element-populated\">\n\t\t\t\t\t\t<div class=\"elementor-element elementor-element-7baade2 elementor-widget elementor-widget-spacer\" data-id=\"7baade2\" data-element_type=\"widget\" data-widget_type=\"spacer.default\">\n\t\t\t\t<div class=\"elementor-widget-container\">\n\t\t\t\t\t\t\t<div class=\"elementor-spacer\">\n\t\t\t<div class=\"elementor-spacer-inner\"><\/div>\n\t\t<\/div>\n\t\t\t\t\t\t<\/div>\n\t\t\t\t<\/div>\n\t\t\t\t<div class=\"elementor-element elementor-element-76fce46 align-center heading-default elementor-widget elementor-widget-mae-headings\" data-id=\"76fce46\" data-element_type=\"widget\" data-widget_type=\"mae-headings.default\">\n\t\t\t\t<div class=\"elementor-widget-container\">\n\t\t\t\t\t\t\t<div class=\"master-heading sep-none\">\n\t\t\t\t\t\t\t        \n\t        \n\t        \t        <h2 class=\"main-heading\">Votre s\u00e9curit\u00e9 est importante pour nous<span class=\"accent-color\">.<\/span><\/h2>\n\t        \n\t        \n\t        \t    <\/div>\n\t    \t\t\t\t<\/div>\n\t\t\t\t<\/div>\n\t\t\t\t<section class=\"elementor-section elementor-inner-section elementor-element elementor-element-f690eff elementor-section-content-middle elementor-section-boxed elementor-section-height-default elementor-section-height-default\" data-id=\"f690eff\" data-element_type=\"section\">\n\t\t\t\t\t\t<div class=\"elementor-container elementor-column-gap-default\">\n\t\t\t\t\t<div class=\"elementor-column elementor-col-100 elementor-inner-column elementor-element elementor-element-656ac03\" data-id=\"656ac03\" data-element_type=\"column\">\n\t\t\t<div class=\"elementor-widget-wrap elementor-element-populated\">\n\t\t\t\t\t\t<div class=\"elementor-element elementor-element-74e90ac elementor-widget-divider--view-line elementor-widget elementor-widget-divider\" data-id=\"74e90ac\" data-element_type=\"widget\" data-widget_type=\"divider.default\">\n\t\t\t\t<div class=\"elementor-widget-container\">\n\t\t\t\t\t\t\t<div class=\"elementor-divider\">\n\t\t\t<span class=\"elementor-divider-separator\">\n\t\t\t\t\t\t<\/span>\n\t\t<\/div>\n\t\t\t\t\t\t<\/div>\n\t\t\t\t<\/div>\n\t\t\t\t<div class=\"elementor-element elementor-element-30563e6 elementor-widget elementor-widget-text-editor\" data-id=\"30563e6\" data-element_type=\"widget\" data-widget_type=\"text-editor.default\">\n\t\t\t\t<div class=\"elementor-widget-container\">\n\t\t\t\t\t\t\t\t\t<p>Conform\u00e9ment \u00e0 sa mission, \u00e0 sa vision et \u00e0 ses politiques exprim\u00e9es dans le syst\u00e8me de gestion de la qualit\u00e9, la direction de notre soci\u00e9t\u00e9 proc\u00e8de \u00e0 l&rsquo;installation d&rsquo;infrastructures informatiques bas\u00e9es sur des r\u00e9seaux locaux et \u00e9tendus dans toutes sortes d&rsquo;entreprises et d&rsquo;institutions, fournit des services d&rsquo;exploitation et de conseil, et r\u00e9pond aux besoins de traitement de l&rsquo;information des entreprises et des institutions qui requi\u00e8rent des connaissances et une exp\u00e9rience techniques \u00e9lev\u00e9es en recourant \u00e0 la m\u00e9thode de l&rsquo;externalisation (soustraitance).<\/p>\n<p>La s\u00e9curit\u00e9 de l&rsquo;information est l&rsquo;ensemble des activit\u00e9s visant \u00e0 prot\u00e9ger la confidentialit\u00e9, l&rsquo;int\u00e9grit\u00e9 et la disponibilit\u00e9 des informations que l&rsquo;organisation, l&rsquo;entreprise produit, pr\u00e9pare et dont elle est responsable vis-\u00e0-vis de ses parties. Ces activit\u00e9s doivent garantir que l&rsquo;information est prot\u00e9g\u00e9e d&rsquo;une mani\u00e8re qui inclut d&rsquo;autres caract\u00e9ristiques telles que l&rsquo;exactitude, l&rsquo;explicabilit\u00e9, la non-r\u00e9pudiation et la fiabilit\u00e9. <\/p>\n<p><b>Les services que notre entreprise est tenue de fournir dans le cadre des activit\u00e9s de s\u00e9curit\u00e9 de l&rsquo;information :<\/b><\/p>\n<p>&#8211; La continuit\u00e9 des services informatiques sera assur\u00e9e ind\u00e9pendamment des individus, sous le toit de l&rsquo;entreprise, dans le cadre et les limites du SMSI.<\/p>\n<p>&#8211; La configuration des installations de r\u00e9seau n\u00e9cessitant des connaissances et une exp\u00e9rience approfondies sera assur\u00e9e dans le cadre et les limites du SGSI.<\/p>\n<p>&#8211; Les services d&rsquo;exploitation et d&rsquo;assistance technique n\u00e9cessaires au fonctionnement continu des r\u00e9seaux existants dans les institutions\/organisations seront fournis dans le cadre et les limites de l&rsquo;ISMS.<\/p>\n<p>&#8211; La fourniture de services aux op\u00e9rateurs dans le cadre de travaux de routine bas\u00e9s sur l&rsquo;infrastructure, le mat\u00e9riel et les logiciels informatiques et la garantie de la s\u00e9curit\u00e9 des donn\u00e9es s&rsquo;inscrivent dans le champ d&rsquo;application et les limites du SGSI.<\/p>\n<p>&#8211; R\u00e9pondre aux attentes de nos clients et des institutions\/organisations auxquelles nous fournissons des services dans le cadre du contrat \u00e0 un niveau \u00e9lev\u00e9, accro\u00eetre leurs capacit\u00e9s de traitement de l&rsquo;information, les aider \u00e0 atteindre leurs objectifs en mati\u00e8re d&rsquo;activit\u00e9s\/processus\/performances en les informant des \u00e9volutions technologiques sera maintenu dans le champ d&rsquo;application et les limites du SMSI.<\/p>\n<p>&#8211; En acceptant que tous les types d&rsquo;informations confidentielles \/ commerciales \/ priv\u00e9es trait\u00e9es dans tous les syst\u00e8mes de technologie de l&rsquo;information que nous servons dans le cadre et les limites de l&rsquo;ISMS constituent la vie priv\u00e9e du client de l&rsquo;institution \/ de l&rsquo;organisation que nous servons, nous veillerons \u00e0 ce que ces informations ne puissent \u00eatre obtenues nulle part \/ par une personne \/ une institution \/ une organisation sans la connaissance \/ l&rsquo;approbation du client, en adh\u00e9rant aux conditions de confidentialit\u00e9 \/ d&rsquo;int\u00e9grit\u00e9 \/ de disponibilit\u00e9.<\/p>\n<p>&#8211; La politique du SMSI doit \u00eatre conforme aux exigences l\u00e9gales et r\u00e9glementaires et tenir compte des obligations ou d\u00e9pendances contractuelles ou de tiers, pour autant qu&rsquo;elles restent dans le champ d&rsquo;application et les limites du SMSI.<br><span style=\"font-size: 16px; color: var( --e-global-color-secondary );\"><br>Notre soci\u00e9t\u00e9 met en place les m\u00e9canismes de contr\u00f4le n\u00e9cessaires \u00e0 la r\u00e9alisation des activit\u00e9s de s\u00e9curit\u00e9 de l&rsquo;information. Un projet d&rsquo;\u00e9tude a \u00e9t\u00e9 lanc\u00e9 afin de d\u00e9terminer les objectifs de contr\u00f4le, d&rsquo;effectuer les contr\u00f4les et d&rsquo;assurer leur continuit\u00e9. Dans le cadre de cette \u00e9tude, la structure de gestion et d&rsquo;audit des risques dont d\u00e9pendront les contr\u00f4les a \u00e9t\u00e9 \u00e9tablie.  <\/span><\/p>\n<p>Notre soci\u00e9t\u00e9, qui travaille en particulier pour les organisations qui demandent des services bas\u00e9s sur l&rsquo;externalisation, doit garantir que les informations, qui constituent le capital et l&rsquo;actif le plus important des institutions\/organisations qui re\u00e7oivent des services de sa part, sont utilis\u00e9es par des tiers sans chercher \u00e0 faire preuve de bonne ou de mauvaise foi. Il s&rsquo;agit d&rsquo;une exigence fondamentale de mener des activit\u00e9s en conformit\u00e9 avec les lois et les r\u00e8gles l\u00e9gislatives pertinentes stipul\u00e9es par les sp\u00e9cifications et incluses dans les dispositions contractuelles et jug\u00e9es obligatoires par la plus haute structure ex\u00e9cutive dans les domaines dans lesquels l&rsquo;institution \/ l&rsquo;organisation op\u00e8re.  <\/p>\n<p>Pour r\u00e9pondre \u00e0 ces exigences, des dispositions seront prises sur la base du mat\u00e9riel et des logiciels, et des formations et exercices de sensibilisation et de d\u00e9veloppement des applications seront organis\u00e9s pour l&rsquo;ensemble de notre personnel.<\/p>\n<p>Une autre dimension de la s\u00e9curit\u00e9 de l&rsquo;information consiste \u00e0 assurer la gestion de la continuit\u00e9 des activit\u00e9s. C&rsquo;est pourquoi, en fournissant les structures de sauvegarde n\u00e9cessaires, les ruptures et les situations de rupture dans les domaines relevant de la responsabilit\u00e9 de notre entreprise dans toute structure de continuit\u00e9 des activit\u00e9s seront \u00e9limin\u00e9es. <\/p>\n<p><b>R\u00e8gles \u00e0 suivre dans la documentation du SMSI \u00e9tablie pour soutenir notre politique de s\u00e9curit\u00e9 de l&rsquo;information<\/b><\/p><b>\n<\/b><p><b><\/b>&#8211; Processus<\/p>\n<p>&#8211; Proc\u00e9dures<\/p>\n<p>&#8211; Contr\u00f4les<\/p>\n<p>Localisation.<b><br><\/b><\/p>\t\t\t\t\t\t\t\t<\/div>\n\t\t\t\t<\/div>\n\t\t\t\t\t<\/div>\n\t\t<\/div>\n\t\t\t\t\t<\/div>\n\t\t<\/section>\n\t\t\t\t<div class=\"elementor-element elementor-element-c33b84b elementor-widget elementor-widget-spacer\" data-id=\"c33b84b\" data-element_type=\"widget\" data-widget_type=\"spacer.default\">\n\t\t\t\t<div class=\"elementor-widget-container\">\n\t\t\t\t\t\t\t<div class=\"elementor-spacer\">\n\t\t\t<div class=\"elementor-spacer-inner\"><\/div>\n\t\t<\/div>\n\t\t\t\t\t\t<\/div>\n\t\t\t\t<\/div>\n\t\t\t\t\t<\/div>\n\t\t<\/div>\n\t\t\t\t\t<\/div>\n\t\t<\/section>\n\t\t\t\t<\/div>\n\t\t","protected":false},"excerpt":{"rendered":"<p>Votre s\u00e9curit\u00e9 est importante pour nous. Conform\u00e9ment \u00e0 sa mission, \u00e0 sa vision et \u00e0 ses politiques exprim\u00e9es dans le syst\u00e8me de gestion de la qualit\u00e9, la direction de notre soci\u00e9t\u00e9 proc\u00e8de \u00e0 l&rsquo;installation d&rsquo;infrastructures informatiques bas\u00e9es sur des r\u00e9seaux locaux et \u00e9tendus dans toutes sortes d&rsquo;entreprises et d&rsquo;institutions, fournit<\/p>\n","protected":false},"author":1,"featured_media":0,"parent":0,"menu_order":0,"comment_status":"closed","ping_status":"closed","template":"","meta":{"footnotes":""},"class_list":["post-9411","page","type-page","status-publish","hentry"],"_links":{"self":[{"href":"https:\/\/ankaraseramik.com\/fr\/wp-json\/wp\/v2\/pages\/9411","targetHints":{"allow":["GET"]}}],"collection":[{"href":"https:\/\/ankaraseramik.com\/fr\/wp-json\/wp\/v2\/pages"}],"about":[{"href":"https:\/\/ankaraseramik.com\/fr\/wp-json\/wp\/v2\/types\/page"}],"author":[{"embeddable":true,"href":"https:\/\/ankaraseramik.com\/fr\/wp-json\/wp\/v2\/users\/1"}],"replies":[{"embeddable":true,"href":"https:\/\/ankaraseramik.com\/fr\/wp-json\/wp\/v2\/comments?post=9411"}],"version-history":[{"count":0,"href":"https:\/\/ankaraseramik.com\/fr\/wp-json\/wp\/v2\/pages\/9411\/revisions"}],"wp:attachment":[{"href":"https:\/\/ankaraseramik.com\/fr\/wp-json\/wp\/v2\/media?parent=9411"}],"curies":[{"name":"wp","href":"https:\/\/api.w.org\/{rel}","templated":true}]}}