{"id":9439,"date":"2024-07-01T16:35:41","date_gmt":"2024-07-01T13:35:41","guid":{"rendered":"https:\/\/ankaraseramik.com\/politique-de-responsabilite-sociale\/"},"modified":"2024-08-22T16:02:06","modified_gmt":"2024-08-22T13:02:06","slug":"politique-de-responsabilite-sociale","status":"publish","type":"page","link":"https:\/\/ankaraseramik.com\/fr\/politique-de-responsabilite-sociale\/","title":{"rendered":"Politique de responsabilit\u00e9 sociale"},"content":{"rendered":"\t\t<div data-elementor-type=\"wp-page\" data-elementor-id=\"9439\" class=\"elementor elementor-9439 elementor-6081\" data-elementor-post-type=\"page\">\n\t\t\t\t\t\t<section class=\"elementor-section elementor-top-section elementor-element elementor-element-a6b6b20 elementor-section-boxed elementor-section-height-default elementor-section-height-default\" data-id=\"a6b6b20\" data-element_type=\"section\">\n\t\t\t\t\t\t<div class=\"elementor-container elementor-column-gap-default\">\n\t\t\t\t\t<div class=\"elementor-column elementor-col-100 elementor-top-column elementor-element elementor-element-28761d7\" data-id=\"28761d7\" data-element_type=\"column\">\n\t\t\t<div class=\"elementor-widget-wrap elementor-element-populated\">\n\t\t\t\t\t\t<div class=\"elementor-element elementor-element-f75a58f elementor-widget elementor-widget-mae-vertical-lines\" data-id=\"f75a58f\" data-element_type=\"widget\" data-widget_type=\"mae-vertical-lines.default\">\n\t\t\t\t<div class=\"elementor-widget-container\">\n\t\t\t\t\t        <div class=\"master-vertical-lines\">\n                            <div class=\"line elementor-repeater-item-1635f37\"><\/div> \n                            <div class=\"line elementor-repeater-item-8e93fdb\"><\/div> \n                            <div class=\"line elementor-repeater-item-ae0f20a\"><\/div> \n                            <div class=\"line elementor-repeater-item-298b641\"><\/div> \n                    <\/div>\n        \t\t\t\t<\/div>\n\t\t\t\t<\/div>\n\t\t\t\t\t<\/div>\n\t\t<\/div>\n\t\t\t\t\t<\/div>\n\t\t<\/section>\n\t\t\t\t<section class=\"elementor-section elementor-top-section elementor-element elementor-element-5277c0f elementor-section-boxed elementor-section-height-default elementor-section-height-default\" data-id=\"5277c0f\" data-element_type=\"section\">\n\t\t\t\t\t\t\t<div class=\"elementor-background-overlay\"><\/div>\n\t\t\t\t\t\t\t<div class=\"elementor-container elementor-column-gap-no\">\n\t\t\t\t\t<div class=\"elementor-column elementor-col-100 elementor-top-column elementor-element elementor-element-3f71296\" data-id=\"3f71296\" data-element_type=\"column\">\n\t\t\t<div class=\"elementor-widget-wrap elementor-element-populated\">\n\t\t\t\t\t\t<div class=\"elementor-element elementor-element-7baade2 elementor-widget elementor-widget-spacer\" data-id=\"7baade2\" data-element_type=\"widget\" data-widget_type=\"spacer.default\">\n\t\t\t\t<div class=\"elementor-widget-container\">\n\t\t\t\t\t\t\t<div class=\"elementor-spacer\">\n\t\t\t<div class=\"elementor-spacer-inner\"><\/div>\n\t\t<\/div>\n\t\t\t\t\t\t<\/div>\n\t\t\t\t<\/div>\n\t\t\t\t<div class=\"elementor-element elementor-element-76fce46 align-center heading-default elementor-widget elementor-widget-mae-headings\" data-id=\"76fce46\" data-element_type=\"widget\" data-widget_type=\"mae-headings.default\">\n\t\t\t\t<div class=\"elementor-widget-container\">\n\t\t\t\t\t\t\t<div class=\"master-heading sep-none\">\n\t\t\t\t\t\t\t        \n\t        \n\t        \t        <h2 class=\"main-heading\">Nous sommes conscients de nos responsabilit\u00e9s<span class=\"accent-color\">...<\/span><\/h2>\n\t        \n\t        \n\t        \t    <\/div>\n\t    \t\t\t\t<\/div>\n\t\t\t\t<\/div>\n\t\t\t\t<section class=\"elementor-section elementor-inner-section elementor-element elementor-element-f690eff elementor-section-content-middle elementor-section-boxed elementor-section-height-default elementor-section-height-default\" data-id=\"f690eff\" data-element_type=\"section\">\n\t\t\t\t\t\t<div class=\"elementor-container elementor-column-gap-default\">\n\t\t\t\t\t<div class=\"elementor-column elementor-col-100 elementor-inner-column elementor-element elementor-element-656ac03\" data-id=\"656ac03\" data-element_type=\"column\">\n\t\t\t<div class=\"elementor-widget-wrap elementor-element-populated\">\n\t\t\t\t\t\t<div class=\"elementor-element elementor-element-74e90ac elementor-widget-divider--view-line elementor-widget elementor-widget-divider\" data-id=\"74e90ac\" data-element_type=\"widget\" data-widget_type=\"divider.default\">\n\t\t\t\t<div class=\"elementor-widget-container\">\n\t\t\t\t\t\t\t<div class=\"elementor-divider\">\n\t\t\t<span class=\"elementor-divider-separator\">\n\t\t\t\t\t\t<\/span>\n\t\t<\/div>\n\t\t\t\t\t\t<\/div>\n\t\t\t\t<\/div>\n\t\t\t\t<div class=\"elementor-element elementor-element-30563e6 elementor-widget elementor-widget-text-editor\" data-id=\"30563e6\" data-element_type=\"widget\" data-widget_type=\"text-editor.default\">\n\t\t\t\t<div class=\"elementor-widget-container\">\n\t\t\t\t\t\t\t\t\t<p>ANKARA SERAM\u0130K Inc accepte d&rsquo;harmoniser ses strat\u00e9gies et ses op\u00e9rations internes avec les principes suivants dans le cadre de la culture d&rsquo;entreprise qu&rsquo;elle a d\u00e9velopp\u00e9e depuis sa cr\u00e9ation.<\/p>\n<p><b>Droits de l&rsquo;homme<\/b><\/p>\n<p>&#8211; ANKARA SERAM\u0130K Inc soutient et respecte tous les types de d\u00e9clarations relatives aux droits de l&rsquo;homme qui sont fond\u00e9es sur la dignit\u00e9 humaine, l&rsquo;\u00e9galit\u00e9 de traitement des individus et la pr\u00e9vention de la discrimination dans la jouissance des droits et libert\u00e9s accord\u00e9s aux individus.<br \/>&#8211; ANKARA SERAM\u0130K A.\u015e. \u00e9vite soigneusement toute activit\u00e9 dans laquelle elle se rendrait complice de violations des droits de l&rsquo;homme.<\/p>\n<p><b>Normes du travail<\/b><\/p>\n<p>Au sein de la structure d&rsquo;ANKARA Seramik Inc ;<\/p>\n<p>&#8211; Le travail forc\u00e9 n&rsquo;existe en aucun cas. Tous les employ\u00e9s ont le droit de mettre fin \u00e0 leur contrat de travail dans les conditions pr\u00e9vues par la loi,<br \/>&#8211; Les limites d&rsquo;\u00e2ge stipul\u00e9es par les pratiques de l&rsquo;OIT concernant l&#8217;emploi des enfants sont strictement respect\u00e9es et le travail des enfants n&rsquo;est jamais utilis\u00e9 \u00e0 aucun stade de la production,<br \/>&#8211; Le recrutement, le placement et l&#8217;embauche sont fond\u00e9s sur le sexe, la race, la couleur, la langue, la religion, la croyance, la secte, l&rsquo;opinion philosophique et politique, l&rsquo;origine ethnique, la fortune, la naissance, la situation matrimoniale, l&rsquo;\u00e9tat de sant\u00e9, le handicap et l&rsquo;\u00e2ge, etc. aucune discrimination n&rsquo;est faite.<br \/>&#8211; Les employ\u00e9s d&rsquo;ANKARA SERAM\u0130K Inc peuvent facilement rencontrer la direction de l&rsquo;entreprise sur n&rsquo;importe quel sujet sans craindre de r\u00e9percussions n\u00e9gatives et peuvent exercer leur libert\u00e9 l\u00e9gale de syndicalisation et de n\u00e9gociation collective.<\/p>\n<p><b>Environnement<\/b><\/p>\n<p>Ankara Seramik Inc;<\/p>\n<p>&#8211; Approches pr\u00e9ventives des probl\u00e8mes environnementaux,<br \/>&#8211; Toutes sortes d&rsquo;activit\u00e9s et de formations visant \u00e0 accro\u00eetre la responsabilit\u00e9 environnementale,<br \/>&#8211; soutient le d\u00e9veloppement et la diffusion de technologies respectueuses de l&rsquo;environnement.<br \/>&#8211; Pour assurer la durabilit\u00e9 de la sensibilit\u00e9 environnementale, le syst\u00e8me de gestion environnementale ISO 14001 est mis en \u0153uvre \u00e0 Ankara Seramik Inc<\/p>\n<p><b>Lutte contre la corruption<\/b><\/p>\n<p>Ankara Seramik Inc<\/p>\n<p>&#8211; Elle ne peut tol\u00e9rer ne serait-ce que la mention de son nom dans tout discours sur la corruption, y compris la corruption et l&rsquo;extorsion ; par cons\u00e9quent, elle se tient \u00e0 l&rsquo;\u00e9cart de toutes les formes de corruption et consid\u00e8re qu&rsquo;il est de son devoir de lutter contre la corruption en tant que question de responsabilit\u00e9 sociale.<\/p>\n\t\t\t\t\t\t\t\t<\/div>\n\t\t\t\t<\/div>\n\t\t\t\t\t<\/div>\n\t\t<\/div>\n\t\t\t\t\t<\/div>\n\t\t<\/section>\n\t\t\t\t<div class=\"elementor-element elementor-element-c33b84b elementor-widget elementor-widget-spacer\" data-id=\"c33b84b\" data-element_type=\"widget\" data-widget_type=\"spacer.default\">\n\t\t\t\t<div class=\"elementor-widget-container\">\n\t\t\t\t\t\t\t<div class=\"elementor-spacer\">\n\t\t\t<div class=\"elementor-spacer-inner\"><\/div>\n\t\t<\/div>\n\t\t\t\t\t\t<\/div>\n\t\t\t\t<\/div>\n\t\t\t\t\t<\/div>\n\t\t<\/div>\n\t\t\t\t\t<\/div>\n\t\t<\/section>\n\t\t\t\t<\/div>\n\t\t","protected":false},"excerpt":{"rendered":"<p>Nous sommes conscients de nos responsabilit\u00e9s&#8230; ANKARA SERAM\u0130K Inc accepte d&rsquo;harmoniser ses strat\u00e9gies et ses op\u00e9rations internes avec les principes suivants dans le cadre de la culture d&rsquo;entreprise qu&rsquo;elle a d\u00e9velopp\u00e9e depuis sa cr\u00e9ation. Droits de l&rsquo;homme &#8211; ANKARA SERAM\u0130K Inc soutient et respecte tous les types de d\u00e9clarations relatives<\/p>\n","protected":false},"author":1,"featured_media":0,"parent":0,"menu_order":0,"comment_status":"closed","ping_status":"closed","template":"","meta":{"footnotes":""},"class_list":["post-9439","page","type-page","status-publish","hentry"],"_links":{"self":[{"href":"https:\/\/ankaraseramik.com\/fr\/wp-json\/wp\/v2\/pages\/9439","targetHints":{"allow":["GET"]}}],"collection":[{"href":"https:\/\/ankaraseramik.com\/fr\/wp-json\/wp\/v2\/pages"}],"about":[{"href":"https:\/\/ankaraseramik.com\/fr\/wp-json\/wp\/v2\/types\/page"}],"author":[{"embeddable":true,"href":"https:\/\/ankaraseramik.com\/fr\/wp-json\/wp\/v2\/users\/1"}],"replies":[{"embeddable":true,"href":"https:\/\/ankaraseramik.com\/fr\/wp-json\/wp\/v2\/comments?post=9439"}],"version-history":[{"count":0,"href":"https:\/\/ankaraseramik.com\/fr\/wp-json\/wp\/v2\/pages\/9439\/revisions"}],"wp:attachment":[{"href":"https:\/\/ankaraseramik.com\/fr\/wp-json\/wp\/v2\/media?parent=9439"}],"curies":[{"name":"wp","href":"https:\/\/api.w.org\/{rel}","templated":true}]}}