{"id":9442,"date":"2024-07-02T10:00:56","date_gmt":"2024-07-02T07:00:56","guid":{"rendered":"https:\/\/ankaraseramik.com\/politique-des-ressources-humaines\/"},"modified":"2024-08-22T16:43:10","modified_gmt":"2024-08-22T13:43:10","slug":"politique-des-ressources-humaines","status":"publish","type":"page","link":"https:\/\/ankaraseramik.com\/fr\/politique-des-ressources-humaines\/","title":{"rendered":"Politique des ressources humaines"},"content":{"rendered":"\t\t<div data-elementor-type=\"wp-page\" data-elementor-id=\"9442\" class=\"elementor elementor-9442 elementor-6128\" data-elementor-post-type=\"page\">\n\t\t\t\t\t\t<section class=\"elementor-section elementor-top-section elementor-element elementor-element-a6b6b20 elementor-section-boxed elementor-section-height-default elementor-section-height-default\" data-id=\"a6b6b20\" data-element_type=\"section\">\n\t\t\t\t\t\t<div class=\"elementor-container elementor-column-gap-default\">\n\t\t\t\t\t<div class=\"elementor-column elementor-col-100 elementor-top-column elementor-element elementor-element-28761d7\" data-id=\"28761d7\" data-element_type=\"column\">\n\t\t\t<div class=\"elementor-widget-wrap elementor-element-populated\">\n\t\t\t\t\t\t<div class=\"elementor-element elementor-element-f75a58f elementor-widget elementor-widget-mae-vertical-lines\" data-id=\"f75a58f\" data-element_type=\"widget\" data-widget_type=\"mae-vertical-lines.default\">\n\t\t\t\t<div class=\"elementor-widget-container\">\n\t\t\t\t\t        <div class=\"master-vertical-lines\">\n                            <div class=\"line elementor-repeater-item-1635f37\"><\/div> \n                            <div class=\"line elementor-repeater-item-8e93fdb\"><\/div> \n                            <div class=\"line elementor-repeater-item-ae0f20a\"><\/div> \n                            <div class=\"line elementor-repeater-item-298b641\"><\/div> \n                    <\/div>\n        \t\t\t\t<\/div>\n\t\t\t\t<\/div>\n\t\t\t\t\t<\/div>\n\t\t<\/div>\n\t\t\t\t\t<\/div>\n\t\t<\/section>\n\t\t\t\t<section class=\"elementor-section elementor-top-section elementor-element elementor-element-5277c0f elementor-section-boxed elementor-section-height-default elementor-section-height-default\" data-id=\"5277c0f\" data-element_type=\"section\">\n\t\t\t\t\t\t\t<div class=\"elementor-background-overlay\"><\/div>\n\t\t\t\t\t\t\t<div class=\"elementor-container elementor-column-gap-no\">\n\t\t\t\t\t<div class=\"elementor-column elementor-col-100 elementor-top-column elementor-element elementor-element-3f71296\" data-id=\"3f71296\" data-element_type=\"column\">\n\t\t\t<div class=\"elementor-widget-wrap elementor-element-populated\">\n\t\t\t\t\t\t<div class=\"elementor-element elementor-element-7baade2 elementor-widget elementor-widget-spacer\" data-id=\"7baade2\" data-element_type=\"widget\" data-widget_type=\"spacer.default\">\n\t\t\t\t<div class=\"elementor-widget-container\">\n\t\t\t\t\t\t\t<div class=\"elementor-spacer\">\n\t\t\t<div class=\"elementor-spacer-inner\"><\/div>\n\t\t<\/div>\n\t\t\t\t\t\t<\/div>\n\t\t\t\t<\/div>\n\t\t\t\t<div class=\"elementor-element elementor-element-76fce46 align-center heading-default elementor-widget elementor-widget-mae-headings\" data-id=\"76fce46\" data-element_type=\"widget\" data-widget_type=\"mae-headings.default\">\n\t\t\t\t<div class=\"elementor-widget-container\">\n\t\t\t\t\t\t\t<div class=\"master-heading sep-none\">\n\t\t\t\t\t\t\t        \n\t        \n\t        \t        <h2 class=\"main-heading\">Vaut une personne vaut un travail<span class=\"accent-color\">.<\/span><\/h2>\n\t        \n\t        \n\t        \t    <\/div>\n\t    \t\t\t\t<\/div>\n\t\t\t\t<\/div>\n\t\t\t\t<section class=\"elementor-section elementor-inner-section elementor-element elementor-element-f690eff elementor-section-content-middle elementor-section-boxed elementor-section-height-default elementor-section-height-default\" data-id=\"f690eff\" data-element_type=\"section\">\n\t\t\t\t\t\t<div class=\"elementor-container elementor-column-gap-default\">\n\t\t\t\t\t<div class=\"elementor-column elementor-col-100 elementor-inner-column elementor-element elementor-element-656ac03\" data-id=\"656ac03\" data-element_type=\"column\">\n\t\t\t<div class=\"elementor-widget-wrap elementor-element-populated\">\n\t\t\t\t\t\t<div class=\"elementor-element elementor-element-74e90ac elementor-widget-divider--view-line elementor-widget elementor-widget-divider\" data-id=\"74e90ac\" data-element_type=\"widget\" data-widget_type=\"divider.default\">\n\t\t\t\t<div class=\"elementor-widget-container\">\n\t\t\t\t\t\t\t<div class=\"elementor-divider\">\n\t\t\t<span class=\"elementor-divider-separator\">\n\t\t\t\t\t\t<\/span>\n\t\t<\/div>\n\t\t\t\t\t\t<\/div>\n\t\t\t\t<\/div>\n\t\t\t\t<div class=\"elementor-element elementor-element-30563e6 elementor-widget elementor-widget-text-editor\" data-id=\"30563e6\" data-element_type=\"widget\" data-widget_type=\"text-editor.default\">\n\t\t\t\t<div class=\"elementor-widget-container\">\n\t\t\t\t\t\t\t\t\t<p>La plus grande source de fiert\u00e9 et de motivation d&rsquo;Ankara Seramik A.\u015e., entreprise leader dans son secteur, est la valeur ajout\u00e9e qu&rsquo;elle a apport\u00e9e \u00e0 l&rsquo;\u00e9conomie de notre pays gr\u00e2ce \u00e0 sa capacit\u00e9 de production et aux emplois cr\u00e9\u00e9s, qui n&rsquo;ont cess\u00e9 d&rsquo;augmenter depuis sa cr\u00e9ation.<\/p>\n<p>En tant que famille d&rsquo;Ankara Seramik A.\u015e., nous poursuivons la mission et l&rsquo;objectif d&rsquo;offrir des produits adapt\u00e9s \u00e0 la concurrence mondiale en augmentant continuellement la qualit\u00e9 de nos produits dans la continuit\u00e9 de ces objectifs et de ces valeurs.<\/p>\n<p>Notre politique en mati\u00e8re de ressources humaines repose sur le principe du m\u00e9lange et du d\u00e9veloppement de diff\u00e9rents talents, connaissances et exp\u00e9riences, ainsi que de nos employ\u00e9s qui ont contribu\u00e9 aux attentes et aux objectifs de notre entreprise. Gr\u00e2ce \u00e0 nos strat\u00e9gies de ressources humaines \u00e9labor\u00e9es dans une optique pluraliste et transparente, nous formons un personnel comp\u00e9tent et professionnel en offrant p\u00e9riodiquement \u00e0 nos employ\u00e9s le d\u00e9veloppement personnel et les formations professionnelles dont ils ont besoin, conform\u00e9ment aux d\u00e9veloppements scientifiques dans les processus de ressources humaines tels que l&rsquo;analyse des emplois, la planification des carri\u00e8res, la gestion des talents et des performances, et ce d\u00e8s le processus de recrutement.<\/p>\n<p>En tant qu&rsquo;Ankara Seramik, notre culture de travail exprime un environnement de travail cr\u00e9\u00e9 dans le cadre des lois sur le terrain de l&rsquo;entreprise, bas\u00e9 sur la coop\u00e9ration et la solidarit\u00e9, orient\u00e9 vers le client, innovant, dynamique, comp\u00e9titif et en d\u00e9veloppement constant. Un \u00e9l\u00e9ment indispensable de notre environnement de travail est que tous nos employ\u00e9s travaillent \u00e0 la r\u00e9alisation de nos objectifs de production et de vente, en \u00e9tant pleinement \u00e9quip\u00e9s des principes de gestion de l&rsquo;environnement et de sant\u00e9 et s\u00e9curit\u00e9 au travail.<\/p>\n<p>Notre entreprise, dont la devise est de poursuivre sa vie en tant qu&rsquo;institution exemplaire dans la fabrication d&rsquo;isolateurs en c\u00e9ramique, qui est notre domaine d&rsquo;activit\u00e9, est le fruit du travail et de l&rsquo;exp\u00e9rience de nos pr\u00e9cieux employ\u00e9s.<\/p>\n\t\t\t\t\t\t\t\t<\/div>\n\t\t\t\t<\/div>\n\t\t\t\t\t<\/div>\n\t\t<\/div>\n\t\t\t\t\t<\/div>\n\t\t<\/section>\n\t\t\t\t<div class=\"elementor-element elementor-element-c33b84b elementor-widget elementor-widget-spacer\" data-id=\"c33b84b\" data-element_type=\"widget\" data-widget_type=\"spacer.default\">\n\t\t\t\t<div class=\"elementor-widget-container\">\n\t\t\t\t\t\t\t<div class=\"elementor-spacer\">\n\t\t\t<div class=\"elementor-spacer-inner\"><\/div>\n\t\t<\/div>\n\t\t\t\t\t\t<\/div>\n\t\t\t\t<\/div>\n\t\t\t\t\t<\/div>\n\t\t<\/div>\n\t\t\t\t\t<\/div>\n\t\t<\/section>\n\t\t\t\t<\/div>\n\t\t","protected":false},"excerpt":{"rendered":"<p>Vaut une personne vaut un travail. La plus grande source de fiert\u00e9 et de motivation d&rsquo;Ankara Seramik A.\u015e., entreprise leader dans son secteur, est la valeur ajout\u00e9e qu&rsquo;elle a apport\u00e9e \u00e0 l&rsquo;\u00e9conomie de notre pays gr\u00e2ce \u00e0 sa capacit\u00e9 de production et aux emplois cr\u00e9\u00e9s, qui n&rsquo;ont cess\u00e9 d&rsquo;augmenter depuis<\/p>\n","protected":false},"author":1,"featured_media":0,"parent":0,"menu_order":0,"comment_status":"closed","ping_status":"closed","template":"","meta":{"footnotes":""},"class_list":["post-9442","page","type-page","status-publish","hentry"],"_links":{"self":[{"href":"https:\/\/ankaraseramik.com\/fr\/wp-json\/wp\/v2\/pages\/9442","targetHints":{"allow":["GET"]}}],"collection":[{"href":"https:\/\/ankaraseramik.com\/fr\/wp-json\/wp\/v2\/pages"}],"about":[{"href":"https:\/\/ankaraseramik.com\/fr\/wp-json\/wp\/v2\/types\/page"}],"author":[{"embeddable":true,"href":"https:\/\/ankaraseramik.com\/fr\/wp-json\/wp\/v2\/users\/1"}],"replies":[{"embeddable":true,"href":"https:\/\/ankaraseramik.com\/fr\/wp-json\/wp\/v2\/comments?post=9442"}],"version-history":[{"count":0,"href":"https:\/\/ankaraseramik.com\/fr\/wp-json\/wp\/v2\/pages\/9442\/revisions"}],"wp:attachment":[{"href":"https:\/\/ankaraseramik.com\/fr\/wp-json\/wp\/v2\/media?parent=9442"}],"curies":[{"name":"wp","href":"https:\/\/api.w.org\/{rel}","templated":true}]}}