{"id":9489,"date":"2024-07-02T11:32:50","date_gmt":"2024-07-02T08:32:50","guid":{"rendered":"https:\/\/ankaraseramik.com\/laboratoire-dessai-haute-tension\/"},"modified":"2024-08-22T16:51:42","modified_gmt":"2024-08-22T13:51:42","slug":"laboratoire-dessai-haute-tension","status":"publish","type":"page","link":"https:\/\/ankaraseramik.com\/fr\/laboratoire-dessai-haute-tension\/","title":{"rendered":"Laboratoire d&rsquo;essai haute tension"},"content":{"rendered":"\t\t<div data-elementor-type=\"wp-page\" data-elementor-id=\"9489\" class=\"elementor elementor-9489 elementor-6159\" data-elementor-post-type=\"page\">\n\t\t\t\t\t\t<section class=\"elementor-section elementor-top-section elementor-element elementor-element-a6b6b20 elementor-section-boxed elementor-section-height-default elementor-section-height-default\" data-id=\"a6b6b20\" data-element_type=\"section\">\n\t\t\t\t\t\t<div class=\"elementor-container elementor-column-gap-default\">\n\t\t\t\t\t<div class=\"elementor-column elementor-col-100 elementor-top-column elementor-element elementor-element-28761d7\" data-id=\"28761d7\" data-element_type=\"column\">\n\t\t\t<div class=\"elementor-widget-wrap elementor-element-populated\">\n\t\t\t\t\t\t<div class=\"elementor-element elementor-element-f75a58f elementor-widget elementor-widget-mae-vertical-lines\" data-id=\"f75a58f\" data-element_type=\"widget\" data-widget_type=\"mae-vertical-lines.default\">\n\t\t\t\t<div class=\"elementor-widget-container\">\n\t\t\t\t\t        <div class=\"master-vertical-lines\">\n                            <div class=\"line elementor-repeater-item-1635f37\"><\/div> \n                            <div class=\"line elementor-repeater-item-8e93fdb\"><\/div> \n                            <div class=\"line elementor-repeater-item-ae0f20a\"><\/div> \n                            <div class=\"line elementor-repeater-item-298b641\"><\/div> \n                    <\/div>\n        \t\t\t\t<\/div>\n\t\t\t\t<\/div>\n\t\t\t\t\t<\/div>\n\t\t<\/div>\n\t\t\t\t\t<\/div>\n\t\t<\/section>\n\t\t\t\t<section class=\"elementor-section elementor-top-section elementor-element elementor-element-5277c0f elementor-section-boxed elementor-section-height-default elementor-section-height-default\" data-id=\"5277c0f\" data-element_type=\"section\">\n\t\t\t\t\t\t\t<div class=\"elementor-background-overlay\"><\/div>\n\t\t\t\t\t\t\t<div class=\"elementor-container elementor-column-gap-no\">\n\t\t\t\t\t<div class=\"elementor-column elementor-col-100 elementor-top-column elementor-element elementor-element-3f71296\" data-id=\"3f71296\" data-element_type=\"column\">\n\t\t\t<div class=\"elementor-widget-wrap elementor-element-populated\">\n\t\t\t\t\t\t<div class=\"elementor-element elementor-element-7baade2 elementor-widget elementor-widget-spacer\" data-id=\"7baade2\" data-element_type=\"widget\" data-widget_type=\"spacer.default\">\n\t\t\t\t<div class=\"elementor-widget-container\">\n\t\t\t\t\t\t\t<div class=\"elementor-spacer\">\n\t\t\t<div class=\"elementor-spacer-inner\"><\/div>\n\t\t<\/div>\n\t\t\t\t\t\t<\/div>\n\t\t\t\t<\/div>\n\t\t\t\t<div class=\"elementor-element elementor-element-76fce46 align-center heading-default elementor-widget elementor-widget-mae-headings\" data-id=\"76fce46\" data-element_type=\"widget\" data-widget_type=\"mae-headings.default\">\n\t\t\t\t<div class=\"elementor-widget-container\">\n\t\t\t\t\t\t\t<div class=\"master-heading sep-none\">\n\t\t\t\t\t\t\t        \n\t        \n\t        \t        <h2 class=\"main-heading\">Nous passons avec succ\u00e8s les tests les plus difficiles pour des produits de la plus haute qualit\u00e9\n<span class=\"accent-color\">...<\/span><\/h2>\n\t        \n\t        \n\t        \t    <\/div>\n\t    \t\t\t\t<\/div>\n\t\t\t\t<\/div>\n\t\t\t\t<section class=\"elementor-section elementor-inner-section elementor-element elementor-element-f690eff elementor-section-content-middle elementor-section-boxed elementor-section-height-default elementor-section-height-default\" data-id=\"f690eff\" data-element_type=\"section\">\n\t\t\t\t\t\t<div class=\"elementor-container elementor-column-gap-default\">\n\t\t\t\t\t<div class=\"elementor-column elementor-col-100 elementor-inner-column elementor-element elementor-element-656ac03\" data-id=\"656ac03\" data-element_type=\"column\">\n\t\t\t<div class=\"elementor-widget-wrap elementor-element-populated\">\n\t\t\t\t\t\t<div class=\"elementor-element elementor-element-74e90ac elementor-widget-divider--view-line elementor-widget elementor-widget-divider\" data-id=\"74e90ac\" data-element_type=\"widget\" data-widget_type=\"divider.default\">\n\t\t\t\t<div class=\"elementor-widget-container\">\n\t\t\t\t\t\t\t<div class=\"elementor-divider\">\n\t\t\t<span class=\"elementor-divider-separator\">\n\t\t\t\t\t\t<\/span>\n\t\t<\/div>\n\t\t\t\t\t\t<\/div>\n\t\t\t\t<\/div>\n\t\t\t\t<div class=\"elementor-element elementor-element-30563e6 elementor-widget elementor-widget-text-editor\" data-id=\"30563e6\" data-element_type=\"widget\" data-widget_type=\"text-editor.default\">\n\t\t\t\t<div class=\"elementor-widget-container\">\n\t\t\t\t\t\t\t\t\t<p>Le laboratoire d&rsquo;essais de haute tension d&rsquo;Ankara Seramik A.\u015e., qui a obtenu le certificat d&rsquo;accr\u00e9ditation TS EN ISO\/IEC 17025 en 2011, effectue les essais suivants dans le cadre de l&rsquo;accr\u00e9ditation.<\/p>\n<p>&#8211; Essai de r\u00e9sistance \u00e0 la tension de fr\u00e9quence du r\u00e9seau sec ou humide<br \/>&#8211; Test de r\u00e9sistance \u00e0 l&rsquo;impulsion de foudre s\u00e8che<br \/>&#8211; Essai de r\u00e9sistance \u00e0 la perforation<br \/>&#8211; Essai de charge de rupture m\u00e9canique<br \/>&#8211; Essai de charge de rupture \u00e9lectrom\u00e9canique<br \/>&#8211; Essai de performance thermom\u00e9canique<\/p>\n<p>\u00c9galement en dehors du champ d&rsquo;application de l&rsquo;accr\u00e9ditation<\/p>\n<p>&#8211; Essai de r\u00e9sistance \u00e0 la charge en porte-\u00e0-faux<br \/>&#8211; V\u00e9rification des dimensions<br \/>&#8211; V\u00e9rification du d\u00e9salignement axial, radial et angulaire<br \/>&#8211; Exp\u00e9rience de v\u00e9rification du syst\u00e8me de verrouillage<br \/>&#8211; Essai de galvanisation<br \/>&#8211; Essai de porosit\u00e9<br \/>&#8211; Essai de cycle de temp\u00e9rature<br \/>&#8211; Essai de d\u00e9flexion sous charge<br \/>&#8211; Des exp\u00e9riences de contamination artificielle sont r\u00e9alis\u00e9es dans notre laboratoire.<\/p>\n<p>Unit\u00e9s et dispositifs d&rsquo;essai dans notre laboratoire<\/p>\n<p>&#8211; Unit\u00e9 de test de tension de fr\u00e9quence de puissance (50Hz, 2 unit\u00e9s de 250kV et 800kV)<br \/>&#8211; Unit\u00e9 d&rsquo;essai d&rsquo;impact de foudre (1,2\/50 \u00b5s, 2 unit\u00e9s de 200kV et 2000kV)<br \/>&#8211; Unit\u00e9 d&rsquo;essai de charge de rupture \u00e9lectrom\u00e9canique (160kN)<br \/>&#8211; Unit\u00e9 d&rsquo;essai de charge de rupture m\u00e9canique (50kN)<br \/>&#8211; Unit\u00e9 d&rsquo;exp\u00e9rimentation des cycles de temp\u00e9rature (piscine d&rsquo;eau chaude et d&rsquo;eau froide)<br \/>&#8211; Chambre d&rsquo;essai de pollution artificielle (brouillard salin)<br \/>&#8211; \u00c9quipement d&rsquo;essai de perforation dans l&rsquo;huile<br \/>&#8211; Unit\u00e9 d&rsquo;essai de performance thermom\u00e9canique (160kN, -45\/+45 \u00b0C)<br \/>&#8211; Instruments de mesure des dimensions, du syst\u00e8me de verrouillage et de la galvanisation<\/p>\n\t\t\t\t\t\t\t\t<\/div>\n\t\t\t\t<\/div>\n\t\t\t\t<div class=\"elementor-element elementor-element-a42c91a elementor-icon-list--layout-traditional elementor-list-item-link-full_width elementor-widget elementor-widget-icon-list\" data-id=\"a42c91a\" data-element_type=\"widget\" data-widget_type=\"icon-list.default\">\n\t\t\t\t<div class=\"elementor-widget-container\">\n\t\t\t\t\t\t\t<ul class=\"elementor-icon-list-items\">\n\t\t\t\t\t\t\t<li class=\"elementor-icon-list-item\">\n\t\t\t\t\t\t\t\t\t\t\t<a href=\"#\">\n\n\t\t\t\t\t\t\t\t\t\t\t\t<span class=\"elementor-icon-list-icon\">\n\t\t\t\t\t\t\t<svg aria-hidden=\"true\" class=\"e-font-icon-svg e-far-file-pdf\" viewBox=\"0 0 384 512\" xmlns=\"http:\/\/www.w3.org\/2000\/svg\"><path d=\"M369.9 97.9L286 14C277 5 264.8-.1 252.1-.1H48C21.5 0 0 21.5 0 48v416c0 26.5 21.5 48 48 48h288c26.5 0 48-21.5 48-48V131.9c0-12.7-5.1-25-14.1-34zM332.1 128H256V51.9l76.1 76.1zM48 464V48h160v104c0 13.3 10.7 24 24 24h104v288H48zm250.2-143.7c-12.2-12-47-8.7-64.4-6.5-17.2-10.5-28.7-25-36.8-46.3 3.9-16.1 10.1-40.6 5.4-56-4.2-26.2-37.8-23.6-42.6-5.9-4.4 16.1-.4 38.5 7 67.1-10 23.9-24.9 56-35.4 74.4-20 10.3-47 26.2-51 46.2-3.3 15.8 26 55.2 76.1-31.2 22.4-7.4 46.8-16.5 68.4-20.1 18.9 10.2 41 17 55.8 17 25.5 0 28-28.2 17.5-38.7zm-198.1 77.8c5.1-13.7 24.5-29.5 30.4-35-19 30.3-30.4 35.7-30.4 35zm81.6-190.6c7.4 0 6.7 32.1 1.8 40.8-4.4-13.9-4.3-40.8-1.8-40.8zm-24.4 136.6c9.7-16.9 18-37 24.7-54.7 8.3 15.1 18.9 27.2 30.1 35.5-20.8 4.3-38.9 13.1-54.8 19.2zm131.6-5s-5 6-37.3-7.8c35.1-2.6 40.9 5.4 37.3 7.8z\"><\/path><\/svg>\t\t\t\t\t\t<\/span>\n\t\t\t\t\t\t\t\t\t\t<span class=\"elementor-icon-list-text\">Proc\u00e9dure d'\u00e9valuation des plaintes<\/span>\n\t\t\t\t\t\t\t\t\t\t\t<\/a>\n\t\t\t\t\t\t\t\t\t<\/li>\n\t\t\t\t\t\t\t\t<li class=\"elementor-icon-list-item\">\n\t\t\t\t\t\t\t\t\t\t\t<a href=\"#\">\n\n\t\t\t\t\t\t\t\t\t\t\t\t<span class=\"elementor-icon-list-icon\">\n\t\t\t\t\t\t\t<svg aria-hidden=\"true\" class=\"e-font-icon-svg e-far-file-pdf\" viewBox=\"0 0 384 512\" xmlns=\"http:\/\/www.w3.org\/2000\/svg\"><path d=\"M369.9 97.9L286 14C277 5 264.8-.1 252.1-.1H48C21.5 0 0 21.5 0 48v416c0 26.5 21.5 48 48 48h288c26.5 0 48-21.5 48-48V131.9c0-12.7-5.1-25-14.1-34zM332.1 128H256V51.9l76.1 76.1zM48 464V48h160v104c0 13.3 10.7 24 24 24h104v288H48zm250.2-143.7c-12.2-12-47-8.7-64.4-6.5-17.2-10.5-28.7-25-36.8-46.3 3.9-16.1 10.1-40.6 5.4-56-4.2-26.2-37.8-23.6-42.6-5.9-4.4 16.1-.4 38.5 7 67.1-10 23.9-24.9 56-35.4 74.4-20 10.3-47 26.2-51 46.2-3.3 15.8 26 55.2 76.1-31.2 22.4-7.4 46.8-16.5 68.4-20.1 18.9 10.2 41 17 55.8 17 25.5 0 28-28.2 17.5-38.7zm-198.1 77.8c5.1-13.7 24.5-29.5 30.4-35-19 30.3-30.4 35.7-30.4 35zm81.6-190.6c7.4 0 6.7 32.1 1.8 40.8-4.4-13.9-4.3-40.8-1.8-40.8zm-24.4 136.6c9.7-16.9 18-37 24.7-54.7 8.3 15.1 18.9 27.2 30.1 35.5-20.8 4.3-38.9 13.1-54.8 19.2zm131.6-5s-5 6-37.3-7.8c35.1-2.6 40.9 5.4 37.3 7.8z\"><\/path><\/svg>\t\t\t\t\t\t<\/span>\n\t\t\t\t\t\t\t\t\t\t<span class=\"elementor-icon-list-text\"> Formulaire d'\u00e9valuation des plaintes<\/span>\n\t\t\t\t\t\t\t\t\t\t\t<\/a>\n\t\t\t\t\t\t\t\t\t<\/li>\n\t\t\t\t\t\t<\/ul>\n\t\t\t\t\t\t<\/div>\n\t\t\t\t<\/div>\n\t\t\t\t\t<\/div>\n\t\t<\/div>\n\t\t\t\t\t<\/div>\n\t\t<\/section>\n\t\t\t\t<div class=\"elementor-element elementor-element-c33b84b elementor-widget elementor-widget-spacer\" data-id=\"c33b84b\" data-element_type=\"widget\" data-widget_type=\"spacer.default\">\n\t\t\t\t<div class=\"elementor-widget-container\">\n\t\t\t\t\t\t\t<div class=\"elementor-spacer\">\n\t\t\t<div class=\"elementor-spacer-inner\"><\/div>\n\t\t<\/div>\n\t\t\t\t\t\t<\/div>\n\t\t\t\t<\/div>\n\t\t\t\t\t<\/div>\n\t\t<\/div>\n\t\t\t\t\t<\/div>\n\t\t<\/section>\n\t\t\t\t<\/div>\n\t\t","protected":false},"excerpt":{"rendered":"<p>Nous passons avec succ\u00e8s les tests les plus difficiles pour des produits de la plus haute qualit\u00e9 &#8230; Le laboratoire d&rsquo;essais de haute tension d&rsquo;Ankara Seramik A.\u015e., qui a obtenu le certificat d&rsquo;accr\u00e9ditation TS EN ISO\/IEC 17025 en 2011, effectue les essais suivants dans le cadre de l&rsquo;accr\u00e9ditation. &#8211; Essai<\/p>\n","protected":false},"author":1,"featured_media":0,"parent":0,"menu_order":0,"comment_status":"closed","ping_status":"closed","template":"","meta":{"footnotes":""},"class_list":["post-9489","page","type-page","status-publish","hentry"],"_links":{"self":[{"href":"https:\/\/ankaraseramik.com\/fr\/wp-json\/wp\/v2\/pages\/9489","targetHints":{"allow":["GET"]}}],"collection":[{"href":"https:\/\/ankaraseramik.com\/fr\/wp-json\/wp\/v2\/pages"}],"about":[{"href":"https:\/\/ankaraseramik.com\/fr\/wp-json\/wp\/v2\/types\/page"}],"author":[{"embeddable":true,"href":"https:\/\/ankaraseramik.com\/fr\/wp-json\/wp\/v2\/users\/1"}],"replies":[{"embeddable":true,"href":"https:\/\/ankaraseramik.com\/fr\/wp-json\/wp\/v2\/comments?post=9489"}],"version-history":[{"count":0,"href":"https:\/\/ankaraseramik.com\/fr\/wp-json\/wp\/v2\/pages\/9489\/revisions"}],"wp:attachment":[{"href":"https:\/\/ankaraseramik.com\/fr\/wp-json\/wp\/v2\/media?parent=9489"}],"curies":[{"name":"wp","href":"https:\/\/api.w.org\/{rel}","templated":true}]}}